{"id":23417,"date":"2025-11-24T13:35:51","date_gmt":"2025-11-24T13:35:51","guid":{"rendered":"https:\/\/difrenos.com\/?post_type=product&#038;p=23417"},"modified":"2025-11-24T13:40:28","modified_gmt":"2025-11-24T13:40:28","slug":"maxxis-cubierta-de-mtb-minion-dhf-exo-tr-60-tpi-tubeless-29-x-2-50","status":"publish","type":"product","link":"https:\/\/difrenos.com\/index.php\/producto\/maxxis-cubierta-de-mtb-minion-dhf-exo-tr-60-tpi-tubeless-29-x-2-50\/","title":{"rendered":"Maxxis Cubierta de MTB Minion DHF EXO\/TR 60 TPI Tubeless 29\u00b4\u00b4 x 2.50"},"content":{"rendered":"<p>Marca\u00a0 Maxxis<\/p>\n<p>Medida\u00a0 29*2.50<\/p>\n<p><strong><span class=\"font5\">Highlander R02 &#8211; All Mountain \/ E-MTB\u00a0<\/span><\/strong><\/p>\n<ul>\n<li>Desarrollado para terrenos secos y compactos.<\/li>\n<li>Este neum\u00e1tico es una elecci\u00f3n perfecta para terrenos secos y compactos. El dibujo de la banda de rodadura, con un dise\u00f1o \u00f3ptimo, no solo permite conducir en terrenos dif\u00edciles, sino que tambi\u00e9n garantiza la facilidad y la seguridad en ascensos y descensos con bicicletas el\u00e9ctricas de monta\u00f1a.<\/li>\n<li>Construcci\u00f3n DH Supra Max<\/li>\n<li>Carcasa flexible de 127 TPI<\/li>\n<li>Capa de protecci\u00f3n contra pinchazos de alta densidad TEXTRA + de aro a aro<\/li>\n<li>Doble Compuesto EDC Dual Enduro<\/li>\n<li>Aro de aramida plegable reforzado<\/li>\n<li>Tubeless Ready<\/li>\n<\/ul>\n","protected":false},"excerpt":{"rendered":"<p>Marca\u00a0 Maxxis Medida\u00a0 29*2.50 Highlander R02 &#8211; All Mountain \/ E-MTB\u00a0 Desarrollado para terrenos secos y compactos. Este neum\u00e1tico es una elecci\u00f3n perfecta para terrenos secos y compactos. El dibujo de la banda de rodadura, con un dise\u00f1o \u00f3ptimo, no solo permite conducir en terrenos dif\u00edciles, sino que tambi\u00e9n garantiza la facilidad y la seguridad [&hellip;]<\/p>\n","protected":false},"featured_media":23418,"template":"","meta":{"_et_pb_use_builder":"","_et_pb_old_content":"","_et_gb_content_width":""},"product_cat":[292,220,33],"product_tag":[],"_links":{"self":[{"href":"https:\/\/difrenos.com\/index.php\/wp-json\/wp\/v2\/product\/23417"}],"collection":[{"href":"https:\/\/difrenos.com\/index.php\/wp-json\/wp\/v2\/product"}],"about":[{"href":"https:\/\/difrenos.com\/index.php\/wp-json\/wp\/v2\/types\/product"}],"wp:featuredmedia":[{"embeddable":true,"href":"https:\/\/difrenos.com\/index.php\/wp-json\/wp\/v2\/media\/23418"}],"wp:attachment":[{"href":"https:\/\/difrenos.com\/index.php\/wp-json\/wp\/v2\/media?parent=23417"}],"wp:term":[{"taxonomy":"product_cat","embeddable":true,"href":"https:\/\/difrenos.com\/index.php\/wp-json\/wp\/v2\/product_cat?post=23417"},{"taxonomy":"product_tag","embeddable":true,"href":"https:\/\/difrenos.com\/index.php\/wp-json\/wp\/v2\/product_tag?post=23417"}],"curies":[{"name":"wp","href":"https:\/\/api.w.org\/{rel}","templated":true}]}}