{"id":23416,"date":"2025-11-24T13:11:24","date_gmt":"2025-11-24T13:11:24","guid":{"rendered":"https:\/\/difrenos.com\/?post_type=product&#038;p=23416"},"modified":"2025-12-15T10:55:45","modified_gmt":"2025-12-15T10:55:45","slug":"cubierta-mitas-highlander-downhill-supra-max-27-52-45","status":"publish","type":"product","link":"https:\/\/difrenos.com\/index.php\/producto\/cubierta-mitas-highlander-downhill-supra-max-27-52-45\/","title":{"rendered":"Cubierta Mitas Highlander Downhill Supra Max 27.5&#8243;*2.45"},"content":{"rendered":"<div class=\"product-info\">\n<div class=\"product-info__description\" data-cs-override-id=\"product_productinfo_description\"><span class=\"vp-body-m\">El neum\u00e1tico Mitas Highlander est\u00e1 especialmente dise\u00f1ado para proporcionar un rendimiento \u00f3ptimo en terrenos secos y resistentes, adecuados para bicicletas de monta\u00f1a el\u00e9ctrica o muscular.<\/span><\/div>\n<\/div>\n<form class=\"buy-box\">\n<section class=\"buy-box__section buy-box__section--variant-selector\" data-cs-override-id=\"product_variantile_colorselector\">\n<fieldset class=\"variant-selector\" aria-labelledby=\"variant-selector-colour\">\n<div class=\"variant-selector__header\">\n<div class=\"variant-selector-headline variant-selector-headline--size-s\">\n<div class=\"variant-selector-headline__cta\">Categoria: Enduro Extreme<\/div>\n<\/div>\n<\/div>\n<\/fieldset>\n<\/section>\n<section class=\"buy-box__section buy-box__section--variant-selector\" data-cs-override-id=\"product_variantile_sizeselector\">\n<div aria-busy=\"false\">\n<fieldset class=\"variant-selector\" aria-labelledby=\"variant-selector-size\">\n<div class=\"variant-selector__header\">\n<div class=\"variant-selector-headline variant-selector-headline--size-s\">\n<div class=\"variant-selector-headline__text\">\n<div id=\"variant-selector-size\" class=\"variant-selector-headline__label\">\n<p class=\"vp-body-s\">Talla: 62-584 (27.5&#215;2.45)<\/p>\n<p class=\"vp-body-s\">Color\u00a0 Negro<\/p>\n<div data-testid=\"product-summary\">\n<div class=\"ProductSummary_product-summary-quote__IEyoN\">La Cubierta Mitas Textra Highlander 29&#215;2.45 es la elecci\u00f3n perfecta para los amantes del ciclismo de monta\u00f1a. Su dise\u00f1o resistente y agresivo ofrece un agarre excepcional y una tracci\u00f3n inigualable en todo tipo de terrenos. \u00a1Prep\u00e1rate para conquistar cualquier sendero con confianza y estilo!<\/div>\n<\/div>\n<div class=\"Accordion_accordion__AhhYG\">\n<div id=\"pdp-acc-item-description\" class=\"AccordionItem_accordion-item__XWWxG AccordionItem_open__leTPt\" aria-expanded=\"true\" aria-controls=\"accordion-content-pdp-acc-item-description\" data-testid=\"accordion-item_pdp-acc-item-description\">\n<div class=\"AccordionItem_accordion-item-content___5yBg\">\n<div class=\"ProductDetailsDescription_product-description__Sx4Xo\">\n<div class=\"ReadMore_read-more-component__2UrE3\">\n<div class=\"ReadMore_wrapper__usS3y\">\n<div class=\"ReadMore_content__CyLfD\">\n<div class=\"ReadMore_children__lMkly\">\n<div class=\"ProductDetailsDescription_description-body__nWMsZ\">\n<p>La cubierta Mitras Textra Highlander es una combinaci\u00f3n perfecta para la modalidad de Freeride e incluso para descenso en terrenos duros, mayormente secos y complicados las secciones de subida y descenso. El dise\u00f1o \u00f3ptimo de la banda de rodadura permite no solo conducir en terrenos dif\u00edciles, sino tambi\u00e9n garantizar la facilidad y seguridad en las secciones de subida y descenso.<\/p>\n<p>Caracter\u00edsticas:<br \/>\n&#8211; Para la modalidad Freeride y descensos en terrenos duros<br \/>\n&#8211; Facilita y da seguridad en secciones de subida y descenso<\/p>\n<\/div>\n<div class=\"ProductDetailsDescription_sku-reference__w1NR9\"><\/div>\n<\/div>\n<\/div>\n<\/div>\n<\/div>\n<\/div>\n<\/div>\n<\/div>\n<\/div>\n<\/div>\n<\/div>\n<\/div>\n<\/div>\n<\/fieldset>\n<\/div>\n<\/section>\n<\/form>\n","protected":false},"excerpt":{"rendered":"<p>El neum\u00e1tico Mitas Highlander est\u00e1 especialmente dise\u00f1ado para proporcionar un rendimiento \u00f3ptimo en terrenos secos y resistentes, adecuados para bicicletas de monta\u00f1a el\u00e9ctrica o muscular. Categoria: Enduro Extreme Talla: 62-584 (27.5&#215;2.45) Color\u00a0 Negro La Cubierta Mitas Textra Highlander 29&#215;2.45 es la elecci\u00f3n perfecta para los amantes del ciclismo de monta\u00f1a. Su dise\u00f1o resistente y agresivo [&hellip;]<\/p>\n","protected":false},"featured_media":23430,"template":"","meta":{"_et_pb_use_builder":"","_et_pb_old_content":"","_et_gb_content_width":""},"product_cat":[292,220,33],"product_tag":[],"_links":{"self":[{"href":"https:\/\/difrenos.com\/index.php\/wp-json\/wp\/v2\/product\/23416"}],"collection":[{"href":"https:\/\/difrenos.com\/index.php\/wp-json\/wp\/v2\/product"}],"about":[{"href":"https:\/\/difrenos.com\/index.php\/wp-json\/wp\/v2\/types\/product"}],"wp:featuredmedia":[{"embeddable":true,"href":"https:\/\/difrenos.com\/index.php\/wp-json\/wp\/v2\/media\/23430"}],"wp:attachment":[{"href":"https:\/\/difrenos.com\/index.php\/wp-json\/wp\/v2\/media?parent=23416"}],"wp:term":[{"taxonomy":"product_cat","embeddable":true,"href":"https:\/\/difrenos.com\/index.php\/wp-json\/wp\/v2\/product_cat?post=23416"},{"taxonomy":"product_tag","embeddable":true,"href":"https:\/\/difrenos.com\/index.php\/wp-json\/wp\/v2\/product_tag?post=23416"}],"curies":[{"name":"wp","href":"https:\/\/api.w.org\/{rel}","templated":true}]}}