{"id":23267,"date":"2025-11-07T13:29:21","date_gmt":"2025-11-07T13:29:21","guid":{"rendered":"https:\/\/difrenos.com\/?post_type=product&#038;p=23267"},"modified":"2025-11-18T11:43:04","modified_gmt":"2025-11-18T11:43:04","slug":"pantalon-hebo-tech-montesa-classic-negro","status":"publish","type":"product","link":"https:\/\/difrenos.com\/index.php\/producto\/pantalon-hebo-tech-montesa-classic-negro\/","title":{"rendered":"Pantal\u00f3n Hebo Montesa Tech Classic"},"content":{"rendered":"<div class=\"product_header_container clearfix\">\n<h1 class=\"h1 page-title\">Pantal\u00f3n Hebo TECH MONTESA CLASSIC Negro<\/h1>\n<div class=\"product-prices\">\n<div class=\"product-reference\"><label class=\"label\">Referencia<\/label> HE3188NL Talla L<\/div>\n<div class=\"has-discount\">\n<div class=\"product-price-container\">Marca: HEBO<\/div>\n<div class=\"product-manufacturer product-manufacturer-next float-right\"><\/div>\n<\/div>\n<\/div>\n<\/div>\n<div class=\"product-information\">\n<div id=\"product-description-short-4567\" class=\"rte-content\">\n<p>Pantal\u00f3n t\u00e9cnico de trial HEBO TECH oficial MONTESA en color negro, referencia HE3188, de la nueva colecci\u00f3n de HEBO. Se trata de un concepto de pantal\u00f3n completamente redise\u00f1ado y mejorado en t\u00e9rminos de ligereza, elasticidad y prestaciones. Es el pantal\u00f3n elegido por equipos oficiales como los de Montesa y GASGAS. Cuenta con bolsillos, rodilleras homologadas extra\u00edbles, zonas el\u00e1sticas y microperforaci\u00f3n para un perfecto ajuste y ventilaci\u00f3n.<\/p>\n<p>&nbsp;<\/p>\n<\/div>\n<\/div>\n","protected":false},"excerpt":{"rendered":"<p>Talla L<\/p>\n","protected":false},"featured_media":23272,"template":"","meta":{"_et_pb_use_builder":"","_et_pb_old_content":"","_et_gb_content_width":""},"product_cat":[33,711,129,149,202],"product_tag":[105,345,302],"_links":{"self":[{"href":"https:\/\/difrenos.com\/index.php\/wp-json\/wp\/v2\/product\/23267"}],"collection":[{"href":"https:\/\/difrenos.com\/index.php\/wp-json\/wp\/v2\/product"}],"about":[{"href":"https:\/\/difrenos.com\/index.php\/wp-json\/wp\/v2\/types\/product"}],"wp:featuredmedia":[{"embeddable":true,"href":"https:\/\/difrenos.com\/index.php\/wp-json\/wp\/v2\/media\/23272"}],"wp:attachment":[{"href":"https:\/\/difrenos.com\/index.php\/wp-json\/wp\/v2\/media?parent=23267"}],"wp:term":[{"taxonomy":"product_cat","embeddable":true,"href":"https:\/\/difrenos.com\/index.php\/wp-json\/wp\/v2\/product_cat?post=23267"},{"taxonomy":"product_tag","embeddable":true,"href":"https:\/\/difrenos.com\/index.php\/wp-json\/wp\/v2\/product_tag?post=23267"}],"curies":[{"name":"wp","href":"https:\/\/api.w.org\/{rel}","templated":true}]}}