{"id":23262,"date":"2025-11-07T11:57:54","date_gmt":"2025-11-07T11:57:54","guid":{"rendered":"https:\/\/difrenos.com\/?post_type=product&#038;p=23262"},"modified":"2025-11-07T13:34:50","modified_gmt":"2025-11-07T13:34:50","slug":"camiseta-hebo-repsol-montesa-tech-team-trial","status":"publish","type":"product","link":"https:\/\/difrenos.com\/index.php\/producto\/camiseta-hebo-repsol-montesa-tech-team-trial\/","title":{"rendered":"Camiseta Hebo Repsol Montesa Tech Team Trial"},"content":{"rendered":"<h1 id=\"product_heading\" class=\"h2 mb-0 d-inline\">Camiseta Repsol Montesa Tech Team Trial Hebo<\/h1>\n<div id=\"product_details\" class=\"mt-2\">\n<p id=\"brand_info\" class=\"mt-0 mb-0\">Marca: HEBO<\/p>\n<p class=\"text-muted mb-0 border-left ml-2 pl-2\"><small>Referencia:\u00a0<span class=\"product-detail-sku\">HE2168LT\u00a0 \u00a0<\/span><\/small><\/p>\n<h2 class=\"h5\">Descripci\u00f3n<\/h2>\n<p class=\"description\" data-copy-html=\"true\" data-copy-html-size=\"md\" data-html-target=\"#description_location_mobile\">Camiseta Repsol Montesa Tech Team Trial Hebo 2025. Camiseta oficial Montesa. Est\u00e1 fabricada en poli\u00e9ster de \u00faltima generaci\u00f3n con hilos de microfibra y multifilamento que garantizan una suavidad y comodidad excepcional, tejido en interior de mangas y espalda microperforado. En el exterior del brazo tiene un tratamiento anti-pilling (frising) y anti snag-ging (enganche). Pieza ligera de solo 180 gramos con un corte regular. Tejidos muy transpirables con acabado de protecci\u00f3n UPF+50. Pu\u00f1os Licra. Acabado Essence. Logos de alta calidad 3D rubber transfer. Estampaci\u00f3n por sublimaci\u00f3n. Nueva colecci\u00f3n 2025.<\/p>\n<\/div>\n","protected":false},"excerpt":{"rendered":"<p>DISPONIBLE\u00a0 TALLA L<\/p>\n","protected":false},"featured_media":23263,"template":"","meta":{"_et_pb_use_builder":"","_et_pb_old_content":"","_et_gb_content_width":""},"product_cat":[33,711,708],"product_tag":[],"_links":{"self":[{"href":"https:\/\/difrenos.com\/index.php\/wp-json\/wp\/v2\/product\/23262"}],"collection":[{"href":"https:\/\/difrenos.com\/index.php\/wp-json\/wp\/v2\/product"}],"about":[{"href":"https:\/\/difrenos.com\/index.php\/wp-json\/wp\/v2\/types\/product"}],"wp:featuredmedia":[{"embeddable":true,"href":"https:\/\/difrenos.com\/index.php\/wp-json\/wp\/v2\/media\/23263"}],"wp:attachment":[{"href":"https:\/\/difrenos.com\/index.php\/wp-json\/wp\/v2\/media?parent=23262"}],"wp:term":[{"taxonomy":"product_cat","embeddable":true,"href":"https:\/\/difrenos.com\/index.php\/wp-json\/wp\/v2\/product_cat?post=23262"},{"taxonomy":"product_tag","embeddable":true,"href":"https:\/\/difrenos.com\/index.php\/wp-json\/wp\/v2\/product_tag?post=23262"}],"curies":[{"name":"wp","href":"https:\/\/api.w.org\/{rel}","templated":true}]}}