{"id":23179,"date":"2025-10-28T11:18:40","date_gmt":"2025-10-28T11:18:40","guid":{"rendered":"https:\/\/difrenos.com\/?post_type=product&#038;p=23179"},"modified":"2025-10-28T11:21:07","modified_gmt":"2025-10-28T11:21:07","slug":"23179","status":"publish","type":"product","link":"https:\/\/difrenos.com\/index.php\/producto\/23179\/","title":{"rendered":"Bosch Cable de alimentaci\u00f3n Motor Ebike"},"content":{"rendered":"<h2 class=\"title-page\">Descripci\u00f3n:<\/h2>\n<h2 class=\"title-page\">Bosch Cable de alimentaci\u00f3n<\/h2>\n<h2 class=\"title-page\">REF.1270020330 EU<\/h2>\n<p>&nbsp;<\/p>\n<div id=\"js-detalle-descripcion\" class=\"flex__column txt-base\">\n<div class=\"cantidad-wrapper \">\n<div class=\"form-login fit-content\">\n<div id=\"translate-descripcion\" class=\"-focus js-focus tallas-wrapper mostrar_tallas\">\n<div class=\"form-input-dropdown__wrapper mostrar_tallas\">\n<div class=\"input-dropdown__txt mostrar_tallas\">\n<p class=\"txt-base valor_input mostrar_tallas\" data-name=\"translate-descripcion\" data-value=\"\">Marca: Bosch.<\/p>\n<\/div>\n<\/div>\n<\/div>\n<\/div>\n<\/div>\n<div id=\"js-description\" class=\"txt-base descripcion-length\">\nCategor\u00eda: Componentes para Bicicletas El\u00e9ctricas.Subcategor\u00eda: Repuestos de Bater\u00eda.<\/p>\n<p>Pa\u00eds de origen: DE.<\/p>\n<p>ESPECIFICACIONES:<\/p>\n<p>-Cable de Alimentaci\u00f3n para Cargador UE.<\/p>\n<\/div>\n<\/div>\n","protected":false},"excerpt":{"rendered":"<p>Descripci\u00f3n: Bosch Cable de alimentaci\u00f3n REF.1270020330 EU &nbsp; Marca: Bosch. Categor\u00eda: Componentes para Bicicletas El\u00e9ctricas.Subcategor\u00eda: Repuestos de Bater\u00eda. Pa\u00eds de origen: DE. ESPECIFICACIONES: -Cable de Alimentaci\u00f3n para Cargador UE.<\/p>\n","protected":false},"featured_media":23180,"template":"","meta":{"_et_pb_use_builder":"","_et_pb_old_content":"","_et_gb_content_width":""},"product_cat":[628,616,170],"product_tag":[],"_links":{"self":[{"href":"https:\/\/difrenos.com\/index.php\/wp-json\/wp\/v2\/product\/23179"}],"collection":[{"href":"https:\/\/difrenos.com\/index.php\/wp-json\/wp\/v2\/product"}],"about":[{"href":"https:\/\/difrenos.com\/index.php\/wp-json\/wp\/v2\/types\/product"}],"wp:featuredmedia":[{"embeddable":true,"href":"https:\/\/difrenos.com\/index.php\/wp-json\/wp\/v2\/media\/23180"}],"wp:attachment":[{"href":"https:\/\/difrenos.com\/index.php\/wp-json\/wp\/v2\/media?parent=23179"}],"wp:term":[{"taxonomy":"product_cat","embeddable":true,"href":"https:\/\/difrenos.com\/index.php\/wp-json\/wp\/v2\/product_cat?post=23179"},{"taxonomy":"product_tag","embeddable":true,"href":"https:\/\/difrenos.com\/index.php\/wp-json\/wp\/v2\/product_tag?post=23179"}],"curies":[{"name":"wp","href":"https:\/\/api.w.org\/{rel}","templated":true}]}}