{"id":23050,"date":"2025-10-17T10:27:48","date_gmt":"2025-10-17T10:27:48","guid":{"rendered":"https:\/\/difrenos.com\/?post_type=product&#038;p=23050"},"modified":"2026-03-20T11:54:36","modified_gmt":"2026-03-20T11:54:36","slug":"bomba-de-embrague-magura-0120580","status":"publish","type":"product","link":"https:\/\/difrenos.com\/index.php\/producto\/bomba-de-embrague-magura-0120580\/","title":{"rendered":"BOMBA DE EMBRAGUE MAGURA (0120580)"},"content":{"rendered":"<p>Maneta de embrague hidr\u00e1ulica, cilindro de aluminio de una pieza con dep\u00f3sito, palanca de aleaci\u00f3n forjada, punto de presi\u00f3n y alcance ajustables, f\u00e1cil de fijar con abrazadera, cilindro y pivote de la palanca protegidos contra elementos extra\u00f1os con tapa de goma. Compatible con l\u00edquido de frenos. \u2022 Di\u00e1metro del pist\u00f3n: 9,5 mm \u2022 Fuerza m\u00e1xima del cable: 13,5 mm \u2022 Relaci\u00f3n de la palanca: 1:4,6 \u2022 Conexi\u00f3n de tubo: M10x1 \u2022 Palanca larga \u2022 Sin palanca de descompresi\u00f3n. Cilindro maestro de embrague: 163,4 cni\/tp<\/p>\n","protected":false},"excerpt":{"rendered":"<p>Maneta de embrague hidr\u00e1ulica, cilindro de aluminio de una pieza con dep\u00f3sito, palanca de aleaci\u00f3n forjada, punto de presi\u00f3n y alcance ajustables, f\u00e1cil de fijar con abrazadera, cilindro y pivote de la palanca protegidos contra elementos extra\u00f1os con tapa de goma. Compatible con l\u00edquido de frenos. \u2022 Di\u00e1metro del pist\u00f3n: 9,5 mm \u2022 Fuerza m\u00e1xima [&hellip;]<\/p>\n","protected":false},"featured_media":23051,"template":"","meta":{"_et_pb_use_builder":"","_et_pb_old_content":"","_et_gb_content_width":""},"product_cat":[763,170],"product_tag":[],"_links":{"self":[{"href":"https:\/\/difrenos.com\/index.php\/wp-json\/wp\/v2\/product\/23050"}],"collection":[{"href":"https:\/\/difrenos.com\/index.php\/wp-json\/wp\/v2\/product"}],"about":[{"href":"https:\/\/difrenos.com\/index.php\/wp-json\/wp\/v2\/types\/product"}],"wp:featuredmedia":[{"embeddable":true,"href":"https:\/\/difrenos.com\/index.php\/wp-json\/wp\/v2\/media\/23051"}],"wp:attachment":[{"href":"https:\/\/difrenos.com\/index.php\/wp-json\/wp\/v2\/media?parent=23050"}],"wp:term":[{"taxonomy":"product_cat","embeddable":true,"href":"https:\/\/difrenos.com\/index.php\/wp-json\/wp\/v2\/product_cat?post=23050"},{"taxonomy":"product_tag","embeddable":true,"href":"https:\/\/difrenos.com\/index.php\/wp-json\/wp\/v2\/product_tag?post=23050"}],"curies":[{"name":"wp","href":"https:\/\/api.w.org\/{rel}","templated":true}]}}