{"id":22319,"date":"2025-09-23T13:13:26","date_gmt":"2025-09-23T13:13:26","guid":{"rendered":"https:\/\/difrenos.com\/?post_type=product&#038;p=22319"},"modified":"2026-04-23T12:46:49","modified_gmt":"2026-04-23T12:46:49","slug":"peugeot-metropolis-400-active","status":"publish","type":"product","link":"https:\/\/difrenos.com\/index.php\/producto\/peugeot-metropolis-400-active\/","title":{"rendered":"Peugeot Metropolis 400 Active 2025"},"content":{"rendered":"<p>SE PUEDE CONDUCIR CON CARNET B<\/p>\n<div class=\"focus__main\">\n<div class=\"container\">\n<div class=\"valign\">\n<div class=\"valign__middle \">\n<div class=\"focus__title ui-toggle__handler \">COMODIDAD Y PRACTICIDAD<\/div>\n<div class=\"focus__excerpt\">\n<p><strong>Conducci\u00f3n \u00e1gil y c\u00f3moda.\u00a0<\/strong>Conectar tus necesidades de comodidad con nuestra experiencia en materia de tecnolog\u00edas autom\u00f3viles punteras nos ha permitido concebir el 3-ruedas m\u00e1s avanzado y ergon\u00f3mico del mercado. Tecnolog\u00eda Smart Key, parabrisas y respaldo ajustables, maletero tapizado y suelo plano ofrecen un confort y facilidad de uso \u00fanicos para cada uno de tus trayectos.<\/p>\n<\/div>\n<\/div>\n<\/div>\n<\/div>\n<\/div>\n<div class=\"focus__more ui-toggle__content\">\n<div class=\"container\">\n<div class=\"g-row\">\n<div class=\"g-col g-col--1_2\">\n<div class=\"article\">\n<div class=\"article__title\"><b>Arranque manos libres con Smart Key<\/b><\/div>\n<div class=\"article__text\">\n<p>No pierdas ni un solo segundo buscando las llaves de tu 400CC antes de saltar a la carretea gracias a la detecci\u00f3n autom\u00e1tica de tu Smart Key en un radio de 1m50 alrededor de tu veh\u00edculo.<\/p>\n<p><strong>Control de apertura<\/strong><\/p>\n<p>El Smart Key permite controlar la apertura electr\u00f3nica del asiento y del maletero.<\/p>\n<\/div>\n<\/div>\n<\/div>\n<div class=\"g-col g-col--1_2\">\n<div class=\"article\">\n<p>&nbsp;<\/p>\n<div class=\"article__title\"><b>Suelo plano<\/b><\/div>\n<div class=\"article__text\">\n<p>Inst\u00e1late al mando en un abrir y cerrar de ojos gracias al suelo plano que no obliga a levantar la pierna para acomodarse al veh\u00edculo y ofrece adem\u00e1s un espacio ideal para transportar tu maleta.<\/p>\n<\/div>\n<\/div>\n<\/div>\n<\/div>\n<div class=\"g-row\">\n<div class=\"g-col g-col--1_2\">\n<div class=\"article\">\n<p>&nbsp;<\/p>\n<div class=\"article__title\"><b>Maletero y moqueta interior de protecci\u00f3n<\/b><\/div>\n<div class=\"article__text\">\n<p>Guarda tu casco integral dentro del maletero trasero de tu scooter et aprovecha el 2\u00ba alojamiento situado debajo del sill\u00edn y forrado con una moqueta de protecci\u00f3n para garantizar el cuidado de tus efectos personales durante el transporte.<\/p>\n<\/div>\n<\/div>\n<\/div>\n<div class=\"g-col g-col--1_2\">\n<div class=\"article\">\n<p><b>Parabrisas ajustable sin herramientas<\/b><\/p>\n<div class=\"article__text\">\n<p>Circula en total seguridad sin preocuparte de las condiciones climatol\u00f3gicas con el parabrisas ajustable que se adaptar\u00e1 a tu morfolog\u00eda sin necesidad de herramientas.<\/p>\n<\/div>\n<\/div>\n<\/div>\n<\/div>\n<div class=\"g-row\">\n<div class=\"g-col g-col--1_2\">\n<div class=\"article\">\n<p>&nbsp;<\/p>\n<div class=\"article__title\"><b>Respaldo piloto ajustable para un confort \u00f3ptimo<\/b><\/div>\n<div class=\"article__text\">\n<p>Felino y potente, Peugeot Metropolis 3-ruedas tambi\u00e9n tiene en cuenta tus exigencias en materia de confort con su respaldo piloto que se ajusta a todas las tallas para una conducci\u00f3n a medida.<\/p>\n<\/div>\n<\/div>\n<\/div>\n<\/div>\n<\/div>\n<\/div>\n<section class=\"ui-toggles ui-toggles--product\">\n<article id=\"technicals\" class=\"technicals ui-scroll--target ui-scroll--seen\">\n<div class=\"focus__main\">\n<div class=\"valign\">\n<div class=\"valign__middle\">\n<div class=\"focus__title\">Caracter\u00edsticas t\u00e9cnicas:<\/div>\n<\/div>\n<\/div>\n<div class=\"accessory-menu\">\n<div class=\"ui-tab ui-tab--active\">\n<ul class=\"columns\">\n<li><span class=\"label\">Norma :\u00a0<\/span><span class=\"value\">Euro 5<\/span><\/li>\n<li><span class=\"label\">Homologaci\u00f3n :\u00a0<\/span><span class=\"value\">L5e-A<\/span><\/li>\n<li><span class=\"label\">Motorizaci\u00f3n :\u00a0<\/span><span class=\"value\">Powermotion 400<\/span><\/li>\n<li><span class=\"label\">Tipo :\u00a0<\/span><span class=\"value\">Monocil\u00edndrico 4 Tiempos<\/span><\/li>\n<li><span class=\"label\">Cilindrada (cc) :\u00a0<\/span><span class=\"value\">400<\/span><\/li>\n<li><span class=\"label\">Alimentaci\u00f3n :\u00a0<\/span><span class=\"value\">Inyecci\u00f3n electr\u00f3nica<\/span><\/li>\n<li><span class=\"label\">Carrera (mm x mm) :\u00a0<\/span><span class=\"value\">84&#215;72<\/span><\/li>\n<li><span class=\"label\">Refrigeraci\u00f3n :\u00a0<\/span><span class=\"value\">L\u00edquida<\/span><\/li>\n<li><span class=\"label\">Potencia max (kW) :\u00a0<\/span><span class=\"value\">26.2<\/span><\/li>\n<li><span class=\"label\">Potencia max (cv) :\u00a0<\/span><span class=\"value\">35.632<\/span><\/li>\n<li><span class=\"label\">Potencia max (rpm) :\u00a0<\/span><span class=\"value\">7250<\/span><\/li>\n<li><span class=\"label\">Par max (Nm) :\u00a0<\/span><span class=\"value\">38.1<\/span><\/li>\n<li><span class=\"label\">Par max (rpm) :\u00a0<\/span><span class=\"value\">5750<\/span><\/li>\n<li><span class=\"label\">Vmax :\u00a0<\/span><span class=\"value\">135<\/span><\/li>\n<li><span class=\"label\">Consumo (L) :\u00a0<\/span><span class=\"value\">3.9<\/span><\/li>\n<li><span class=\"label\">Emisiones CO2 (g\/km) :\u00a0<\/span><span class=\"value\">89<\/span><\/li>\n<li><span class=\"label\">Emisiones ac\u00fasticas :\u00a0<\/span><span class=\"value\">80<\/span><\/li>\n<li><span class=\"label\">Distribuci\u00f3n :\u00a0<\/span><span class=\"value\">SOHC 4 v\u00e1lvulas<\/span><\/li>\n<li><span class=\"label\">Lubricaci\u00f3n :\u00a0<\/span><span class=\"value\">Bomba de aceite<\/span><\/li>\n<li><span class=\"label\">Embrague :\u00a0<\/span><span class=\"value\">CVT<\/span><\/li>\n<li><span class=\"label\">Arranque :\u00a0<\/span><span class=\"value\">Motor el\u00e9ctrico<\/span><\/li>\n<li><span class=\"label\">Transmisi\u00f3n :\u00a0<\/span><span class=\"value\">CVT<\/span><\/li>\n<li><span class=\"label\">Autonom\u00eda (km) :\u00a0<\/span><span class=\"value\">300<\/span><\/li>\n<li><span class=\"label\">Dep\u00f3sito de gasolina (L) :\u00a0<\/span><span class=\"value\">13<\/span><\/li>\n<\/ul>\n<\/div>\n<\/div>\n<\/div>\n<\/article>\n<\/section>\n<section id=\"configurator\" class=\"product-configurator product-configurator--advanced ui-scroll--target ui-scroll--seen\" data-controller=\"configurator('',true)\">\n<div class=\"container\"><\/div>\n<\/section>\n<p>&nbsp;<\/p>\n","protected":false},"excerpt":{"rendered":"<p>PODEMOS COGER MOTO A CAMBIO<\/p>\n<p>4 A\u00d1OS DE GARANTIA<\/p>\n","protected":false},"featured_media":24006,"template":"","meta":{"_et_pb_use_builder":"","_et_pb_old_content":"","_et_gb_content_width":""},"product_cat":[226,129,151],"product_tag":[600,454],"_links":{"self":[{"href":"https:\/\/difrenos.com\/index.php\/wp-json\/wp\/v2\/product\/22319"}],"collection":[{"href":"https:\/\/difrenos.com\/index.php\/wp-json\/wp\/v2\/product"}],"about":[{"href":"https:\/\/difrenos.com\/index.php\/wp-json\/wp\/v2\/types\/product"}],"wp:featuredmedia":[{"embeddable":true,"href":"https:\/\/difrenos.com\/index.php\/wp-json\/wp\/v2\/media\/24006"}],"wp:attachment":[{"href":"https:\/\/difrenos.com\/index.php\/wp-json\/wp\/v2\/media?parent=22319"}],"wp:term":[{"taxonomy":"product_cat","embeddable":true,"href":"https:\/\/difrenos.com\/index.php\/wp-json\/wp\/v2\/product_cat?post=22319"},{"taxonomy":"product_tag","embeddable":true,"href":"https:\/\/difrenos.com\/index.php\/wp-json\/wp\/v2\/product_tag?post=22319"}],"curies":[{"name":"wp","href":"https:\/\/api.w.org\/{rel}","templated":true}]}}