{"id":22249,"date":"2025-09-19T14:16:07","date_gmt":"2025-09-19T14:16:07","guid":{"rendered":"https:\/\/difrenos.com\/?post_type=product&#038;p=22249"},"modified":"2026-04-16T10:27:20","modified_gmt":"2026-04-16T10:27:20","slug":"beta-rr-race-300cc-2t-2026","status":"publish","type":"product","link":"https:\/\/difrenos.com\/index.php\/producto\/beta-rr-race-300cc-2t-2026\/","title":{"rendered":"BETA RR RACE 300cc 2T 2026"},"content":{"rendered":"<div class=\"av-special-heading av-kfi2urpf-01565eee31715f6a4fb6a1193592dd00 av-special-heading-h3 blockquote modern-quote avia-builder-el-15 el_before_av_hr avia-builder-el-first titdesc av-inherit-size av-linked-heading\">\n<h3 class=\"av-special-heading-tag\">RR RACE\u00a0 2T 250\/300 MY 2026<\/h3>\n<\/div>\n<div class=\"hr av-jp5pttej-c0496aba666468601f95304df66dadd1 hr-custom avia-builder-el-16 el_after_av_heading el_before_av_textblock hr-left hr-icon-no\"><\/div>\n<section class=\"av_textblock_section av-jp5l0a8q-698440f60fe91948e51f182ca338c725\">\n<div class=\"avia_textblock\">\n<p class=\"p1\">Las RR Race representan la versi\u00f3n preparada para la competici\u00f3n de los modelos Enduro Beta y se caracterizan por una serie de modificaciones en el motor, las suspensiones, la parte ciclo y el equipamiento, que las hacen ideales para ofrecer lo m\u00e1ximo en las carreras; siempre bajo el lema de la RideAbility.<\/p>\n<p class=\"p1\">Descubramos todas las novedades y las caracter\u00edsticas que distinguen a los modelos My 2026.<\/p>\n<div id=\"read808501020\" class=\"read_div\">\n<p class=\"p1\"><strong>Componentes Racing \u2013 Toda la gama<\/strong><\/p>\n<p class=\"p1\">Se confirma el probado conjunto de la parte ciclo y los componentes especiales de las versiones listas para competici\u00f3n de Beta:<\/p>\n<ul>\n<li class=\"p1\"><strong>Horquilla Kayaba AOS de cartucho cerrado \u00f8 48 mm<\/strong>: la presencia de componentes internos anodizados y los tratamientos aplicados a los materiales permiten reducir al m\u00ednimo la fricci\u00f3n de deslizamiento, mientras que los habituales ajustes de compresi\u00f3n y retorno permiten encontrar siempre la configuraci\u00f3n \u00f3ptima y personalizada.<\/li>\n<li class=\"p1\"><strong>Monoamortiguador Kayaba C46 RCU<\/strong>: el Mono KYB puede considerarse un referente en el \u00e1mbito de la competici\u00f3n por su capacidad de absorci\u00f3n de las irregularidades del terreno, el nivel de tracci\u00f3n transferido al veh\u00edculo y su rendimiento constante incluso en usos especialmente exigentes. La configuraci\u00f3n hidr\u00e1ulica se puede personalizar por completo, regulando los ajustes externos de compresi\u00f3n (tanto a alta como a baja velocidad) y de extensi\u00f3n.<\/li>\n<li class=\"p1\"><strong>Perno de la rueda delantera de extracci\u00f3n r\u00e1pida<\/strong>: este componente, que se reconoce de inmediato por el perno de liberaci\u00f3n r\u00e1pida anodizado en color rojo, es fundamental para ahorrar valiosos segundos a la hora de cambiar un neum\u00e1tico en el transcurso de una carrera.<\/li>\n<li class=\"p1\"><strong>Guardamanos reforzados<\/strong>: los guardamanos se caracterizan por estar estampados en un material bicomponente, que adem\u00e1s de dar un look racing a la moto, son especialmente resistentes al uso offroad m\u00e1s intenso.<\/li>\n<li class=\"p1\"><strong>Estriberas en Ergal<\/strong>: para tener siempre el m\u00e1ximo control y no perder nunca el contacto con la moto, las RR Race est\u00e1n equipadas con las estriberas de competici\u00f3n de Ergal con pasadores de acero intercambiables, m\u00e1s estrechas que en el pasado para facilitar el movimiento del pie, pero mejores en t\u00e9rminos de agarre.<\/li>\n<li class=\"p1\"><strong>Corona con n\u00facleo de aluminio anodizado y dientes de acero by ZF SPROCKETS<\/strong>: altas prestaciones, ligero y robusto; esta es la combinaci\u00f3n perfecta que deber\u00eda tener todo componente racing.<\/li>\n<li class=\"p1\"><strong>Asiento racing espec\u00edfico<\/strong>: con revestimiento antideslizante y bolsillo portadocumentos, para garantizar el m\u00e1ximo agarre, confort y funcionalidad.<\/li>\n<li class=\"p1\"><strong>Gr\u00e1ficos racing<\/strong>: para no pasar nunca desapercibido en el circuito.<\/li>\n<li class=\"p1\"><strong>Palanca de cambio y pedal del freno trasero anodizados en color negro.<\/strong><\/li>\n<li class=\"p1\"><strong>Tap\u00f3n del aceite del cambio, tap\u00f3n del aceite motor y tap\u00f3n del filtro del aceite fabricados en aluminio anodizado de color rojo.<\/strong><\/li>\n<li class=\"p1\"><strong>Tensor de cadena de Ergal rojo.<\/strong><\/li>\n<\/ul>\n<p class=\"p1\">En todos los modelos de 2 tiempos se confirma el uso del mezclador autom\u00e1tico (disponible en el cat\u00e1logo de accesorios Factory parts) para reducir al m\u00e1ximo el peso de la moto.<\/p>\n<p class=\"p1\"><strong>RR Race 2T 250-300<\/strong><\/p>\n<p class=\"p1\">En l\u00ednea con las recientes innovaciones introducidas en la gama XPRO My26, muy apreciadas por aficionados y usuarios expertos, el motor de la nueva RR Race 250 2T se ha redise\u00f1ado completamente, buscando mayor par y suavidad en todo el r\u00e9gimen, para ofrecer una experiencia m\u00e1s agradable y aprovechable en cualquier tipo de recorrido de enduro. Qu\u00e9 ha cambiado espec\u00edficamente:<\/p>\n<ul>\n<li class=\"p1\"><strong>Cig\u00fce\u00f1al y cilindro<\/strong>: ahora comunes con el modelo 300 2T. La carrera se ha reducido (de 72 mm a 69,9 mm), aumentando el di\u00e1metro (de 66 mm a 67,4 mm) para mantener los 250 cent\u00edmetros c\u00fabicos. El cilindro se ha redise\u00f1ado en sus lumbreras y alberga un nuevo pist\u00f3n espec\u00edfico.<\/li>\n<li class=\"p1\"><strong>Nueva culata<\/strong>: completamente redise\u00f1ada en su c\u00e1mara de combusti\u00f3n para crear unas condiciones de funcionamiento ideales con las nuevas geometr\u00edas del propulsor y mantener el uso de doble buj\u00eda.<\/li>\n<\/ul>\n<p class=\"p1\">El uso de la doble buj\u00eda (tanto en la 250 2T como en la 300 2T) aporta numerosos beneficios:<\/p>\n<ul>\n<li class=\"p1\">Da lugar a una mejor distribuci\u00f3n de los puntos de encendido en la c\u00e1mara del cilindro, con la consiguiente reducci\u00f3n del desperdicio de combustible. Esto se traduce en una mayor estabilidad de la carburaci\u00f3n en todos los reg\u00edmenes del motor y un control m\u00e1s preciso de la carga del motor en todas las condiciones de adherencia;<\/li>\n<li class=\"p1\">El rango de uso del propulsor se ha ampliado a\u00fan m\u00e1s, con m\u00e1s par y m\u00e1s potencia disponibles;<\/li>\n<li class=\"p1\">Adem\u00e1s, las dos buj\u00edas se gestionan con un sistema el\u00e9ctrico independiente. Esto significa que, si se quema una de las dos buj\u00edas, el motor sigue funcionando, aunque no sea de la manera m\u00e1s eficiente, lo que permite completar siempre la carrera o la vuelta offroad.<\/li>\n<\/ul>\n<p class=\"p1\">Gracias a estas intervenciones, se ha logrado un notable incremento del par motor y de la linealidad en la entrega de potencia, sin afectar a las prestaciones m\u00e1ximas, pero repercutiendo positivamente tambi\u00e9n en la manejabilidad del veh\u00edculo, gracias a la centralizaci\u00f3n de las masas y a un centro de gravedad m\u00e1s bajo. Adem\u00e1s, la bancada del motor aloja nuevos cojinetes m\u00e1s grandes y robustos. Tambi\u00e9n se ha modificado el cambio, con un alargamiento notable de la segunda marcha:<\/p>\n<ul>\n<li class=\"p1\"><strong>Cambio<\/strong>: esta modificaci\u00f3n proporciona una mayor fluidez en el paso de segunda a tercera, en beneficio del confort de conducci\u00f3n y de la estabilidad del veh\u00edculo al cambiar de marcha y despu\u00e9s del cambio. El resultado es una mejora evidente para el uso de la moto en competici\u00f3n, donde siempre se podr\u00e1 encontrar la relaci\u00f3n perfecta para afrontar cualquier situaci\u00f3n.<\/li>\n<\/ul>\n<p class=\"p1\">Los cojinetes y el cambio tambi\u00e9n son actualizaciones v\u00e1lidas en la RR Race 300 2T.<\/p>\n<div id=\"slidemotocaratteristiche\" class=\"avia-section av-av_section-7d715d510ef1b25e4638617ffccf26cf main_color avia-section-large avia-no-border-styling avia-builder-el-23 el_after_av_section el_before_av_section avia-bg-style-scroll container_wrap fullsize\">\n<div class=\"container av-section-cont-open\">\n<div class=\"template-page content av-content-full alpha units\">\n<div class=\"post-entry post-entry-type-page post-entry-13120\">\n<div class=\"entry-content-wrapper clearfix\">\n<div class=\"av-special-heading av-av_heading-b9440462a7ab56c6e0953c95882ca019 av-special-heading-h3 blockquote modern-quote modern-centered avia-builder-el-24 el_before_av_one_full avia-builder-el-first titletecnici av-inherit-size av-linked-heading\">\n<h3 class=\"av-special-heading-tag\">CARACTER\u00cdSTICAS<\/h3>\n<\/div>\n<div class=\"flex_column av-av_one_full-bc5156a9da08a48add38741e2da5414f av_one_full avia-builder-el-25 el_after_av_heading avia-builder-el-last first flex_column_div \">\n<div class=\"avia-content-slider-element-container av-mf41iljt-f7e7d997f25ed7c302bde1ac2244cbe0 avia-content-slider-element-slider avia-content-slider avia-smallarrow-slider avia-content-slider-active avia-content-slider-even avia-builder-el-26 el_before_av_content_slider avia-builder-el-first slidecaratteristiche av-medium-hide av-small-hide av-mini-hide av-slideshow-ui av-control-default av-nav-arrows-visible av-nav-dots-visible av-no-slider-navigation av-slideshow-autoplay av-loop-endless av-loop-manual-endless av_inherit_color avia-content-slider1\" data-slideshow-options=\"{&quot;animation&quot;:&quot;slide&quot;,&quot;autoplay&quot;:true,&quot;loop_autoplay&quot;:&quot;endless&quot;,&quot;interval&quot;:5,&quot;loop_manual&quot;:&quot;manual-endless&quot;,&quot;autoplay_stopper&quot;:false,&quot;noNavigation&quot;:false,&quot;bg_slider&quot;:false,&quot;keep_padding&quot;:&quot;&quot;,&quot;hoverpause&quot;:false,&quot;show_slide_delay&quot;:30}\">\n<div class=\"avia-smallarrow-slider-heading no-content-slider-heading \">\n<div class=\"new-special-heading\"><\/div>\n<\/div>\n<div class=\"avia-content-slider-inner\">\n<div class=\"slide-entry-wrap next-active-slide active-slide\">\n<section class=\"slide-entry av-av_content_slide-96b33837664ad42ab1b3efa5a62b1ef7 flex_column av_one_half post-entry slide-entry-overview slide-loop-1 slide-parity-odd first\">\n<div class=\"slide-entry-excerpt entry-content\">\n<div class=\"imgslidecaratteristiche\"><img loading=\"lazy\" class=\"alignnone wp-image-214904 size-full\" src=\"https:\/\/www.betamotor.com\/wp-content\/uploads\/2025\/09\/dettaglio-13-rr-race.png\" sizes=\"(max-width: 1198px) 100vw, 1198px\" srcset=\"https:\/\/www.betamotor.com\/wp-content\/uploads\/2025\/09\/dettaglio-13-rr-race.png 1198w, https:\/\/www.betamotor.com\/wp-content\/uploads\/2025\/09\/dettaglio-13-rr-race-300x200.png 300w, https:\/\/www.betamotor.com\/wp-content\/uploads\/2025\/09\/dettaglio-13-rr-race-1030x688.png 1030w, https:\/\/www.betamotor.com\/wp-content\/uploads\/2025\/09\/dettaglio-13-rr-race-768x513.png 768w, https:\/\/www.betamotor.com\/wp-content\/uploads\/2025\/09\/dettaglio-13-rr-race-705x471.png 705w\" alt=\"\" width=\"1198\" height=\"800\" \/><\/div>\n<div class=\"slidecaratteristiche\">\n<h3 class=\"p1\">Perno de la rueda delantera de extracci\u00f3n r\u00e1pida<\/h3>\n<p class=\"p1\">Este componente, que se reconoce de inmediato por el perno de liberaci\u00f3n r\u00e1pida anodizado en color rojo, es fundamental para ahorrar valiosos segundos a la hora de cambiar un neum\u00e1tico en el transcurso de una carrera.<\/p>\n<\/div>\n<\/div>\n<\/section>\n<section class=\"slide-entry av-av_content_slide-96b33837664ad42ab1b3efa5a62b1ef7 flex_column av_one_half post-entry slide-entry-overview slide-loop-2 slide-parity-even \">\n<div class=\"slide-entry-excerpt entry-content\">\n<div class=\"imgslidecaratteristiche\"><img loading=\"lazy\" class=\"alignnone size-full wp-image-214887\" src=\"https:\/\/www.betamotor.com\/wp-content\/uploads\/2025\/09\/Details-2-scaled.jpg\" sizes=\"auto, (max-width: 2560px) 100vw, 2560px\" srcset=\"https:\/\/www.betamotor.com\/wp-content\/uploads\/2025\/09\/Details-2-scaled.jpg 2560w, https:\/\/www.betamotor.com\/wp-content\/uploads\/2025\/09\/Details-2-300x200.jpg 300w, https:\/\/www.betamotor.com\/wp-content\/uploads\/2025\/09\/Details-2-1030x687.jpg 1030w, https:\/\/www.betamotor.com\/wp-content\/uploads\/2025\/09\/Details-2-768x513.jpg 768w, https:\/\/www.betamotor.com\/wp-content\/uploads\/2025\/09\/Details-2-1536x1025.jpg 1536w, https:\/\/www.betamotor.com\/wp-content\/uploads\/2025\/09\/Details-2-2048x1367.jpg 2048w, https:\/\/www.betamotor.com\/wp-content\/uploads\/2025\/09\/Details-2-1500x1001.jpg 1500w, https:\/\/www.betamotor.com\/wp-content\/uploads\/2025\/09\/Details-2-705x471.jpg 705w\" alt=\"\" width=\"2560\" height=\"1709\" \/><\/div>\n<div class=\"slidecaratteristiche\">\n<h3 class=\"p1\">Tensor de cadena de Ergal rojo<\/h3>\n<\/div>\n<\/div>\n<\/section>\n<\/div>\n<div class=\"slide-entry-wrap\">\n<section class=\"slide-entry av-av_content_slide-96b33837664ad42ab1b3efa5a62b1ef7 flex_column av_one_half post-entry slide-entry-overview slide-loop-3 slide-parity-odd first\">\n<div class=\"slide-entry-excerpt entry-content\">\n<div class=\"imgslidecaratteristiche\"><img loading=\"lazy\" class=\"alignnone size-full wp-image-214892\" src=\"https:\/\/www.betamotor.com\/wp-content\/uploads\/2025\/09\/Details-4-scaled.jpg\" sizes=\"auto, (max-width: 2560px) 100vw, 2560px\" srcset=\"https:\/\/www.betamotor.com\/wp-content\/uploads\/2025\/09\/Details-4-scaled.jpg 2560w, https:\/\/www.betamotor.com\/wp-content\/uploads\/2025\/09\/Details-4-300x200.jpg 300w, https:\/\/www.betamotor.com\/wp-content\/uploads\/2025\/09\/Details-4-1030x687.jpg 1030w, https:\/\/www.betamotor.com\/wp-content\/uploads\/2025\/09\/Details-4-768x512.jpg 768w, https:\/\/www.betamotor.com\/wp-content\/uploads\/2025\/09\/Details-4-1536x1025.jpg 1536w, https:\/\/www.betamotor.com\/wp-content\/uploads\/2025\/09\/Details-4-2048x1367.jpg 2048w, https:\/\/www.betamotor.com\/wp-content\/uploads\/2025\/09\/Details-4-1500x1001.jpg 1500w, https:\/\/www.betamotor.com\/wp-content\/uploads\/2025\/09\/Details-4-705x470.jpg 705w\" alt=\"\" width=\"2560\" height=\"1708\" \/><\/div>\n<div class=\"slidecaratteristiche\">\n<h3><\/h3>\n<h3 class=\"p1\">Estriberas en Ergal<\/h3>\n<div class=\"imgslidecaratteristiche\">\n<p class=\"p1\">Para tener siempre el m\u00e1ximo control y no perder nunca el contacto con la moto, las RR Race est\u00e1n equipadas con las estriberas de competici\u00f3n de Ergal con pasadores de acero intercambiables, m\u00e1s estrechas que en el pasado para facilitar el movimiento del pie, pero mejores en t\u00e9rminos de agarre.<\/p>\n<\/div>\n<\/div>\n<\/div>\n<\/section>\n<section class=\"slide-entry av-av_content_slide-96b33837664ad42ab1b3efa5a62b1ef7 flex_column av_one_half post-entry slide-entry-overview slide-loop-4 slide-parity-even \">\n<div class=\"slide-entry-excerpt entry-content\">\n<div class=\"imgslidecaratteristiche\"><img loading=\"lazy\" class=\"alignnone wp-image-214955 size-full\" src=\"https:\/\/www.betamotor.com\/wp-content\/uploads\/2025\/09\/Dettagli-pedane.png\" sizes=\"auto, (max-width: 1198px) 100vw, 1198px\" srcset=\"https:\/\/www.betamotor.com\/wp-content\/uploads\/2025\/09\/Dettagli-pedane.png 1198w, https:\/\/www.betamotor.com\/wp-content\/uploads\/2025\/09\/Dettagli-pedane-300x200.png 300w, https:\/\/www.betamotor.com\/wp-content\/uploads\/2025\/09\/Dettagli-pedane-1030x688.png 1030w, https:\/\/www.betamotor.com\/wp-content\/uploads\/2025\/09\/Dettagli-pedane-768x513.png 768w, https:\/\/www.betamotor.com\/wp-content\/uploads\/2025\/09\/Dettagli-pedane-705x471.png 705w\" alt=\"\" width=\"1198\" height=\"800\" \/><\/div>\n<div class=\"slidecaratteristiche\">\n<h3 class=\"p1\"><\/h3>\n<div class=\"imgslidecaratteristiche\">\n<h3 class=\"p1\">Monoamortiguador Kayaba C46 RCU<\/h3>\n<p class=\"p1\">El Mono KYB puede considerarse un referente en el \u00e1mbito de la competici\u00f3n por su capacidad de absorci\u00f3n de las irregularidades del terreno, el nivel de tracci\u00f3n transferido al veh\u00edculo y su rendimiento constante incluso en usos especialmente exigentes. La configuraci\u00f3n hidr\u00e1ulica se puede personalizar por completo, regulando los ajustes externos de compresi\u00f3n (tanto a alta como a baja velocidad) y de extensi\u00f3n.<\/p>\n<\/div>\n<\/div>\n<\/div>\n<\/section>\n<\/div>\n<div class=\"slide-entry-wrap\">\n<section class=\"slide-entry av-av_content_slide-96b33837664ad42ab1b3efa5a62b1ef7 flex_column av_one_half post-entry slide-entry-overview slide-loop-5 slide-parity-odd first\">\n<div class=\"slide-entry-excerpt entry-content\">\n<div class=\"imgslidecaratteristiche\"><img loading=\"lazy\" class=\"alignnone wp-image-214919 size-full\" src=\"https:\/\/www.betamotor.com\/wp-content\/uploads\/2025\/09\/dettaglio-mono-6.png\" sizes=\"auto, (max-width: 1198px) 100vw, 1198px\" srcset=\"https:\/\/www.betamotor.com\/wp-content\/uploads\/2025\/09\/dettaglio-mono-6.png 1198w, https:\/\/www.betamotor.com\/wp-content\/uploads\/2025\/09\/dettaglio-mono-6-300x200.png 300w, https:\/\/www.betamotor.com\/wp-content\/uploads\/2025\/09\/dettaglio-mono-6-1030x688.png 1030w, https:\/\/www.betamotor.com\/wp-content\/uploads\/2025\/09\/dettaglio-mono-6-768x513.png 768w, https:\/\/www.betamotor.com\/wp-content\/uploads\/2025\/09\/dettaglio-mono-6-705x471.png 705w\" alt=\"\" width=\"1198\" height=\"800\" \/><\/div>\n<div class=\"slidecaratteristiche\">\n<h3 class=\"p1\"><\/h3>\n<h3 class=\"p1\">Horquilla Kayaba AOS<\/h3>\n<p class=\"p1\">La presencia de componentes internos anodizados y los tratamientos aplicados a los materiales permiten reducir al m\u00ednimo la fricci\u00f3n de deslizamiento, mientras que los habituales ajustes de compresi\u00f3n y retorno permiten encontrar siempre la configuraci\u00f3n \u00f3ptima y personalizada.<\/p>\n<\/div>\n<\/div>\n<\/section>\n<section class=\"slide-entry av-av_content_slide-96b33837664ad42ab1b3efa5a62b1ef7 flex_column av_one_half post-entry slide-entry-overview slide-loop-6 slide-parity-even \">\n<div class=\"slide-entry-excerpt entry-content\">\n<div class=\"imgslidecaratteristiche\"><img loading=\"lazy\" class=\"alignnone wp-image-214924 size-full\" src=\"https:\/\/www.betamotor.com\/wp-content\/uploads\/2025\/09\/dettaglio-kyb-fork.png\" sizes=\"auto, (max-width: 1198px) 100vw, 1198px\" srcset=\"https:\/\/www.betamotor.com\/wp-content\/uploads\/2025\/09\/dettaglio-kyb-fork.png 1198w, https:\/\/www.betamotor.com\/wp-content\/uploads\/2025\/09\/dettaglio-kyb-fork-300x200.png 300w, https:\/\/www.betamotor.com\/wp-content\/uploads\/2025\/09\/dettaglio-kyb-fork-1030x688.png 1030w, https:\/\/www.betamotor.com\/wp-content\/uploads\/2025\/09\/dettaglio-kyb-fork-768x513.png 768w, https:\/\/www.betamotor.com\/wp-content\/uploads\/2025\/09\/dettaglio-kyb-fork-705x471.png 705w\" alt=\"\" width=\"1198\" height=\"800\" \/><\/div>\n<div class=\"slidecaratteristiche\">\n<h3 class=\"p1\"><\/h3>\n<h3 class=\"p1\">Gr\u00e1ficos racing<\/h3>\n<p class=\"p1\">Para no pasar nunca desapercibido en el circuito.<\/p>\n<\/div>\n<\/div>\n<\/section>\n<\/div>\n<div class=\"slide-entry-wrap\">\n<section class=\"slide-entry av-av_content_slide-96b33837664ad42ab1b3efa5a62b1ef7 flex_column av_one_half post-entry slide-entry-overview slide-loop-7 slide-parity-odd first\">\n<div class=\"slide-entry-excerpt entry-content\">\n<div class=\"imgslidecaratteristiche\"><img loading=\"lazy\" class=\"alignnone wp-image-214929 size-full\" src=\"https:\/\/www.betamotor.com\/wp-content\/uploads\/2025\/09\/Details-16-scaled.jpg\" sizes=\"auto, (max-width: 2560px) 100vw, 2560px\" srcset=\"https:\/\/www.betamotor.com\/wp-content\/uploads\/2025\/09\/Details-16-scaled.jpg 2560w, https:\/\/www.betamotor.com\/wp-content\/uploads\/2025\/09\/Details-16-300x200.jpg 300w, https:\/\/www.betamotor.com\/wp-content\/uploads\/2025\/09\/Details-16-1030x688.jpg 1030w, https:\/\/www.betamotor.com\/wp-content\/uploads\/2025\/09\/Details-16-768x513.jpg 768w, https:\/\/www.betamotor.com\/wp-content\/uploads\/2025\/09\/Details-16-1536x1025.jpg 1536w, https:\/\/www.betamotor.com\/wp-content\/uploads\/2025\/09\/Details-16-2048x1367.jpg 2048w, https:\/\/www.betamotor.com\/wp-content\/uploads\/2025\/09\/Details-16-1500x1001.jpg 1500w, https:\/\/www.betamotor.com\/wp-content\/uploads\/2025\/09\/Details-16-705x471.jpg 705w\" alt=\"\" width=\"2560\" height=\"1709\" \/><\/div>\n<div class=\"slidecaratteristiche\">\n<h3 class=\"p1\"><\/h3>\n<h3><b>Dual spark plugs<\/b><\/h3>\n<p>El sistema de doble buj\u00eda mejora la carburaci\u00f3n, el par y la potencia, reduciendo el consumo de combustible. Adem\u00e1s asegura el funcionamiento del motor incluso si una buj\u00eda falla.<\/p>\n<\/div>\n<\/div>\n<\/section>\n<section class=\"slide-entry av-av_content_slide-96b33837664ad42ab1b3efa5a62b1ef7 flex_column av_one_half post-entry slide-entry-overview slide-loop-8 slide-parity-even \">\n<div class=\"slide-entry-excerpt entry-content\">\n<div class=\"imgslidecaratteristiche\"><img loading=\"lazy\" class=\"alignnone wp-image-214946 size-full\" src=\"https:\/\/www.betamotor.com\/wp-content\/uploads\/2025\/09\/dettaglio-dual-spark-.png\" sizes=\"auto, (max-width: 1198px) 100vw, 1198px\" srcset=\"https:\/\/www.betamotor.com\/wp-content\/uploads\/2025\/09\/dettaglio-dual-spark-.png 1198w, https:\/\/www.betamotor.com\/wp-content\/uploads\/2025\/09\/dettaglio-dual-spark--300x200.png 300w, https:\/\/www.betamotor.com\/wp-content\/uploads\/2025\/09\/dettaglio-dual-spark--1030x688.png 1030w, https:\/\/www.betamotor.com\/wp-content\/uploads\/2025\/09\/dettaglio-dual-spark--768x513.png 768w, https:\/\/www.betamotor.com\/wp-content\/uploads\/2025\/09\/dettaglio-dual-spark--705x471.png 705w\" alt=\"\" width=\"1198\" height=\"800\" \/><\/div>\n<div class=\"slidecaratteristiche\">\n<h3><\/h3>\n<p>&nbsp;<\/p>\n<\/div>\n<\/div>\n<\/section>\n<\/div>\n<div class=\"slide-entry-wrap\">\n<section class=\"slide-entry av-mf41il4o-2426aeabdc4ad82c09eb02b6aeec046b flex_column av_one_half post-entry slide-entry-overview slide-loop-9 slide-parity-odd post-entry-last first\">\n<div class=\"slide-entry-excerpt entry-content\">\n<div class=\"imgslidecaratteristiche\"><img loading=\"lazy\" class=\"alignnone size-full wp-image-214978\" src=\"https:\/\/www.betamotor.com\/wp-content\/uploads\/2025\/09\/Details-11-1-scaled.jpg\" sizes=\"auto, (max-width: 2560px) 100vw, 2560px\" srcset=\"https:\/\/www.betamotor.com\/wp-content\/uploads\/2025\/09\/Details-11-1-scaled.jpg 2560w, https:\/\/www.betamotor.com\/wp-content\/uploads\/2025\/09\/Details-11-1-300x189.jpg 300w, https:\/\/www.betamotor.com\/wp-content\/uploads\/2025\/09\/Details-11-1-1030x649.jpg 1030w, https:\/\/www.betamotor.com\/wp-content\/uploads\/2025\/09\/Details-11-1-768x484.jpg 768w, https:\/\/www.betamotor.com\/wp-content\/uploads\/2025\/09\/Details-11-1-1536x967.jpg 1536w, https:\/\/www.betamotor.com\/wp-content\/uploads\/2025\/09\/Details-11-1-2048x1290.jpg 2048w, https:\/\/www.betamotor.com\/wp-content\/uploads\/2025\/09\/Details-11-1-1500x944.jpg 1500w, https:\/\/www.betamotor.com\/wp-content\/uploads\/2025\/09\/Details-11-1-705x444.jpg 705w\" alt=\"\" width=\"2560\" height=\"1612\" \/><\/div>\n<div class=\"slidecaratteristiche\">\n<h3><\/h3>\n<p class=\"p1\">\n<\/div>\n<\/div>\n<\/section>\n<\/div>\n<\/div>\n<\/div>\n<\/div>\n<\/div>\n<\/div>\n<\/div>\n<\/div>\n<\/div>\n<div id=\"av_section_7\" class=\"avia-section av-jnescpfj-44-7c8b7f09a62a920acb3e6088b54642fb main_color avia-section-small avia-no-border-styling avia-builder-el-37 el_after_av_section el_before_av_tab_section avia-bg-style-scroll container_wrap fullsize\">\n<div class=\"container av-section-cont-open\">\n<div class=\"template-page content av-content-full alpha units\">\n<div class=\"post-entry post-entry-type-page post-entry-13120\">\n<div class=\"entry-content-wrapper clearfix\">\n<div class=\"av-special-heading av-r00kcg-eee707ebadd028ee29211462e4e9b1a9 av-special-heading-h3 blockquote modern-quote modern-centered avia-builder-el-39 el_after_av_hr avia-builder-el-last titletecnici av-inherit-size\"><\/div>\n<\/div>\n<\/div>\n<\/div>\n<\/div>\n<\/div>\n<\/div>\n<\/div>\n<\/section>\n","protected":false},"excerpt":{"rendered":"<p>PODEMOS COGER MOTO A CAMBIO<\/p>\n<p>&nbsp;<\/p>\n","protected":false},"featured_media":22265,"template":"","meta":{"_et_pb_use_builder":"","_et_pb_old_content":"","_et_gb_content_width":""},"product_cat":[219,252,129],"product_tag":[],"_links":{"self":[{"href":"https:\/\/difrenos.com\/index.php\/wp-json\/wp\/v2\/product\/22249"}],"collection":[{"href":"https:\/\/difrenos.com\/index.php\/wp-json\/wp\/v2\/product"}],"about":[{"href":"https:\/\/difrenos.com\/index.php\/wp-json\/wp\/v2\/types\/product"}],"wp:featuredmedia":[{"embeddable":true,"href":"https:\/\/difrenos.com\/index.php\/wp-json\/wp\/v2\/media\/22265"}],"wp:attachment":[{"href":"https:\/\/difrenos.com\/index.php\/wp-json\/wp\/v2\/media?parent=22249"}],"wp:term":[{"taxonomy":"product_cat","embeddable":true,"href":"https:\/\/difrenos.com\/index.php\/wp-json\/wp\/v2\/product_cat?post=22249"},{"taxonomy":"product_tag","embeddable":true,"href":"https:\/\/difrenos.com\/index.php\/wp-json\/wp\/v2\/product_tag?post=22249"}],"curies":[{"name":"wp","href":"https:\/\/api.w.org\/{rel}","templated":true}]}}