{"id":22234,"date":"2025-09-18T12:33:26","date_gmt":"2025-09-18T12:33:26","guid":{"rendered":"https:\/\/difrenos.com\/?post_type=product&#038;p=22234"},"modified":"2025-10-09T13:08:27","modified_gmt":"2025-10-09T13:08:27","slug":"manguitos-ktm-factory-team-arm-warmer-knit","status":"publish","type":"product","link":"https:\/\/difrenos.com\/index.php\/producto\/manguitos-ktm-factory-team-arm-warmer-knit\/","title":{"rendered":"Manguitos Ktm Factory Team Arm Warmer Knit"},"content":{"rendered":"<p>Fabricados en material el\u00e1stico, protegen los m\u00fasculos de tu brazo del fr\u00edo en invierno y del sol en verano. Composici\u00f3n : 90 % Poliamida 10 % Lycra.<\/p>\n<p>ref.\u00a0KTM658580X<\/p>\n<p>&nbsp;<\/p>\n","protected":false},"excerpt":{"rendered":"<p>Fabricados en material el\u00e1stico, protegen los m\u00fasculos de tu brazo del fr\u00edo en invierno y del sol en verano. Composici\u00f3n : 90 % Poliamida 10 % Lycra. ref.\u00a0KTM658580X &nbsp;<\/p>\n","protected":false},"featured_media":22235,"template":"","meta":{"_et_pb_use_builder":"","_et_pb_old_content":"","_et_gb_content_width":""},"product_cat":[292,220,33,225,334],"product_tag":[],"_links":{"self":[{"href":"https:\/\/difrenos.com\/index.php\/wp-json\/wp\/v2\/product\/22234"}],"collection":[{"href":"https:\/\/difrenos.com\/index.php\/wp-json\/wp\/v2\/product"}],"about":[{"href":"https:\/\/difrenos.com\/index.php\/wp-json\/wp\/v2\/types\/product"}],"wp:featuredmedia":[{"embeddable":true,"href":"https:\/\/difrenos.com\/index.php\/wp-json\/wp\/v2\/media\/22235"}],"wp:attachment":[{"href":"https:\/\/difrenos.com\/index.php\/wp-json\/wp\/v2\/media?parent=22234"}],"wp:term":[{"taxonomy":"product_cat","embeddable":true,"href":"https:\/\/difrenos.com\/index.php\/wp-json\/wp\/v2\/product_cat?post=22234"},{"taxonomy":"product_tag","embeddable":true,"href":"https:\/\/difrenos.com\/index.php\/wp-json\/wp\/v2\/product_tag?post=22234"}],"curies":[{"name":"wp","href":"https:\/\/api.w.org\/{rel}","templated":true}]}}