{"id":22130,"date":"2025-09-16T17:14:26","date_gmt":"2025-09-16T17:14:26","guid":{"rendered":"https:\/\/difrenos.com\/?post_type=product&#038;p=22130"},"modified":"2026-03-17T18:57:34","modified_gmt":"2026-03-17T18:57:34","slug":"vertigo-trial-1-2023","status":"publish","type":"product","link":"https:\/\/difrenos.com\/index.php\/producto\/vertigo-trial-1-2023\/","title":{"rendered":"Vertigo Combat trial 300 2021"},"content":{"rendered":"<p>La moto est\u00e1 matriculada , itv en vigor hasta 12\/2026<\/p>\n<p>La moto va perfecta de mec\u00e1nica, la entregamos revisada, est\u00e1 muy cuidada, solo excursiones sin carreras.<\/p>\n<p>Posibilidad de coger moto a cambio.<\/p>\n<p>Disponemos de servicio de transporte.<\/p>\n<p>Gestionamos financiaci\u00f3n a trav\u00e9s de Santander Consumer (sujeta a aprovaci\u00f3n) Por ejemplo financiar 3.500\u20ac a 3 a\u00f1os ser\u00edan 36 cuotas de 118\u20ac.<\/p>\n<p>Gastos gesti\u00f3n de transferencia 180\u20ac.<\/p>\n<p>Cualquier consulta que puedas necesitar contacta por whatsapp al 659968466<\/p>\n","protected":false},"excerpt":{"rendered":"<p>pdoemos coger moto a cambio<\/p>\n","protected":false},"featured_media":22158,"template":"","meta":{"_et_pb_use_builder":"","_et_pb_old_content":"","_et_gb_content_width":""},"product_cat":[129,133,205],"product_tag":[],"_links":{"self":[{"href":"https:\/\/difrenos.com\/index.php\/wp-json\/wp\/v2\/product\/22130"}],"collection":[{"href":"https:\/\/difrenos.com\/index.php\/wp-json\/wp\/v2\/product"}],"about":[{"href":"https:\/\/difrenos.com\/index.php\/wp-json\/wp\/v2\/types\/product"}],"wp:featuredmedia":[{"embeddable":true,"href":"https:\/\/difrenos.com\/index.php\/wp-json\/wp\/v2\/media\/22158"}],"wp:attachment":[{"href":"https:\/\/difrenos.com\/index.php\/wp-json\/wp\/v2\/media?parent=22130"}],"wp:term":[{"taxonomy":"product_cat","embeddable":true,"href":"https:\/\/difrenos.com\/index.php\/wp-json\/wp\/v2\/product_cat?post=22130"},{"taxonomy":"product_tag","embeddable":true,"href":"https:\/\/difrenos.com\/index.php\/wp-json\/wp\/v2\/product_tag?post=22130"}],"curies":[{"name":"wp","href":"https:\/\/api.w.org\/{rel}","templated":true}]}}