{"id":22117,"date":"2025-09-16T11:39:51","date_gmt":"2025-09-16T11:39:51","guid":{"rendered":"https:\/\/difrenos.com\/?post_type=product&#038;p=22117"},"modified":"2025-11-27T09:28:03","modified_gmt":"2025-11-27T09:28:03","slug":"calcetines-acerbis-x-leg-pro-negro-amarillo","status":"publish","type":"product","link":"https:\/\/difrenos.com\/index.php\/producto\/calcetines-acerbis-x-leg-pro-negro-amarillo\/","title":{"rendered":"Calcetines Acerbis X-Leg Pro"},"content":{"rendered":"<p>Referencia: 0021693318069 Talla XXL<\/p>\n<p>Los calcetines son extra largos, para que puedas usar rodilleras encima de los calcetines y as\u00ed evitar las heridas por rozadura.<br \/>\nCon ayuda de silicona en la parte superior de los calcetines, se mantendr\u00e1n bien sujetos en su lugar.<\/p>\n<p>Tambi\u00e9n est\u00e1n reforzados alrededor de la parte del tal\u00f3n y de los dedos para que sean m\u00e1s duraderos. El material ayuda a mantener tus pies secos de la humedad.<\/p>\n<p>Hechos 80% de Poliamida Meryl\u00ae Skinlife, 10% polipropileno Dryarn y 10% elastano Meryl\u00ae Skinlife.<\/p>\n<p>&nbsp;<\/p>\n","protected":false},"excerpt":{"rendered":"<p>Talla XXL<\/p>\n","protected":false},"featured_media":22118,"template":"","meta":{"_et_pb_use_builder":"","_et_pb_old_content":"","_et_gb_content_width":""},"product_cat":[729,33,223,166,176],"product_tag":[445,26],"_links":{"self":[{"href":"https:\/\/difrenos.com\/index.php\/wp-json\/wp\/v2\/product\/22117"}],"collection":[{"href":"https:\/\/difrenos.com\/index.php\/wp-json\/wp\/v2\/product"}],"about":[{"href":"https:\/\/difrenos.com\/index.php\/wp-json\/wp\/v2\/types\/product"}],"wp:featuredmedia":[{"embeddable":true,"href":"https:\/\/difrenos.com\/index.php\/wp-json\/wp\/v2\/media\/22118"}],"wp:attachment":[{"href":"https:\/\/difrenos.com\/index.php\/wp-json\/wp\/v2\/media?parent=22117"}],"wp:term":[{"taxonomy":"product_cat","embeddable":true,"href":"https:\/\/difrenos.com\/index.php\/wp-json\/wp\/v2\/product_cat?post=22117"},{"taxonomy":"product_tag","embeddable":true,"href":"https:\/\/difrenos.com\/index.php\/wp-json\/wp\/v2\/product_tag?post=22117"}],"curies":[{"name":"wp","href":"https:\/\/api.w.org\/{rel}","templated":true}]}}