{"id":21930,"date":"2025-09-09T18:58:30","date_gmt":"2025-09-09T18:58:30","guid":{"rendered":"https:\/\/difrenos.com\/?post_type=product&#038;p=21930"},"modified":"2026-04-24T16:24:18","modified_gmt":"2026-04-24T16:24:18","slug":"tm-450-sm-2017","status":"publish","type":"product","link":"https:\/\/difrenos.com\/index.php\/producto\/tm-450-sm-2017\/","title":{"rendered":"TM 450 SM 2017"},"content":{"rendered":"<p>La moto va muy bien de mec\u00e1nica, moto muy cuidada, poco uso, usada por aficionado.<\/p>\n<p>La entregamos revisada y probada por nuestro taller.<\/p>\n<p>Posibilidad de coger moto a cambio.<\/p>\n<p>Moto de competici\u00f3n, no tiene garant\u00eda, cuando la compres, la puedes probar unas horas y si no te gusta, te devolver\u00edamos el dinero.<\/p>\n<p>Cualquier consulta que puedas necesitar por whatsapp al\u00a0 659968466<\/p>\n","protected":false},"excerpt":{"rendered":"<p>La moto va muy bien de mec\u00e1nica, moto muy cuidada, poco uso, usada por aficionado. La entregamos revisada y probada por nuestro taller. Posibilidad de coger moto a cambio. Moto de competici\u00f3n, no tiene garant\u00eda, cuando la compres, la puedes probar unas horas y si no te gusta, te devolver\u00edamos el dinero. Cualquier consulta que [&hellip;]<\/p>\n","protected":false},"featured_media":21931,"template":"","meta":{"_et_pb_use_builder":"","_et_pb_old_content":"","_et_gb_content_width":""},"product_cat":[129,133,364],"product_tag":[],"_links":{"self":[{"href":"https:\/\/difrenos.com\/index.php\/wp-json\/wp\/v2\/product\/21930"}],"collection":[{"href":"https:\/\/difrenos.com\/index.php\/wp-json\/wp\/v2\/product"}],"about":[{"href":"https:\/\/difrenos.com\/index.php\/wp-json\/wp\/v2\/types\/product"}],"wp:featuredmedia":[{"embeddable":true,"href":"https:\/\/difrenos.com\/index.php\/wp-json\/wp\/v2\/media\/21931"}],"wp:attachment":[{"href":"https:\/\/difrenos.com\/index.php\/wp-json\/wp\/v2\/media?parent=21930"}],"wp:term":[{"taxonomy":"product_cat","embeddable":true,"href":"https:\/\/difrenos.com\/index.php\/wp-json\/wp\/v2\/product_cat?post=21930"},{"taxonomy":"product_tag","embeddable":true,"href":"https:\/\/difrenos.com\/index.php\/wp-json\/wp\/v2\/product_tag?post=21930"}],"curies":[{"name":"wp","href":"https:\/\/api.w.org\/{rel}","templated":true}]}}