{"id":21894,"date":"2025-09-09T09:20:35","date_gmt":"2025-09-09T09:20:35","guid":{"rendered":"https:\/\/difrenos.com\/?post_type=product&#038;p=21894"},"modified":"2026-04-09T08:56:38","modified_gmt":"2026-04-09T08:56:38","slug":"21894","status":"publish","type":"product","link":"https:\/\/difrenos.com\/index.php\/producto\/21894\/","title":{"rendered":"TRRS ONE RR 300cc INYECCION Arranque Electrico 2026"},"content":{"rendered":"<table width=\"600\">\n<tbody>\n<tr>\n<td><strong>TRS Motorcycles renueva su modelo insignia, la ONE RR, un icono del trial, el modelo m\u00e1s vendido de la marca y que representa la esencia de la misma, en esta ocasi\u00f3n, equipada con sistema de inyecci\u00f3n electr\u00f3nica, ingenier\u00eda precisa, tecnolog\u00eda al servicio del control y un desarrollo que consolida la evoluci\u00f3n t\u00e9cnica de la gama y que convivir\u00e1 con la actual versi\u00f3n de carburaci\u00f3n, ofreciendo as\u00ed al usuario la posibilidad de elegir la configuraci\u00f3n que mejor se adapte a sus necesidades.<\/strong><\/p>\n<p>El nuevo modelo incorpora un amplio conjunto de mejoras orientadas a optimizar la precisi\u00f3n de la respuesta del motor, la eficiencia en la entrega de potencia, la fiabilidad y el comportamiento din\u00e1mico de la motocicleta en cualquier situaci\u00f3n.<\/p>\n<p><strong>Versiones disponibles<\/strong>:<\/p>\n<p><strong>\u2022<\/strong><strong>\u2060<\/strong> <strong>\u2060<\/strong><strong>Inyecci\u00f3n arranque el\u00e9ctrico:<\/strong> 300 &#8211; 250 cc<\/p>\n<p><strong>\u2022<\/strong><strong>\u2060<\/strong> <strong>\u2060\u2060<\/strong><strong>Inyecci<\/strong><strong>\u00f3<\/strong><strong>n arranque convencional<\/strong>: 300 &#8211; 250 cc<\/p>\n<p><strong>\u2022<\/strong><strong>\u2060<\/strong> <strong>\u2060\u2060<\/strong><strong>Carburaci<\/strong><strong>\u00f3<\/strong><strong>n arranque el<\/strong><strong>\u00e9<\/strong><strong>ctrico:<\/strong> 300 &#8211; 250 cc<\/p>\n<p><strong>\u2022<\/strong><strong>\u2060<\/strong> <strong>\u2060\u2060<\/strong><strong>Carburaci<\/strong><strong>\u00f3<\/strong><strong>n arranque convencional: <\/strong>300 &#8211; 250 &#8211; 125 cc<\/td>\n<\/tr>\n<\/tbody>\n<\/table>\n","protected":false},"excerpt":{"rendered":"<p>Podemos coger como a cambio<\/p>\n<p>OFERTA PARA MOTO EN STOCK EN TIENDA, 300cc A\/E<\/p>\n<p>RESTO DE CILINDRADAS Y\/O VERSIONES INFORMATE<\/p>\n","protected":false},"featured_media":21895,"template":"","meta":{"_et_pb_use_builder":"","_et_pb_old_content":"","_et_gb_content_width":""},"product_cat":[129,286,207],"product_tag":[],"_links":{"self":[{"href":"https:\/\/difrenos.com\/index.php\/wp-json\/wp\/v2\/product\/21894"}],"collection":[{"href":"https:\/\/difrenos.com\/index.php\/wp-json\/wp\/v2\/product"}],"about":[{"href":"https:\/\/difrenos.com\/index.php\/wp-json\/wp\/v2\/types\/product"}],"wp:featuredmedia":[{"embeddable":true,"href":"https:\/\/difrenos.com\/index.php\/wp-json\/wp\/v2\/media\/21895"}],"wp:attachment":[{"href":"https:\/\/difrenos.com\/index.php\/wp-json\/wp\/v2\/media?parent=21894"}],"wp:term":[{"taxonomy":"product_cat","embeddable":true,"href":"https:\/\/difrenos.com\/index.php\/wp-json\/wp\/v2\/product_cat?post=21894"},{"taxonomy":"product_tag","embeddable":true,"href":"https:\/\/difrenos.com\/index.php\/wp-json\/wp\/v2\/product_tag?post=21894"}],"curies":[{"name":"wp","href":"https:\/\/api.w.org\/{rel}","templated":true}]}}