{"id":21835,"date":"2025-09-05T13:18:57","date_gmt":"2025-09-05T13:18:57","guid":{"rendered":"https:\/\/difrenos.com\/?post_type=product&#038;p=21835"},"modified":"2025-09-05T13:26:59","modified_gmt":"2025-09-05T13:26:59","slug":"montesa-4ride-260-2026-euro-5","status":"publish","type":"product","link":"https:\/\/difrenos.com\/index.php\/producto\/montesa-4ride-260-2026-euro-5\/","title":{"rendered":"MONTESA 4RIDE 260 2026 EURO 5+"},"content":{"rendered":"<p>Montesa 4Ride 2026, proximamente disponible, informate<\/p>\n<p>La 4Ride 2026, el modelo m\u00e1s polivalente de la gama, orientado al trial excursi\u00f3n, da un importante paso adelante en esta nueva versi\u00f3n. Ahora tambi\u00e9n cumple con la normativa Euro5+, como el resto de la gama, gracias a la incorporaci\u00f3n de un nuevo escape y el silencioso de aluminio compartido con las Cota.<\/p>\n<p>Adem\u00e1s, para 2026 se estandariza el caballete lateral del modelo Cota, una mejora en comodidad especialmente valorada por los usuarios de uso recreativo y off-road. Otro cambio significativo es la nueva decoraci\u00f3n en blanco y negro con detalles dorados, que se complementa con unas llantas anodizadas en color oro, aportando un aspecto sofisticado y exclusivo.<\/p>\n<p>Estos cambios convierten a la 4Ride en una opci\u00f3n a\u00fan m\u00e1s completa y vers\u00e1til, ideal tanto para excursiones como para aquellos que buscan iniciarse en el trial con una moto c\u00f3moda, resistente y con el inconfundible car\u00e1cter Montesa.<\/p>\n","protected":false},"excerpt":{"rendered":"<p>PODEMOS COGER MOTO A CAMBIO<\/p>\n","protected":false},"featured_media":21833,"template":"","meta":{"_et_pb_use_builder":"","_et_pb_old_content":"","_et_gb_content_width":""},"product_cat":[275,129],"product_tag":[],"_links":{"self":[{"href":"https:\/\/difrenos.com\/index.php\/wp-json\/wp\/v2\/product\/21835"}],"collection":[{"href":"https:\/\/difrenos.com\/index.php\/wp-json\/wp\/v2\/product"}],"about":[{"href":"https:\/\/difrenos.com\/index.php\/wp-json\/wp\/v2\/types\/product"}],"wp:featuredmedia":[{"embeddable":true,"href":"https:\/\/difrenos.com\/index.php\/wp-json\/wp\/v2\/media\/21833"}],"wp:attachment":[{"href":"https:\/\/difrenos.com\/index.php\/wp-json\/wp\/v2\/media?parent=21835"}],"wp:term":[{"taxonomy":"product_cat","embeddable":true,"href":"https:\/\/difrenos.com\/index.php\/wp-json\/wp\/v2\/product_cat?post=21835"},{"taxonomy":"product_tag","embeddable":true,"href":"https:\/\/difrenos.com\/index.php\/wp-json\/wp\/v2\/product_tag?post=21835"}],"curies":[{"name":"wp","href":"https:\/\/api.w.org\/{rel}","templated":true}]}}