{"id":21834,"date":"2025-09-05T13:12:54","date_gmt":"2025-09-05T13:12:54","guid":{"rendered":"https:\/\/difrenos.com\/?post_type=product&#038;p=21834"},"modified":"2026-04-13T15:24:41","modified_gmt":"2026-04-13T15:24:41","slug":"montesa-cota-4rt-260r-2026-euro-5","status":"publish","type":"product","link":"https:\/\/difrenos.com\/index.php\/producto\/montesa-cota-4rt-260r-2026-euro-5\/","title":{"rendered":"MONTESA COTA 4RT 260R 2026 EURO 5+"},"content":{"rendered":"<p>Montesa Cota 4RT 260R 2026, proximamente disponible, informate<\/p>\n<p>La Cota 4RT 260R, orientada a un uso deportivo m\u00e1s equilibrado, mantiene las especificaciones t\u00e9cnicas del modelo anterior lo que la convierten en un modelo perfecto para un mayor n\u00famero de usuarios, tanto Racing como amateur. Comparte con la 301RR muchos componentes de alta gama, como las suspensiones Showa, el silencioso y el bastidor de aluminio y un dise\u00f1o inspirado en la competici\u00f3n.<\/p>\n<p>Para 2026, presenta una nueva decoraci\u00f3n similar a la 301RR con unos colores fieles al ADN Montesa: rojo, negro y blanco. Esta combinaci\u00f3n refuerza su personalidad racing y elegante al mismo tiempo.<\/p>\n","protected":false},"excerpt":{"rendered":"<p>PODEMOS COGER MOTO A CAMBIO<\/p>\n","protected":false},"featured_media":21832,"template":"","meta":{"_et_pb_use_builder":"","_et_pb_old_content":"","_et_gb_content_width":""},"product_cat":[275,129],"product_tag":[],"_links":{"self":[{"href":"https:\/\/difrenos.com\/index.php\/wp-json\/wp\/v2\/product\/21834"}],"collection":[{"href":"https:\/\/difrenos.com\/index.php\/wp-json\/wp\/v2\/product"}],"about":[{"href":"https:\/\/difrenos.com\/index.php\/wp-json\/wp\/v2\/types\/product"}],"wp:featuredmedia":[{"embeddable":true,"href":"https:\/\/difrenos.com\/index.php\/wp-json\/wp\/v2\/media\/21832"}],"wp:attachment":[{"href":"https:\/\/difrenos.com\/index.php\/wp-json\/wp\/v2\/media?parent=21834"}],"wp:term":[{"taxonomy":"product_cat","embeddable":true,"href":"https:\/\/difrenos.com\/index.php\/wp-json\/wp\/v2\/product_cat?post=21834"},{"taxonomy":"product_tag","embeddable":true,"href":"https:\/\/difrenos.com\/index.php\/wp-json\/wp\/v2\/product_tag?post=21834"}],"curies":[{"name":"wp","href":"https:\/\/api.w.org\/{rel}","templated":true}]}}