{"id":21830,"date":"2025-09-05T13:10:20","date_gmt":"2025-09-05T13:10:20","guid":{"rendered":"https:\/\/difrenos.com\/?post_type=product&#038;p=21830"},"modified":"2026-04-13T15:20:23","modified_gmt":"2026-04-13T15:20:23","slug":"montesa-cota-rr301-2026-euro-5","status":"publish","type":"product","link":"https:\/\/difrenos.com\/index.php\/producto\/montesa-cota-rr301-2026-euro-5\/","title":{"rendered":"MONTESA COTA RR301 2026 EURO 5+"},"content":{"rendered":"<p>Montesa Cota 4RT 301RR 2026 , pr\u00f3ximamente disponible, inf\u00f3rmate<\/p>\n<p>La Cota 4RT 301RR se mantiene como el buque insignia de Montesa. Para este 2026, conserva sus exclusivas especificaciones que la convierten en una de las trialeras m\u00e1s codiciadas. La gran novedad viene de la mano de una decoraci\u00f3n completamente nueva y atrevida en colores turquesa, magenta y blanco, que aporta una est\u00e9tica fresca, moderna y diferenciadora dentro del mundo del trial.<\/p>\n<p>Este modelo sigue ofreciendo un rendimiento de competici\u00f3n gracias a su potente motor de 298cc, heredado de la moto campeona del Mundial de Trial2, as\u00ed como componentes de alta gama: tija de horquilla mecanizada, silencioso y bastidor de aluminio, frenos lobulados de alto rendimiento y protectores de carbono.<\/p>\n","protected":false},"excerpt":{"rendered":"<p>PODEMOS COGER MOTO\u00a0 CAMBIO<\/p>\n","protected":false},"featured_media":23807,"template":"","meta":{"_et_pb_use_builder":"","_et_pb_old_content":"","_et_gb_content_width":""},"product_cat":[275,129],"product_tag":[],"_links":{"self":[{"href":"https:\/\/difrenos.com\/index.php\/wp-json\/wp\/v2\/product\/21830"}],"collection":[{"href":"https:\/\/difrenos.com\/index.php\/wp-json\/wp\/v2\/product"}],"about":[{"href":"https:\/\/difrenos.com\/index.php\/wp-json\/wp\/v2\/types\/product"}],"wp:featuredmedia":[{"embeddable":true,"href":"https:\/\/difrenos.com\/index.php\/wp-json\/wp\/v2\/media\/23807"}],"wp:attachment":[{"href":"https:\/\/difrenos.com\/index.php\/wp-json\/wp\/v2\/media?parent=21830"}],"wp:term":[{"taxonomy":"product_cat","embeddable":true,"href":"https:\/\/difrenos.com\/index.php\/wp-json\/wp\/v2\/product_cat?post=21830"},{"taxonomy":"product_tag","embeddable":true,"href":"https:\/\/difrenos.com\/index.php\/wp-json\/wp\/v2\/product_tag?post=21830"}],"curies":[{"name":"wp","href":"https:\/\/api.w.org\/{rel}","templated":true}]}}