{"id":21754,"date":"2025-09-04T11:27:42","date_gmt":"2025-09-04T11:27:42","guid":{"rendered":"https:\/\/difrenos.com\/?post_type=product&#038;p=21754"},"modified":"2026-03-03T15:32:36","modified_gmt":"2026-03-03T15:32:36","slug":"peugeot-kisbee-s-50cc-2025","status":"publish","type":"product","link":"https:\/\/difrenos.com\/index.php\/producto\/peugeot-kisbee-s-50cc-2025\/","title":{"rendered":"PEUGEOT KISBEE S 50cc 2025"},"content":{"rendered":"<p>El KISBEE S, el scooter de 50cc m\u00e1s vendido en Europa, ilustra perfectamente el compromiso de la marca Kisbee by Peugeot Motocycles con una movilidad urbana fiable, accesible y elegante. Dise\u00f1ado para simplificar tus desplazamientos diarios, representa la excelencia en cuanto a durabilidad y practicidad. Ya sea que busques un compa\u00f1ero para tus trayectos urbanos o un scooter vers\u00e1til y econ\u00f3mico, el KISBEE S ofrece una experiencia de conducci\u00f3n c\u00f3moda y segura, fiel al ADN de la marca.<\/p>\n<div class=\"valign\">\n<div class=\"valign__middle\">\n<div class=\"focus__title\">Caracter\u00edsticas t\u00e9cnicas<\/div>\n<\/div>\n<\/div>\n<div class=\"accessory-menu\">\n<div class=\"tabs ui-tabs\">\n<div class=\"container\"><a class=\"tabs__link ui-tabs__handler tabs__link--technical ui-tabs--active-technical\">Motor<\/a><a class=\"tabs__link ui-tabs__handler tabs__link--technical\">Dimensiones<\/a><a class=\"tabs__link ui-tabs__handler tabs__link--technical\">Ciclo<\/a><a class=\"tabs__link ui-tabs__handler tabs__link--technical\">Equipamiento<\/a><\/div>\n<\/div>\n<div class=\"ui-tab ui-tab--active\">\n<ul class=\"columns\">\n<li><span class=\"label\">Norma :\u00a0<\/span><span class=\"value\">\u20ac5+<\/span><\/li>\n<li><span class=\"label\">Homologaci\u00f3n :\u00a0<\/span><span class=\"value\">L1e-B<\/span><\/li>\n<li><span class=\"label\">Motorizaci\u00f3n :\u00a0<\/span><span class=\"value\">50 4T Aire (45 km\/h)<\/span><\/li>\n<li><span class=\"label\">Tipo :\u00a0<\/span><span class=\"value\">Monocil\u00edndrico 4 Tiempos<\/span><\/li>\n<li><span class=\"label\">Cilindrada (cc) :\u00a0<\/span><span class=\"value\">50<\/span><\/li>\n<li><span class=\"label\">Alimentaci\u00f3n :\u00a0<\/span><span class=\"value\">Inyecci\u00f3n electr\u00f3nica<\/span><\/li>\n<li><span class=\"label\">Carrera (mm x mm) :\u00a0<\/span><span class=\"value\">39&#215;41,4<\/span><\/li>\n<li><span class=\"label\">Refrigeraci\u00f3n :\u00a0<\/span><span class=\"value\">Aire<\/span><\/li>\n<li><span class=\"label\">Potencia max (kW) :\u00a0<\/span><span class=\"value\">2.6<\/span><\/li>\n<li><span class=\"label\">Potencia max (cv) :\u00a0<\/span><span class=\"value\">3.535012<\/span><\/li>\n<li><span class=\"label\">Potencia max (rpm) :\u00a0<\/span><span class=\"value\">7700<\/span><\/li>\n<li><span class=\"label\">Par max (Nm) :\u00a0<\/span><span class=\"value\">3.2<\/span><\/li>\n<li><span class=\"label\">Par max (rpm) :\u00a0<\/span><span class=\"value\">7300<\/span><\/li>\n<li><span class=\"label\">Vmax :\u00a0<\/span><span class=\"value\">45<\/span><\/li>\n<li><span class=\"label\">Consumo (L) :\u00a0<\/span><span class=\"value\">1.75<\/span><\/li>\n<li><span class=\"label\">Emisiones CO2 (g\/km) :\u00a0<\/span><span class=\"value\">41<\/span><\/li>\n<li><span class=\"label\">Emisiones ac\u00fasticas :\u00a0<\/span><span class=\"value\">78<\/span><\/li>\n<li><span class=\"label\">Distribuci\u00f3n :\u00a0<\/span><span class=\"value\">2 v\u00e1lvulas<\/span><\/li>\n<li><span class=\"label\">Lubricaci\u00f3n :\u00a0<\/span><span class=\"value\">Carter h\u00famedo<\/span><\/li>\n<li><span class=\"label\">Embrague :\u00a0<\/span><span class=\"value\">Centr\u00edfuga autom\u00e1tica<\/span><\/li>\n<li><span class=\"label\">Arranque :\u00a0<\/span><span class=\"value\">El\u00e9ctrico &amp; kick<\/span><\/li>\n<li><span class=\"label\">Transmisi\u00f3n :\u00a0<\/span><span class=\"value\">Por correa<\/span><\/li>\n<li><span class=\"label\">Autonom\u00eda (km) :\u00a0<\/span><span class=\"value\">380<\/span><\/li>\n<li><span class=\"label\">Dep\u00f3sito de gasolina (L) :\u00a0<\/span><span class=\"value\">6.3<\/span><\/li>\n<\/ul>\n<\/div>\n<\/div>\n<p>&nbsp;<\/p>\n<p>Financiaci\u00f3n de\u00a0PEUGEOT KISBEE S 50 ACTIVE.\u00a0<strong><u>Precio al\u00a0contado\u00a02.099,00\u00a0\u20ac<\/u>. Entrada 129,18 \u20ac. Plazo 48 meses, 1 cuota de 47,52 \u20ac y 47 cuotas de 49,00 \u20ac. Tipo Deudor 6,99%<u>\u00a0<\/u><\/strong><strong><u>T.A.E. 9,40%<\/u>\u00a0<\/strong><strong>(La T.A.E., as\u00ed como la primera cuota podr\u00e1 variar ligeramente en funci\u00f3n del d\u00eda de la firma del contrato y de la fecha de pago de las cuotas). Comisi\u00f3n de Apertura 3,90 % 76,82 \u20ac Financiado.<\/strong>\u00a0Intereses 303,88 \u20ac,\u00a0<strong>Importe Total del Cr\u00e9dito 2.046,64 \u20ac, Coste Total del Cr\u00e9dito 380,70 \u20ac, Importe Total Adeudado 2.350,52 \u20ac,<u>\u00a0Precio Total a Plazos 2.479,70 \u20ac<\/u>. Siendo el d\u00eda de contrataci\u00f3n 09\/03\/2025 y primer pago el 02\/04\/2025.\u00a0Oferta v\u00e1lida hasta el 31\/10\/25.<\/strong>\u00a0Sistema de amortizaci\u00f3n Franc\u00e9s. Financiaci\u00f3n ofrecida, sujeta a estudio y aprobaci\u00f3n por parte de Santander Consumer Finance, S.A<\/p>\n","protected":false},"excerpt":{"rendered":"<p>Color disponible: Racing Green<\/p>\n","protected":false},"featured_media":21756,"template":"","meta":{"_et_pb_use_builder":"","_et_pb_old_content":"","_et_gb_content_width":""},"product_cat":[214,129,151],"product_tag":[],"_links":{"self":[{"href":"https:\/\/difrenos.com\/index.php\/wp-json\/wp\/v2\/product\/21754"}],"collection":[{"href":"https:\/\/difrenos.com\/index.php\/wp-json\/wp\/v2\/product"}],"about":[{"href":"https:\/\/difrenos.com\/index.php\/wp-json\/wp\/v2\/types\/product"}],"wp:featuredmedia":[{"embeddable":true,"href":"https:\/\/difrenos.com\/index.php\/wp-json\/wp\/v2\/media\/21756"}],"wp:attachment":[{"href":"https:\/\/difrenos.com\/index.php\/wp-json\/wp\/v2\/media?parent=21754"}],"wp:term":[{"taxonomy":"product_cat","embeddable":true,"href":"https:\/\/difrenos.com\/index.php\/wp-json\/wp\/v2\/product_cat?post=21754"},{"taxonomy":"product_tag","embeddable":true,"href":"https:\/\/difrenos.com\/index.php\/wp-json\/wp\/v2\/product_tag?post=21754"}],"curies":[{"name":"wp","href":"https:\/\/api.w.org\/{rel}","templated":true}]}}