{"id":2175,"date":"2022-04-07T05:30:12","date_gmt":"2022-04-07T05:30:12","guid":{"rendered":"https:\/\/onyon365.com\/df2\/?post_type=product&#038;p=2175"},"modified":"2026-03-20T19:53:01","modified_gmt":"2026-03-20T19:53:01","slug":"casco-hebo-face","status":"publish","type":"product","link":"https:\/\/difrenos.com\/index.php\/producto\/casco-hebo-face\/","title":{"rendered":"Casco Hebo Face Integral + Pantalla espejo + pantalla transparente"},"content":{"rendered":"<ul>\n<li>Tiene orificios de ventilaci\u00f3n en la parte superior e inferior de la cabeza.<\/li>\n<li>Viene con una pantalla solar para los paseos en moto en los d\u00edas soleados.<\/li>\n<li>Tiene una visera articulada.<\/li>\n<li>Tejido extra\u00edble y protecci\u00f3n interna.<\/li>\n<li>Dos medidas de calota.<\/li>\n<li>Cierre doble D.<\/li>\n<li>Pantallas desmontables y lavables.<\/li>\n<li>Interior desmontable y lavable.<\/li>\n<li>Spoiler trasero.<\/li>\n<li>Contiene bolsa de transporte.<\/li>\n<\/ul>\n","protected":false},"excerpt":{"rendered":"<p>Tiene orificios de ventilaci\u00f3n en la parte superior e inferior de la cabeza. Viene con una pantalla solar para los paseos en moto en los d\u00edas soleados. Tiene una visera articulada. Tejido extra\u00edble y protecci\u00f3n interna. Dos medidas de calota. Cierre doble D. Pantallas desmontables y lavables. Interior desmontable y lavable. Spoiler trasero. Contiene bolsa [&hellip;]<\/p>\n","protected":false},"featured_media":2176,"template":"","meta":{"_et_pb_use_builder":"","_et_pb_old_content":"","_et_gb_content_width":""},"product_cat":[33,227,43,711,269],"product_tag":[105,486,487,488],"_links":{"self":[{"href":"https:\/\/difrenos.com\/index.php\/wp-json\/wp\/v2\/product\/2175"}],"collection":[{"href":"https:\/\/difrenos.com\/index.php\/wp-json\/wp\/v2\/product"}],"about":[{"href":"https:\/\/difrenos.com\/index.php\/wp-json\/wp\/v2\/types\/product"}],"wp:featuredmedia":[{"embeddable":true,"href":"https:\/\/difrenos.com\/index.php\/wp-json\/wp\/v2\/media\/2176"}],"wp:attachment":[{"href":"https:\/\/difrenos.com\/index.php\/wp-json\/wp\/v2\/media?parent=2175"}],"wp:term":[{"taxonomy":"product_cat","embeddable":true,"href":"https:\/\/difrenos.com\/index.php\/wp-json\/wp\/v2\/product_cat?post=2175"},{"taxonomy":"product_tag","embeddable":true,"href":"https:\/\/difrenos.com\/index.php\/wp-json\/wp\/v2\/product_tag?post=2175"}],"curies":[{"name":"wp","href":"https:\/\/api.w.org\/{rel}","templated":true}]}}