{"id":21662,"date":"2025-09-02T09:39:28","date_gmt":"2025-09-02T09:39:28","guid":{"rendered":"https:\/\/difrenos.com\/?post_type=product&#038;p=21662"},"modified":"2026-03-17T19:01:56","modified_gmt":"2026-03-17T19:01:56","slug":"peugeot-citystar-125-2016","status":"publish","type":"product","link":"https:\/\/difrenos.com\/index.php\/producto\/peugeot-citystar-125-2016\/","title":{"rendered":"PEUGEOT CITYSTAR 125  2016 +Manta termoscud +Antirrobo Manillar Peugeot"},"content":{"rendered":"<p>Scooter Peugeot Citystar 125cc 6\/2016 itv hasta 8\/2026.<\/p>\n<p>TERMOSCUD CITYSTAR Y ANTIRROBO MANILLAR OFICIAL PEUGEOT NUEVO A ESTRENAR\u00a0 \/ POR COMPRA DE ESTA MOTO PVP 239\u20ac\u00a0 OFERTA 100\u20ac<\/p>\n<p>La moto tiene el motor entero nuevo a estrenar, reparaci\u00f3n hecha por nosotros, todo oficial PEUGEOT.<\/p>\n<p>Resto de la moto y cuenta kil\u00f3metros 34.000km.<\/p>\n<p>Gastos gesti\u00f3n de transferencia 180\u20ac.<\/p>\n<p>Cualquier consulta que puedas necesitar contacto con nosotros por whatsapp al 659968466<\/p>\n","protected":false},"excerpt":{"rendered":"<p>Scooter Peugeot Citystar 125cc 6\/2016 itv hasta 8\/2026. TERMOSCUD CITYSTAR Y ANTIRROBO MANILLAR OFICIAL PEUGEOT NUEVO A ESTRENAR\u00a0 \/ POR COMPRA DE ESTA MOTO PVP 239\u20ac\u00a0 OFERTA 100\u20ac La moto tiene el motor entero nuevo a estrenar, reparaci\u00f3n hecha por nosotros, todo oficial PEUGEOT. Resto de la moto y cuenta kil\u00f3metros 34.000km. Gastos gesti\u00f3n de [&hellip;]<\/p>\n","protected":false},"featured_media":21663,"template":"","meta":{"_et_pb_use_builder":"","_et_pb_old_content":"","_et_gb_content_width":""},"product_cat":[129,133,177],"product_tag":[],"_links":{"self":[{"href":"https:\/\/difrenos.com\/index.php\/wp-json\/wp\/v2\/product\/21662"}],"collection":[{"href":"https:\/\/difrenos.com\/index.php\/wp-json\/wp\/v2\/product"}],"about":[{"href":"https:\/\/difrenos.com\/index.php\/wp-json\/wp\/v2\/types\/product"}],"wp:featuredmedia":[{"embeddable":true,"href":"https:\/\/difrenos.com\/index.php\/wp-json\/wp\/v2\/media\/21663"}],"wp:attachment":[{"href":"https:\/\/difrenos.com\/index.php\/wp-json\/wp\/v2\/media?parent=21662"}],"wp:term":[{"taxonomy":"product_cat","embeddable":true,"href":"https:\/\/difrenos.com\/index.php\/wp-json\/wp\/v2\/product_cat?post=21662"},{"taxonomy":"product_tag","embeddable":true,"href":"https:\/\/difrenos.com\/index.php\/wp-json\/wp\/v2\/product_tag?post=21662"}],"curies":[{"name":"wp","href":"https:\/\/api.w.org\/{rel}","templated":true}]}}