{"id":21487,"date":"2025-08-25T15:18:47","date_gmt":"2025-08-25T15:18:47","guid":{"rendered":"https:\/\/difrenos.com\/?post_type=product&#038;p=21487"},"modified":"2026-03-19T14:08:14","modified_gmt":"2026-03-19T14:08:14","slug":"silencioso-remus-husqvarna-norden-901-22105979000c1","status":"publish","type":"product","link":"https:\/\/difrenos.com\/index.php\/producto\/silencioso-remus-husqvarna-norden-901-22105979000c1\/","title":{"rendered":"SILENCIOSO REMUS HUSQVARNA NORDEN 901 (22105979000C1)"},"content":{"rendered":"<p>Realizado en titanio de alta calidad<\/p>\n<p>Logotipo grabado<\/p>\n<p>Sonido deportivo<\/p>\n<p>\u00d3ptima combinaci\u00f3n de ahorro de peso, durabilidad y relaci\u00f3n calidad-precio<\/p>\n<p>Montaje plug &amp; play<\/p>\n<p>No requiere nuevo mapping del motor<\/p>\n","protected":false},"excerpt":{"rendered":"<p>Realizado en titanio de alta calidad Logotipo grabado Sonido deportivo \u00d3ptima combinaci\u00f3n de ahorro de peso, durabilidad y relaci\u00f3n calidad-precio Montaje plug &amp; play No requiere nuevo mapping del motor<\/p>\n","protected":false},"featured_media":21488,"template":"","meta":{"_et_pb_use_builder":"","_et_pb_old_content":"","_et_gb_content_width":""},"product_cat":[761,170],"product_tag":[],"_links":{"self":[{"href":"https:\/\/difrenos.com\/index.php\/wp-json\/wp\/v2\/product\/21487"}],"collection":[{"href":"https:\/\/difrenos.com\/index.php\/wp-json\/wp\/v2\/product"}],"about":[{"href":"https:\/\/difrenos.com\/index.php\/wp-json\/wp\/v2\/types\/product"}],"wp:featuredmedia":[{"embeddable":true,"href":"https:\/\/difrenos.com\/index.php\/wp-json\/wp\/v2\/media\/21488"}],"wp:attachment":[{"href":"https:\/\/difrenos.com\/index.php\/wp-json\/wp\/v2\/media?parent=21487"}],"wp:term":[{"taxonomy":"product_cat","embeddable":true,"href":"https:\/\/difrenos.com\/index.php\/wp-json\/wp\/v2\/product_cat?post=21487"},{"taxonomy":"product_tag","embeddable":true,"href":"https:\/\/difrenos.com\/index.php\/wp-json\/wp\/v2\/product_tag?post=21487"}],"curies":[{"name":"wp","href":"https:\/\/api.w.org\/{rel}","templated":true}]}}