{"id":21375,"date":"2025-07-29T11:19:15","date_gmt":"2025-07-29T11:19:15","guid":{"rendered":"https:\/\/difrenos.com\/?post_type=product&#038;p=21375"},"modified":"2025-07-29T11:23:35","modified_gmt":"2025-07-29T11:23:35","slug":"landyard-azul-original-husqvarna-motorcycles-hqv170098int","status":"publish","type":"product","link":"https:\/\/difrenos.com\/index.php\/producto\/landyard-azul-original-husqvarna-motorcycles-hqv170098int\/","title":{"rendered":"Landyard Azul Original Husqvarna Motorcycles . HQV170098INT"},"content":{"rendered":"<ul>\n<li>Cord\u00f3n con llavero y casquillo met\u00e1lico grabado con el logotipo de (talla unica)<\/li>\n<li>Cord\u00f3n: 100% poliester tejido redondo<\/li>\n<li>Llavero, abrazadera de metal<\/li>\n<li>Color azul<\/li>\n<\/ul>\n<p>ref. HQV170098INT<\/p>\n","protected":false},"excerpt":{"rendered":"<p>Cord\u00f3n con llavero y casquillo met\u00e1lico grabado con el logotipo de (talla unica) Cord\u00f3n: 100% poliester tejido redondo Llavero, abrazadera de metal Color azul ref. HQV170098INT<\/p>\n","protected":false},"featured_media":21377,"template":"","meta":{"_et_pb_use_builder":"","_et_pb_old_content":"","_et_gb_content_width":""},"product_cat":[706,33,701],"product_tag":[],"_links":{"self":[{"href":"https:\/\/difrenos.com\/index.php\/wp-json\/wp\/v2\/product\/21375"}],"collection":[{"href":"https:\/\/difrenos.com\/index.php\/wp-json\/wp\/v2\/product"}],"about":[{"href":"https:\/\/difrenos.com\/index.php\/wp-json\/wp\/v2\/types\/product"}],"wp:featuredmedia":[{"embeddable":true,"href":"https:\/\/difrenos.com\/index.php\/wp-json\/wp\/v2\/media\/21377"}],"wp:attachment":[{"href":"https:\/\/difrenos.com\/index.php\/wp-json\/wp\/v2\/media?parent=21375"}],"wp:term":[{"taxonomy":"product_cat","embeddable":true,"href":"https:\/\/difrenos.com\/index.php\/wp-json\/wp\/v2\/product_cat?post=21375"},{"taxonomy":"product_tag","embeddable":true,"href":"https:\/\/difrenos.com\/index.php\/wp-json\/wp\/v2\/product_tag?post=21375"}],"curies":[{"name":"wp","href":"https:\/\/api.w.org\/{rel}","templated":true}]}}