{"id":21367,"date":"2025-07-29T09:34:29","date_gmt":"2025-07-29T09:34:29","guid":{"rendered":"https:\/\/difrenos.com\/?post_type=product&#038;p=21367"},"modified":"2026-02-22T17:01:08","modified_gmt":"2026-02-22T17:01:08","slug":"husqvarna-svartpilen-125-2024","status":"publish","type":"product","link":"https:\/\/difrenos.com\/index.php\/producto\/husqvarna-svartpilen-125-2024\/","title":{"rendered":"HUSQVARNA SVARTPILEN 125 2024"},"content":{"rendered":"<p>La Svartpilen 125 ofrece dos de los atributos m\u00e1s buscados en el motociclismo: un dise\u00f1o robusto y un rendimiento accesible. Gracias a su posici\u00f3n de pilotaje erguida, su ligera parte ciclo y su fiable motor monocil\u00edndrico, esta moto te sit\u00faa en el centro de la acci\u00f3n. Sus colores oscuros y los gr\u00e1ficos se inspiran en la herencia sueca de la marca para crear un aspecto impresionante y distintivo para esta vers\u00e1til m\u00e1quina.<\/p>\n<p><img src=\"https:\/\/cdn.shopify.com\/s\/files\/1\/0542\/6878\/8907\/files\/PHO_BIKE_DET_Svartpilen-125-2024-benefit-05__SALL__AEPI__V1_480x480.jpg?v=1705483868\" alt=\"\" \/><\/p>\n<p><strong>MONOCIL\u00cdNDRICO<\/strong><\/p>\n<p>La Svartpilen 125 est\u00e1 propulsada por un nuevo monocil\u00edndrico SOHC dise\u00f1ado con menos componentes y m\u00e1s ligero que la generaci\u00f3n anterior. Notablemente compacto, este moderno motor ofrece una mejor distribuci\u00f3n del peso para un comportamiento refinado y produce una potencia suave y controlable.<\/p>\n<p><img src=\"https:\/\/cdn.shopify.com\/s\/files\/1\/0542\/6878\/8907\/files\/PHO_BIKE_DET_Svartpilen-125-2024-frame__SALL__AEPI__V1_480x480.jpg?v=1705483716\" alt=\"\" \/><\/p>\n<p><strong>CHASIS<\/strong><\/p>\n<p>El nuevo chasis multitubular de acero es fundamental para el car\u00e1cter y la agilidad de la Svartpilen 125. Los tubos hidroformados se sueldan limpiamente con robot para crear un chasis que no s\u00f3lo es robusto, sino tambi\u00e9n ligero. Este proceso de ensamblaje proporciona un comportamiento \u00e1gil y una respuesta precisa al piloto. Las caracter\u00edsticas espec\u00edficas de flexi\u00f3n est\u00e1n integradas en el dise\u00f1o del chasis y, junto con las suspensiones WP, la Svartpilen 125 ofrece una c\u00f3moda experiencia de pilotaje.<\/p>\n<p><strong><img src=\"https:\/\/cdn.shopify.com\/s\/files\/1\/0542\/6878\/8907\/files\/PHO_BIKE_DET_Svartpilen-125-2024-exhaust__SALL__AEPI__V1_480x480.jpg?v=1705483768\" alt=\"\" \/><\/strong><\/p>\n<p><strong>ESCAPE<\/strong><\/p>\n<p>Totalmente redise\u00f1ado y cuidadosamente ensamblado, el nuevo sistema de escape cumple la normativa EURO 5+ gracias a su sistema de doble catalizador. Fabricado en acero de alta resistencia, el escape ofrece ahora una considerable reducci\u00f3n de peso de dos kilogramos en comparaci\u00f3n con la generaci\u00f3n anterior. El silenciador se completa con un acabado negro mate de primera calidad para complementar el estilo distintivo de la Svartpilen 125.<\/p>\n<p><img src=\"https:\/\/cdn.shopify.com\/s\/files\/1\/0542\/6878\/8907\/files\/PHO_BIKE_DET_Svartpilen-125-2024-brakes__SALL__AEPI__V1_480x480.jpg?v=1705483807\" alt=\"\" \/><\/p>\n<p><strong>FRENOS<\/strong><\/p>\n<p>La Svartpilen 125 est\u00e1 equipada con pinzas de freno hidr\u00e1ulicas ByBre junto con un disco delantero de 320 mm y un disco trasero de 240 mm. Un sistema ABS Bosch de \u00faltima generaci\u00f3n sensible a las curvas garantiza los m\u00e1s altos niveles de seguridad en condiciones variables e incluye un modo Supermoto que desconecta el ABS en la rueda trasera. Todos los componentes se fabrican seg\u00fan las normas m\u00e1s exigentes para garantizar un rendimiento de frenado controlable y que inspire confianza en todas las situaciones.<\/p>\n<p><img src=\"https:\/\/cdn.shopify.com\/s\/files\/1\/0542\/6878\/8907\/files\/PHO_BIKE_DET_Svartpilen-125-2024-ride-modes__SALL__AEPI__V1_480x480.jpg?v=1705483920\" alt=\"\" \/><\/p>\n<p><strong>MODOS DE PILOTAJE<\/strong><\/p>\n<p>La Svartpilen 125 est\u00e1 equipada con m\u00faltiples ayudas electr\u00f3nicas al piloto para mejorar su facilidad de uso. Los modos de pilotaje ofrecen dos ajustes de potencia: Street y Rain. El modo Street est\u00e1 activado de serie, mientras que el modo Rain puede activarse en condiciones meteorol\u00f3gicas adversas para una respuesta menos agresiva del acelerador. Adem\u00e1s, una funci\u00f3n de limitador de velocidad permite al piloto fijar una velocidad de crucero que no se superar\u00e1 ni siquiera con el acelerador abierto a fondo.<\/p>\n<p><img src=\"https:\/\/cdn.shopify.com\/s\/files\/1\/0542\/6878\/8907\/files\/PHO_BIKE_DET_Svartpilen-125-2024-suspension__SALL__AEPI__V1_480x480.jpg?v=1705483980\" alt=\"\" \/><\/p>\n<p><strong>SUSPENSIONES<\/strong><\/p>\n<p>Las suspensiones WP de la Svartpilen 125 est\u00e1n fabricadas con los m\u00e1s altos niveles de calidad y artesan\u00eda. Delante, la horquilla WP APEX de cartucho abierto tiene un di\u00e1metro de barras de 43 mm para un mejor comportamiento din\u00e1mico y ofrece 150 mm de recorrido. En la parte trasera, el amortiguador ofrece el mismo recorrido, mientras que su dise\u00f1o de muelle progresivo absorbe todo tipo de baches sin problemas. El amortiguador cuenta con precarga ajustable y est\u00e1 conectado directamente al basculante para un mayor tacto de pilotaje.<\/p>\n<p><b><img src=\"https:\/\/cdn.shopify.com\/s\/files\/1\/0542\/6878\/8907\/files\/PHO_BIKE_DET_Svartpilen-125-2024-tft-dashboard__SALL__AEPI__V1_480x480.jpg?v=1705484028\" alt=\"\" \/><\/b><\/p>\n<p><b>PANTALLA TFT<\/b><\/p>\n<p>Una nueva y mejorada instrumentaci\u00f3n TFT de 5&#8243; con pantalla de cristal adherido muestra informaci\u00f3n vital al piloto. La velocidad de marcha, el nivel de gasolina y la marcha seleccionada se muestran claramente y son visibles de un solo vistazo. Se controla mediante los nuevos interruptores retroiluminados situados en el pu\u00f1o izquierdo del manillar.<\/p>\n<p><img src=\"https:\/\/cdn.shopify.com\/s\/files\/1\/0542\/6878\/8907\/files\/PHO_BIKE_DET_Svartpilen-125-2024-connectivity__SALL__AEPI__V1_480x480.jpg?v=1705484078\" alt=\"\" \/><\/p>\n<p><b>CONECTIVIDAD<\/b><\/p>\n<p>Con la Unidad de Conectividad que equipa de serie, la Svartpilen 125 ofrece al piloto diversas funciones para mejorar su experiencia de pilotaje. Con un smartphone conectado mediante Bluetooth, se puede responder a las llamadas entrantes, reproducir m\u00fasica y, utilizando la app Ride Husqvarna Motorcycles, seguir las instrucciones giro a giro de la navegaci\u00f3n en la instrumentaci\u00f3n. El RCM (Modo de Control Remoto) permite al piloto controlar la app con los botones del manillar, adem\u00e1s de ser la base para futuras funciones.<\/p>\n<p><img src=\"https:\/\/cdn.shopify.com\/s\/files\/1\/0542\/6878\/8907\/files\/PHO_BIKE_DET_Svartpilen-125-2024-anti-theft__SALL__AEPI__V1_480x480.jpg?v=1705484126\" alt=\"\" \/><\/p>\n<p><b>ANTIRROBO<\/b><\/p>\n<p>La Svartpilen 125 incorpora de serie un sistema inmovilizador para proporcionar protecci\u00f3n antirrobo.<\/p>\n","protected":false},"excerpt":{"rendered":"<p>PODEMOS COGER MOTO A CAMBIO<\/p>\n<p>SEGURO ANUAL 1\u00ba A\u00d1O GRATUIDO PARA MAYORES DE 25 A\u00d1OS<\/p>\n<p>OFERTA VALIDA HASTA EL 30\/12\/2025 Y\/O FIN DE EXISTENCIAS<\/p>\n","protected":false},"featured_media":21370,"template":"","meta":{"_et_pb_use_builder":"","_et_pb_old_content":"","_et_gb_content_width":""},"product_cat":[324,129],"product_tag":[],"_links":{"self":[{"href":"https:\/\/difrenos.com\/index.php\/wp-json\/wp\/v2\/product\/21367"}],"collection":[{"href":"https:\/\/difrenos.com\/index.php\/wp-json\/wp\/v2\/product"}],"about":[{"href":"https:\/\/difrenos.com\/index.php\/wp-json\/wp\/v2\/types\/product"}],"wp:featuredmedia":[{"embeddable":true,"href":"https:\/\/difrenos.com\/index.php\/wp-json\/wp\/v2\/media\/21370"}],"wp:attachment":[{"href":"https:\/\/difrenos.com\/index.php\/wp-json\/wp\/v2\/media?parent=21367"}],"wp:term":[{"taxonomy":"product_cat","embeddable":true,"href":"https:\/\/difrenos.com\/index.php\/wp-json\/wp\/v2\/product_cat?post=21367"},{"taxonomy":"product_tag","embeddable":true,"href":"https:\/\/difrenos.com\/index.php\/wp-json\/wp\/v2\/product_tag?post=21367"}],"curies":[{"name":"wp","href":"https:\/\/api.w.org\/{rel}","templated":true}]}}