{"id":21221,"date":"2025-07-22T12:22:13","date_gmt":"2025-07-22T12:22:13","guid":{"rendered":"https:\/\/difrenos.com\/?post_type=product&#038;p=21221"},"modified":"2026-04-24T10:50:14","modified_gmt":"2026-04-24T10:50:14","slug":"guantes-verano-vquattro-district-18-lady-negro","status":"publish","type":"product","link":"https:\/\/difrenos.com\/index.php\/producto\/guantes-verano-vquattro-district-18-lady-negro\/","title":{"rendered":"Guantes V-Quattro District Lady"},"content":{"rendered":"<p>Guantes Verano Vquattro District 18.<\/p>\n<div>\n<p>Guantes para mujer. Talla L\/9<\/p>\n<div>Fabricado con elasteno.<\/div>\n<div>Palma de clarino, flexible y transpirable.<\/div>\n<div>Protecciones duras en nudillos.<\/div>\n<div>Forro interior suave de poliester.<\/div>\n<div>Cierre con Velcro.<\/div>\n<div>Con funci\u00f3n t\u00e1ctil en el pulgar y el dedo \u00edndice (phone touch).<\/div>\n<div><\/div>\n<\/div>\n","protected":false},"excerpt":{"rendered":"<p>Talla L<\/p>\n","protected":false},"featured_media":21222,"template":"","meta":{"_et_pb_use_builder":"","_et_pb_old_content":"","_et_gb_content_width":""},"product_cat":[33,230,100],"product_tag":[],"_links":{"self":[{"href":"https:\/\/difrenos.com\/index.php\/wp-json\/wp\/v2\/product\/21221"}],"collection":[{"href":"https:\/\/difrenos.com\/index.php\/wp-json\/wp\/v2\/product"}],"about":[{"href":"https:\/\/difrenos.com\/index.php\/wp-json\/wp\/v2\/types\/product"}],"wp:featuredmedia":[{"embeddable":true,"href":"https:\/\/difrenos.com\/index.php\/wp-json\/wp\/v2\/media\/21222"}],"wp:attachment":[{"href":"https:\/\/difrenos.com\/index.php\/wp-json\/wp\/v2\/media?parent=21221"}],"wp:term":[{"taxonomy":"product_cat","embeddable":true,"href":"https:\/\/difrenos.com\/index.php\/wp-json\/wp\/v2\/product_cat?post=21221"},{"taxonomy":"product_tag","embeddable":true,"href":"https:\/\/difrenos.com\/index.php\/wp-json\/wp\/v2\/product_tag?post=21221"}],"curies":[{"name":"wp","href":"https:\/\/api.w.org\/{rel}","templated":true}]}}