{"id":21211,"date":"2025-07-22T11:49:00","date_gmt":"2025-07-22T11:49:00","guid":{"rendered":"https:\/\/difrenos.com\/?post_type=product&#038;p=21211"},"modified":"2026-02-18T13:59:06","modified_gmt":"2026-02-18T13:59:06","slug":"guantes-seventy-sd-31-lady","status":"publish","type":"product","link":"https:\/\/difrenos.com\/index.php\/producto\/guantes-seventy-sd-31-lady\/","title":{"rendered":"Guantes Seventy Urban Lady"},"content":{"rendered":"<p><strong>Referencia: SD12031066 Talla L<\/strong><\/p>\n<p>Los Seventy Degrees SD-C31 son unos guantes de invierno\u00a0<strong>Dise\u00f1ados para adaptarse perfectamente a la mujer<\/strong>\u00a0resultando unos guantes elegantes y muy confortables.<br \/>\nEst\u00e1n\u00a0<strong>Confeccionados en Stretch fabric y piel de vaca de la mejor calidad.<\/strong><br \/>\nCuentan con una membrana impermeable WinterTex y un\u00a0<strong>forro polar recubierto de Prilation.<\/strong><br \/>\ntienen protectores de nudillos incorporados con un dise\u00f1o ergon\u00f3mico, fabricados en PVC.<br \/>\nLa palma de la manos cuenta con refuerzos e incluye otro protector moldeado en PVC para minimizar la abrasi\u00f3n en caso de ca\u00edda.<br \/>\nLos pu\u00f1os est\u00e1n dise\u00f1ados con un material el\u00e1stico y suave, quedando bien ce\u00f1idos y evitando cualquier entrada de aire.<br \/>\n<strong>El dise\u00f1o precurvado garantiza una \u00f3ptima adaptabilidad.<\/strong><br \/>\nLos dedos incorporan unos protectores blando en la parte superior y fuelles en acorde\u00f3n, ofreciendo una mayor resistencia y movilidad.<br \/>\n<strong>La punta del dedo \u00edndice es compatible con pantallas t\u00e1ctiles.<\/strong><\/p>\n","protected":false},"excerpt":{"rendered":"<p>Talla L<\/p>\n","protected":false},"featured_media":21212,"template":"","meta":{"_et_pb_use_builder":"","_et_pb_old_content":"","_et_gb_content_width":""},"product_cat":[33,230,100],"product_tag":[41,927,670],"_links":{"self":[{"href":"https:\/\/difrenos.com\/index.php\/wp-json\/wp\/v2\/product\/21211"}],"collection":[{"href":"https:\/\/difrenos.com\/index.php\/wp-json\/wp\/v2\/product"}],"about":[{"href":"https:\/\/difrenos.com\/index.php\/wp-json\/wp\/v2\/types\/product"}],"wp:featuredmedia":[{"embeddable":true,"href":"https:\/\/difrenos.com\/index.php\/wp-json\/wp\/v2\/media\/21212"}],"wp:attachment":[{"href":"https:\/\/difrenos.com\/index.php\/wp-json\/wp\/v2\/media?parent=21211"}],"wp:term":[{"taxonomy":"product_cat","embeddable":true,"href":"https:\/\/difrenos.com\/index.php\/wp-json\/wp\/v2\/product_cat?post=21211"},{"taxonomy":"product_tag","embeddable":true,"href":"https:\/\/difrenos.com\/index.php\/wp-json\/wp\/v2\/product_tag?post=21211"}],"curies":[{"name":"wp","href":"https:\/\/api.w.org\/{rel}","templated":true}]}}