{"id":21019,"date":"2025-07-16T09:43:00","date_gmt":"2025-07-16T09:43:00","guid":{"rendered":"https:\/\/difrenos.com\/?post_type=product&#038;p=21019"},"modified":"2025-10-28T11:20:37","modified_gmt":"2025-10-28T11:20:37","slug":"gafas-cgm-vintage-lente-amarilla","status":"publish","type":"product","link":"https:\/\/difrenos.com\/index.php\/producto\/gafas-cgm-vintage-lente-amarilla\/","title":{"rendered":"Gafas Cgm Vintage"},"content":{"rendered":"<p>Referencia 6790107<\/p>\n<p>Coleccion gafas Moto Retro CGM<\/p>\n<p>Caracteristicas:<\/p>\n<p>* Gafas estilo retro, c\u00f3modas y ligeras.<br \/>\n* El acolchado interior est\u00e1 cubierto de piel sint\u00e9tica para el m\u00e1ximo comfort.<br \/>\n* Las lentes son color amarillo.<br \/>\n* Ajustable gracias a la cinta el\u00e1stica.<\/p>\n","protected":false},"excerpt":{"rendered":"<p>Lente amarilla<\/p>\n","protected":false},"featured_media":21020,"template":"","meta":{"_et_pb_use_builder":"","_et_pb_old_content":"","_et_gb_content_width":""},"product_cat":[33,257],"product_tag":[633,881],"_links":{"self":[{"href":"https:\/\/difrenos.com\/index.php\/wp-json\/wp\/v2\/product\/21019"}],"collection":[{"href":"https:\/\/difrenos.com\/index.php\/wp-json\/wp\/v2\/product"}],"about":[{"href":"https:\/\/difrenos.com\/index.php\/wp-json\/wp\/v2\/types\/product"}],"wp:featuredmedia":[{"embeddable":true,"href":"https:\/\/difrenos.com\/index.php\/wp-json\/wp\/v2\/media\/21020"}],"wp:attachment":[{"href":"https:\/\/difrenos.com\/index.php\/wp-json\/wp\/v2\/media?parent=21019"}],"wp:term":[{"taxonomy":"product_cat","embeddable":true,"href":"https:\/\/difrenos.com\/index.php\/wp-json\/wp\/v2\/product_cat?post=21019"},{"taxonomy":"product_tag","embeddable":true,"href":"https:\/\/difrenos.com\/index.php\/wp-json\/wp\/v2\/product_tag?post=21019"}],"curies":[{"name":"wp","href":"https:\/\/api.w.org\/{rel}","templated":true}]}}