{"id":20929,"date":"2025-07-10T12:42:02","date_gmt":"2025-07-10T12:42:02","guid":{"rendered":"https:\/\/difrenos.com\/?post_type=product&#038;p=20929"},"modified":"2026-03-12T11:53:15","modified_gmt":"2026-03-12T11:53:15","slug":"isde-1985-alp-la-cerdanya-30-aniversario","status":"publish","type":"product","link":"https:\/\/difrenos.com\/index.php\/producto\/isde-1985-alp-la-cerdanya-30-aniversario\/","title":{"rendered":"Libro ISDE 1985 ALP-La Cerdanya 30 Aniversario"},"content":{"rendered":"<p>ISDE 1985 es la obra conmemorativa de los Seis D\u00edas Internacionales de Enduro celebrados entre el 30 de septiembre y el 5 de octubre de 1985, en la comarca catalana de La Cerdanya, en Espa\u00f1a. El libro ha sido traducido al ingl\u00e9s y sus p\u00e1ginas has sido dise\u00f1adas de manera que ambos textos, espa\u00f1ol e ingl\u00e9s, est\u00e9n en la misma p\u00e1gina o a lo sumo el texto en ingl\u00e9s en la p\u00e1gina siguiente, para facilitar de esa manera la lectura en cualquiera de los dos idiomas. Cada d\u00eda de carrera cuenta con su propio cap\u00edtulo, acompa\u00f1ado de sus respectivas clasificaciones. ISDE 1985: The book of the enduro lovers. The publication in question is a commemorative book of the thirtieth anniversary of the 1985 edition, which had the locality Alp as the epicenter of the test. It was one of the most beautiful and hard editions that are remembered of the Six Days, with long kilometrajes by espectaculartes places of the Pyrenean mountains of the Catalan region of the Cerdanya. In the sports field, the Frenchman Gilles Lalay on his Honda CR 250 was the absolute winner, although the team victory corresponded the Swedish team in Trophy and East Germany in Vase. The book gives a detailed review of the race, full of completely new details, covering organizational and sports aspects, with a complete list of entries, day-to-day and final classifications. Both the graphic material that compose it, as well as its binding are of great quality. In its 592 pages you can see almost 1,000 photographs and curious objects, with a careful design.<\/p>\n<p>Autor\/ilustrador: Javier Benito<\/p>\n<p>Idioma: Espa\u00f1ol<\/p>\n<p>Tapa dura<\/p>\n","protected":false},"excerpt":{"rendered":"<p>ISDE 1985 es la obra conmemorativa de los Seis D\u00edas Internacionales de Enduro celebrados entre el 30 de septiembre y el 5 de octubre de 1985, en la comarca catalana de La Cerdanya, en Espa\u00f1a. El libro ha sido traducido al ingl\u00e9s y sus p\u00e1ginas has sido dise\u00f1adas de manera que ambos textos, espa\u00f1ol e [&hellip;]<\/p>\n","protected":false},"featured_media":20930,"template":"","meta":{"_et_pb_use_builder":"","_et_pb_old_content":"","_et_gb_content_width":""},"product_cat":[215,33],"product_tag":[445],"_links":{"self":[{"href":"https:\/\/difrenos.com\/index.php\/wp-json\/wp\/v2\/product\/20929"}],"collection":[{"href":"https:\/\/difrenos.com\/index.php\/wp-json\/wp\/v2\/product"}],"about":[{"href":"https:\/\/difrenos.com\/index.php\/wp-json\/wp\/v2\/types\/product"}],"wp:featuredmedia":[{"embeddable":true,"href":"https:\/\/difrenos.com\/index.php\/wp-json\/wp\/v2\/media\/20930"}],"wp:attachment":[{"href":"https:\/\/difrenos.com\/index.php\/wp-json\/wp\/v2\/media?parent=20929"}],"wp:term":[{"taxonomy":"product_cat","embeddable":true,"href":"https:\/\/difrenos.com\/index.php\/wp-json\/wp\/v2\/product_cat?post=20929"},{"taxonomy":"product_tag","embeddable":true,"href":"https:\/\/difrenos.com\/index.php\/wp-json\/wp\/v2\/product_tag?post=20929"}],"curies":[{"name":"wp","href":"https:\/\/api.w.org\/{rel}","templated":true}]}}