{"id":20913,"date":"2025-07-10T09:36:35","date_gmt":"2025-07-10T09:36:35","guid":{"rendered":"https:\/\/difrenos.com\/?post_type=product&#038;p=20913"},"modified":"2026-03-20T10:54:46","modified_gmt":"2026-03-20T10:54:46","slug":"pinlock-70-scorpion-exo-920-exo-3000-lente-transparente-dks139","status":"publish","type":"product","link":"https:\/\/difrenos.com\/index.php\/producto\/pinlock-70-scorpion-exo-920-exo-3000-lente-transparente-dks139\/","title":{"rendered":"Pinlock 70 Scorpion"},"content":{"rendered":"<h1 class=\"h1\">PINLOCK 70 SCORPION EXO-920 EXO-3000 LENTE TRANSPARENTE DKS139<\/h1>\n<p>PINLOCK SCORPION EXO-920 EXO-3000 LENTE TRANSPARENTE DKS139<\/p>\n<p>PIN-LOCK MAX VISION CLEAR PARA LAS PANTALLAS<\/p>\n<p>Adaptable para los modelo<\/p>\n<p>DKS139<\/p>\n<p>SCORPION EXO -920 ABATIBLE MODULAR<br \/>\nSCORPION EXO 3000<\/p>\n<p>El pinlock de Scorpion asegura una visi\u00f3n clara en cualquier condici\u00f3n clim\u00e1tica. Este producto puede ser usado durante todo el a\u00f1o en condiciones de alta humedad tanto en verano, como en invierno. Es f\u00e1cil de adaptar, brinda gran seguridad y confort al motociclista en todo tipo de clima.<br \/>\nInformaci\u00f3n sobre Pinlock:<br \/>\nPinlock es la mejor soluci\u00f3n antiniebla, conforme a muchas pruebas publicadas en revistas internacionales de motociclismo.<\/p>\n<p>Caracter\u00edsticas \u00fanicas de Pinlock:<\/p>\n<p>Pinlock es la primera en el mundo que ofrece una soluci\u00f3n \u00f3ptica antiniebla multiuso para viseras de casco con caracter\u00edsticas \u00fanicas:<br \/>\n1.- Lente de inserci\u00f3n intercambiable<br \/>\n2.- Protecci\u00f3n contra UV del 100%<br \/>\n3.- F\u00e1cil de limpiar y de aplicar<br \/>\n4.- Lente fabricada en material poroso que absorbe la humedad<\/p>\n","protected":false},"excerpt":{"rendered":"<p>PINLOCK 70 SCORPION EXO-920 EXO-3000 LENTE TRANSPARENTE DKS139 PINLOCK SCORPION EXO-920 EXO-3000 LENTE TRANSPARENTE DKS139 PIN-LOCK MAX VISION CLEAR PARA LAS PANTALLAS Adaptable para los modelo DKS139 SCORPION EXO -920 ABATIBLE MODULAR SCORPION EXO 3000 El pinlock de Scorpion asegura una visi\u00f3n clara en cualquier condici\u00f3n clim\u00e1tica. Este producto puede ser usado durante todo el [&hellip;]<\/p>\n","protected":false},"featured_media":20914,"template":"","meta":{"_et_pb_use_builder":"","_et_pb_old_content":"","_et_gb_content_width":""},"product_cat":[215,33,227],"product_tag":[445,178],"_links":{"self":[{"href":"https:\/\/difrenos.com\/index.php\/wp-json\/wp\/v2\/product\/20913"}],"collection":[{"href":"https:\/\/difrenos.com\/index.php\/wp-json\/wp\/v2\/product"}],"about":[{"href":"https:\/\/difrenos.com\/index.php\/wp-json\/wp\/v2\/types\/product"}],"wp:featuredmedia":[{"embeddable":true,"href":"https:\/\/difrenos.com\/index.php\/wp-json\/wp\/v2\/media\/20914"}],"wp:attachment":[{"href":"https:\/\/difrenos.com\/index.php\/wp-json\/wp\/v2\/media?parent=20913"}],"wp:term":[{"taxonomy":"product_cat","embeddable":true,"href":"https:\/\/difrenos.com\/index.php\/wp-json\/wp\/v2\/product_cat?post=20913"},{"taxonomy":"product_tag","embeddable":true,"href":"https:\/\/difrenos.com\/index.php\/wp-json\/wp\/v2\/product_tag?post=20913"}],"curies":[{"name":"wp","href":"https:\/\/api.w.org\/{rel}","templated":true}]}}