{"id":20898,"date":"2025-07-09T13:14:59","date_gmt":"2025-07-09T13:14:59","guid":{"rendered":"https:\/\/difrenos.com\/?post_type=product&#038;p=20898"},"modified":"2026-04-17T17:48:14","modified_gmt":"2026-04-17T17:48:14","slug":"pinlock-original-casco-astone-dks002","status":"publish","type":"product","link":"https:\/\/difrenos.com\/index.php\/producto\/pinlock-original-casco-astone-dks002\/","title":{"rendered":"Pinlock Astone DKS002"},"content":{"rendered":"<p>REF. DKS002 TRANSPARENTE<\/p>\n<p>ES|| Pinlock\u00ae es ampliamente reconocido por los profesionales de la industria y los consumidores por sus lentes anti-niebla de excelente rendimiento.<\/p>\n<p>Pinlock\u00ae ofrece una soluci\u00f3n \u00f3ptima contra el empa\u00f1amiento de la pantalla que se produce debido a la respiraci\u00f3n y a la diferencia de temperatura interna y externa del casco.<\/p>\n<p>Las lentes anti-vaho Pinlock\u00ae 70 son la soluci\u00f3n premium:<\/p>\n<p>Tecnolog\u00eda hidr\u00f3fila seca.<\/p>\n<p>Sistema de doble pantalla creado a partir de una junta de silicona.<\/p>\n<p>F\u00e1cil de instalar e intercambiable con otras lentes Pinlock\u00ae.<\/p>\n","protected":false},"excerpt":{"rendered":"<p>REF. DKS002 TRANSPARENTE ES|| Pinlock\u00ae es ampliamente reconocido por los profesionales de la industria y los consumidores por sus lentes anti-niebla de excelente rendimiento. Pinlock\u00ae ofrece una soluci\u00f3n \u00f3ptima contra el empa\u00f1amiento de la pantalla que se produce debido a la respiraci\u00f3n y a la diferencia de temperatura interna y externa del casco. Las lentes [&hellip;]<\/p>\n","protected":false},"featured_media":20899,"template":"","meta":{"_et_pb_use_builder":"","_et_pb_old_content":"","_et_gb_content_width":""},"product_cat":[215,33,227],"product_tag":[445,606,344],"_links":{"self":[{"href":"https:\/\/difrenos.com\/index.php\/wp-json\/wp\/v2\/product\/20898"}],"collection":[{"href":"https:\/\/difrenos.com\/index.php\/wp-json\/wp\/v2\/product"}],"about":[{"href":"https:\/\/difrenos.com\/index.php\/wp-json\/wp\/v2\/types\/product"}],"wp:featuredmedia":[{"embeddable":true,"href":"https:\/\/difrenos.com\/index.php\/wp-json\/wp\/v2\/media\/20899"}],"wp:attachment":[{"href":"https:\/\/difrenos.com\/index.php\/wp-json\/wp\/v2\/media?parent=20898"}],"wp:term":[{"taxonomy":"product_cat","embeddable":true,"href":"https:\/\/difrenos.com\/index.php\/wp-json\/wp\/v2\/product_cat?post=20898"},{"taxonomy":"product_tag","embeddable":true,"href":"https:\/\/difrenos.com\/index.php\/wp-json\/wp\/v2\/product_tag?post=20898"}],"curies":[{"name":"wp","href":"https:\/\/api.w.org\/{rel}","templated":true}]}}