{"id":20886,"date":"2025-07-08T16:13:21","date_gmt":"2025-07-08T16:13:21","guid":{"rendered":"https:\/\/difrenos.com\/?post_type=product&#038;p=20886"},"modified":"2026-04-13T15:18:08","modified_gmt":"2026-04-13T15:18:08","slug":"beta-xtrainer-300-2026","status":"publish","type":"product","link":"https:\/\/difrenos.com\/index.php\/producto\/beta-xtrainer-300-2026\/","title":{"rendered":"BETA XTRAINER 300 2026"},"content":{"rendered":"<header id=\"mfn-header-template\" class=\"mfn-header-tmpl mfn-header-main mfn-header-tmpl-fixed\" data-id=\"181\" data-mobile-type=\"\" data-type=\"fixed\">\n<div class=\"mfn-builder-content mfn-header-tmpl-builder\" data-id=\"181\">\n<section class=\"section mcb-section mfn-default-section mcb-section-w7659l5wb mcb-header-section close-button-left show-on-scroll\">\n<div class=\"section_wrapper mfn-wrapper-for-wraps mcb-section-inner mcb-section-inner-w7659l5wb\">\n<div class=\"wrap mcb-wrap mcb-wrap-tf7fjlzq mcb-header-wrap one tablet-one laptop-one mobile-one vb-item clearfix\" data-desktop-col=\"one\" data-laptop-col=\"laptop-one\" data-tablet-col=\"tablet-one\" data-mobile-col=\"mobile-one\">\n<div class=\"mcb-wrap-inner mcb-wrap-inner-tf7fjlzq mfn-module-wrapper mfn-wrapper-for-wraps\">\n<div class=\"column mcb-column mcb-item-26shmfsw one laptop-one tablet-one mobile-one column_header_menu mfn-item-inline hide-tablet hide-mobile vb-item\">\n<div class=\"mcb-column-inner mfn-module-wrapper mcb-column-inner-26shmfsw mcb-item-header_menu-inner\">\n<header id=\"mfn-header-template\" class=\"mfn-header-tmpl mfn-header-main mfn-header-tmpl-fixed\" data-id=\"181\" data-mobile-type=\"\" data-type=\"fixed\">\n<div class=\"mfn-builder-content mfn-header-tmpl-builder\" data-id=\"181\">\n<section class=\"section mcb-section mfn-default-section mcb-section-w7659l5wb mcb-header-section close-button-left show-on-scroll\">\n<div class=\"section_wrapper mfn-wrapper-for-wraps mcb-section-inner mcb-section-inner-w7659l5wb\">\n<div class=\"wrap mcb-wrap mcb-wrap-tf7fjlzq mcb-header-wrap one tablet-one laptop-one mobile-one vb-item clearfix\" data-desktop-col=\"one\" data-laptop-col=\"laptop-one\" data-tablet-col=\"tablet-one\" data-mobile-col=\"mobile-one\">\n<div class=\"mcb-wrap-inner mcb-wrap-inner-tf7fjlzq mfn-module-wrapper mfn-wrapper-for-wraps\">\n<div class=\"column mcb-column mcb-item-26shmfsw one laptop-one tablet-one mobile-one column_header_menu mfn-item-inline hide-tablet hide-mobile vb-item\">\n<div class=\"mcb-column-inner mfn-module-wrapper mcb-column-inner-26shmfsw mcb-item-header_menu-inner\">\n<p>modelo 2026 AGOTADO<\/p>\n<p>en Junio 2026 ya disponible el nuevo modelo 2027<\/p>\n<p><strong style=\"color: #333333; font-size: 26px;\">Nueva Xtrainer MY 2026: \u00a1\u00a1m\u00e1s eXTRaordinaria que nunca!!<\/strong><\/p>\n<\/div>\n<\/div>\n<\/div>\n<\/div>\n<\/div>\n<\/section>\n<\/div>\n<\/header>\n<div id=\"Content\">\n<div class=\"content_wrapper clearfix\">\n<article id=\"post-34631\" class=\"no-title share-simple post-34631 post type-post status-publish format-standard has-post-thumbnail hentry category-enduro tag-xtrainer tag-xtrainer-my2026\">\n<div class=\"post-wrapper-content\">\n<section class=\"section mcb-section the_content has_content\">\n<div class=\"section_wrapper\">\n<div class=\"the_content_wrapper \">\n<p>&nbsp;<\/p>\n<p>La \u00faltima\u00a0<strong>Xtrainer<\/strong>\u00a0de<strong>\u00a0Beta<\/strong>, disponible a finales de julio, vuelve a actualizarse. Tanto a nivel est\u00e9tico como en sustancia, ampliando todav\u00eda m\u00e1s el espectro de uso de la moto de enduro m\u00e1s transversal y\u00a0<em>eXTRaordinaria<\/em>\u00a0de la firma tocana.<\/p>\n<p>&nbsp;<\/p>\n<p><img loading=\"lazy\" class=\"aligncenter wp-image-34633 size-full lazyloaded\" src=\"https:\/\/www.betatrueba.com\/wp-content\/uploads\/2025\/06\/XTRAINER-My2026-black-2.jpg\" sizes=\"(max-width:767px) 484px, (max-width:1000px) 100vw, 1000px\" srcset=\"https:\/\/www.betatrueba.com\/wp-content\/uploads\/2025\/06\/XTRAINER-My2026-black-2.jpg 1000w, https:\/\/www.betatrueba.com\/wp-content\/uploads\/2025\/06\/XTRAINER-My2026-black-2-500x329.jpg 500w, https:\/\/www.betatrueba.com\/wp-content\/uploads\/2025\/06\/XTRAINER-My2026-black-2-300x197.jpg 300w, https:\/\/www.betatrueba.com\/wp-content\/uploads\/2025\/06\/XTRAINER-My2026-black-2-768x505.jpg 768w, https:\/\/www.betatrueba.com\/wp-content\/uploads\/2025\/06\/XTRAINER-My2026-black-2-114x75.jpg 114w, https:\/\/www.betatrueba.com\/wp-content\/uploads\/2025\/06\/XTRAINER-My2026-black-2-484x318.jpg 484w\" alt=\"\" width=\"1000\" height=\"658\" data-src=\"https:\/\/www.betatrueba.com\/wp-content\/uploads\/2025\/06\/XTRAINER-My2026-black-2.jpg\" data-srcset=\"https:\/\/www.betatrueba.com\/wp-content\/uploads\/2025\/06\/XTRAINER-My2026-black-2.jpg 1000w, https:\/\/www.betatrueba.com\/wp-content\/uploads\/2025\/06\/XTRAINER-My2026-black-2-500x329.jpg 500w, https:\/\/www.betatrueba.com\/wp-content\/uploads\/2025\/06\/XTRAINER-My2026-black-2-300x197.jpg 300w, https:\/\/www.betatrueba.com\/wp-content\/uploads\/2025\/06\/XTRAINER-My2026-black-2-768x505.jpg 768w, https:\/\/www.betatrueba.com\/wp-content\/uploads\/2025\/06\/XTRAINER-My2026-black-2-114x75.jpg 114w, https:\/\/www.betatrueba.com\/wp-content\/uploads\/2025\/06\/XTRAINER-My2026-black-2-484x318.jpg 484w\" data-sizes=\"(max-width:767px) 484px, (max-width:1000px) 100vw, 1000px\" \/><\/p>\n<p>&nbsp;<\/p>\n<p><a href=\"https:\/\/www.betamotor.com\/\"><strong>Betamotor<\/strong><\/a>\u00a0ha retocado ligeramente el aspecto de la\u00a0<strong>Xtrainer<\/strong>\u00a0manteniendo el nuevo disen\u0303o\u00a0<em>Total Grey<\/em>, recientemente introducido, y resaltando con oportunos detalles gra\u0301ficos el cara\u0301cter chispeante de la moto de enduro ma\u0301s versa\u0301til de la gama hecha por la firma de <strong>Rignano sull\u2019Arno<\/strong>.<\/p>\n<p>Sin embargo, la nueva\u00a0<a href=\"https:\/\/www.betamotor.com\/moto\/xtrainer-300\/\"><strong>Xtrainer MY 2026<\/strong><\/a>, la moto ma\u0301s polivalente de la gama de enduro realizada en la firma toscana, sigue siendo una moto con un conjunto sencillamente u\u0301nico en te\u0301rminos de equipamiento te\u0301cnico, prestaciones, ergonomi\u0301a y disen\u0303o.<\/p>\n<p>Y es que gracias a sus caracteri\u0301sticas especiales marca de la casa, como la excelente docilidad del motor y la gran manejabilidad, la\u00a0<strong>Xtrainer<\/strong>\u00a0contin\u00faa satisfaciendo por completo las necesidades de todos los pilotos que buscan una moto de altas prestaciones y que al mismo tiempo sea f\u00e1cil de manejar y les permita desenvolverse sin problemas en cualquier situacio\u0301n.<\/p>\n<p>Con cara\u0301cter y modernidad, estamos una vez m\u00e1s ante una moto totalmente fuera de lo comu\u0301n. Estamos, de hecho, ante una moto\u00a0<em>eXTRaordinaria.<\/em><\/p>\n<\/div>\n<\/div>\n<\/section>\n<\/div>\n<\/article>\n<p>&nbsp;<\/p>\n<\/div>\n<\/div>\n<\/div>\n<\/div>\n<\/div>\n<\/div>\n<\/div>\n<\/section>\n<\/div>\n<\/header>\n<div id=\"Content\">\n<div class=\"content_wrapper clearfix\">\n<p>&nbsp;<\/p>\n<article id=\"post-34631\" class=\"no-title share-simple post-34631 post type-post status-publish format-standard has-post-thumbnail hentry category-enduro tag-xtrainer tag-xtrainer-my2026\">\n<div class=\"post-wrapper-content\">\n<section class=\"section mcb-section the_content has_content\">\n<div class=\"section_wrapper\">\n<div class=\"the_content_wrapper \">\n<h4><strong>Inspirada en el Trial<\/strong><\/h4>\n<p>Muchos ya la conoc\u00e9is, pero para los que a\u00fan no sabed que la\u00a0<strong>Xtrainer<\/strong>\u00a0es el nexo de uni\u00f3n entre los modelos\u00a0<strong>Beta<\/strong>\u00a0de la gama Ocio\/Excursi\u00f3n y los modelos especializados\u00a0<strong>RR<\/strong>:\u00a0<a href=\"https:\/\/www.betamotor.com\/es\/moto\/rr-x-pro-2t-125\/\"><strong>X-PRO<\/strong><\/a>\u00a0y\u00a0<a href=\"https:\/\/www.betamotor.com\/es\/moto\/rr-4t-race-350-390-430-480\/\"><strong>RACE<\/strong><\/a>.<\/p>\n<p>La nueva\u00a0<strong>Xtrainer<\/strong>\u00a0es una moto capaz de adaptarse a diversas situaciones con una facilidad asombrosa, gracias a sus caracteri\u0301sticas especiales, como la excelente docilidad del motor y la gran manejabilidad. Por eso, es la moto ideal tanto si eres un aficionado que busca una moto para empezar como si eres un avezado piloto de enduro que quiere una moto menos exigente y desafiante o un piloto experto que busca una compa\u00f1era para el enduro extremo. La facilidad de uso de la moto en cualquier situaci\u00f3n te permite concentrarte en la conducci\u00f3n y disfrutar del apasionante mundo del off road.<\/p>\n<p>Con laterales estilizados, ma\u0301s baja que las\u00a0<strong>RR<\/strong>, y una gran entrega de potencia, controlable desde las bajas hasta las altas revoluciones, a la\u00a0<strong>Xtrainer MY 2026<\/strong>\u00a0tampoco le faltan caballos para competir. Sin embargo, prefiere trazados algo ma\u0301s lentos y te\u0301cnicos en los que pueda desplegar los dotes trialeros en los que se inspira, as\u00ed como poner a prueba el par motor del\u00a0<strong>Beta 250 2T<\/strong>\u00a0o\u00a0<strong>Beta 300 2T<\/strong>\u00a0que equipa seg\u00fan el modelo elegido.<\/p>\n<h4><strong>Qu\u00e9 la hace tan especial?<\/strong><\/h4>\n<p>La\u00a0<strong>Xtrainer MY 2026<\/strong>\u00a0es el resultado final de una receta compuesta por ingredientes sencillos, h\u00e1bilmente mezclados para lograr un resultado\u00a0<em>eXTRaordinario<\/em>. Los elementos de esta receta perfecta se pueden resumir en lo siguiente:<\/p>\n<p>\u2013\u00a0<strong>Peso reducido<\/strong>. Para resultar extremadamente a\u0301gil e intuitiva, incluso para principiantes, simplificando las maniobras desde una posicio\u0301n esta\u0301tica y reduciendo la energi\u0301a requerida para su control. Todo en beneficio del placer de conducir.<\/p>\n<p>\u2013\u00a0<strong>Altura del silli\u0301n<\/strong>. Se ha rebajado 20mm con respecto a la gama RR, para transmitir una mayor sensacio\u0301n de seguridad en cualquier situacio\u0301n.<\/p>\n<p>\u2013\u00a0<strong>Frenos<\/strong>.\u00a0<a href=\"https:\/\/nissinserviceinc.com\/\"><strong>Nissin<\/strong><\/a>, con discos de 260mm en el delantero y de 240mm en el trasero.<\/p>\n<p>\u2013\u00a0<strong>Bateri\u0301a<\/strong>. Bateri\u0301a de litio, ligera y de altas prestaciones.<\/p>\n<p>\u2013\u00a0<strong>Horquillas y monoamortiguador<\/strong>. R16V con brazos de 43mm en el delantero y progresivo en el trasero. Las suspensiones se pueden personalizar por completo, con horquilla regulable en precarga y extensio\u0301n, y monoamortiguador regulable en precarga, compresio\u0301n y extensio\u0301n.<\/p>\n<p>\u2013\u00a0<strong>Entrega<\/strong>. Sincera, lineal, con cuerpo y potente, la mezcla perfecta para divertirse en cualquier lugar.<\/p>\n<p>\u2013\u00a0<strong>Beta Progressive Valve<\/strong>. La va\u0301lvula de escape\u00a0<em>Beta Progressive<\/em>, que el piloto puede regular con un simple ajuste exterior, permite adaptar perfectamente las prestaciones del motor en todo su rango de uso.<\/p>\n<p>&nbsp;<\/p>\n<\/div>\n<\/div>\n<\/section>\n<\/div>\n<\/article>\n<p>&nbsp;<\/p>\n<\/div>\n<\/div>\n","protected":false},"excerpt":{"rendered":"<p>JUNIO 2026 DISPONIBLE EL NUEVO MODELO XTRAINER 2027<\/p>\n","protected":false},"featured_media":20888,"template":"","meta":{"_et_pb_use_builder":"","_et_pb_old_content":"","_et_gb_content_width":""},"product_cat":[219,252,129],"product_tag":[],"_links":{"self":[{"href":"https:\/\/difrenos.com\/index.php\/wp-json\/wp\/v2\/product\/20886"}],"collection":[{"href":"https:\/\/difrenos.com\/index.php\/wp-json\/wp\/v2\/product"}],"about":[{"href":"https:\/\/difrenos.com\/index.php\/wp-json\/wp\/v2\/types\/product"}],"wp:featuredmedia":[{"embeddable":true,"href":"https:\/\/difrenos.com\/index.php\/wp-json\/wp\/v2\/media\/20888"}],"wp:attachment":[{"href":"https:\/\/difrenos.com\/index.php\/wp-json\/wp\/v2\/media?parent=20886"}],"wp:term":[{"taxonomy":"product_cat","embeddable":true,"href":"https:\/\/difrenos.com\/index.php\/wp-json\/wp\/v2\/product_cat?post=20886"},{"taxonomy":"product_tag","embeddable":true,"href":"https:\/\/difrenos.com\/index.php\/wp-json\/wp\/v2\/product_tag?post=20886"}],"curies":[{"name":"wp","href":"https:\/\/api.w.org\/{rel}","templated":true}]}}