{"id":20813,"date":"2025-07-04T12:35:56","date_gmt":"2025-07-04T12:35:56","guid":{"rendered":"https:\/\/difrenos.com\/?post_type=product&#038;p=20813"},"modified":"2026-02-19T16:12:21","modified_gmt":"2026-02-19T16:12:21","slug":"horquilla-kayaba-full-factory-beta-x-pro-y-race-2025","status":"publish","type":"product","link":"https:\/\/difrenos.com\/index.php\/producto\/horquilla-kayaba-full-factory-beta-x-pro-y-race-2025\/","title":{"rendered":"HORQUILLA KAYABA FULL FACTORY BETA X-PRO Y RACE 2025"},"content":{"rendered":"<table width=\"600\">\n<tbody>\n<tr>\n<td>\n<table width=\"600\">\n<tbody>\n<tr>\n<td>\n<table width=\"100%\">\n<tbody>\n<tr>\n<td>\n<table width=\"100%\">\n<tbody>\n<tr>\n<td><\/td>\n<\/tr>\n<\/tbody>\n<\/table>\n<\/td>\n<\/tr>\n<\/tbody>\n<\/table>\n<p>&nbsp;<\/p>\n<table width=\"100%\">\n<tbody>\n<tr>\n<td>\n<table width=\"100%\">\n<tbody>\n<tr>\n<td><\/td>\n<\/tr>\n<\/tbody>\n<\/table>\n<\/td>\n<\/tr>\n<\/tbody>\n<\/table>\n<\/td>\n<\/tr>\n<\/tbody>\n<\/table>\n<\/td>\n<\/tr>\n<tr>\n<td>\n<table width=\"600\">\n<tbody>\n<tr>\n<td>\n<table width=\"100%\">\n<tbody>\n<tr>\n<td>\n<table width=\"100%\">\n<tbody>\n<tr>\n<td width=\"600\">\n<table width=\"100%\">\n<tbody>\n<tr>\n<td>\n<h1><strong>Nuevo Kit de suspensiones Kayaba Full Factory para<\/strong><strong><br \/>\nla X-PRO y RACE MY 2025<\/strong><\/h1>\n<p>&nbsp;<\/p>\n<p><strong>Beta Trueba y Technical Touch ofrecen en exclusiva un kit completo y personalizado Kayaba Full Factory (horquilla+amortiguador) con la compra de las nuevas RR X-PRO y RR RACE MY2025 (2T y 4T) del fabricante italiano especializado en motocicletas off-road Betamotor.<\/strong><\/p>\n<p>&nbsp;<\/td>\n<\/tr>\n<\/tbody>\n<\/table>\n<\/td>\n<\/tr>\n<\/tbody>\n<\/table>\n<\/td>\n<\/tr>\n<\/tbody>\n<\/table>\n<p>&nbsp;<\/p>\n<table width=\"100%\">\n<tbody>\n<tr>\n<td>\n<table width=\"100%\">\n<tbody>\n<tr>\n<td><\/td>\n<\/tr>\n<\/tbody>\n<\/table>\n<\/td>\n<\/tr>\n<\/tbody>\n<\/table>\n<p>&nbsp;<\/p>\n<table width=\"100%\">\n<tbody>\n<tr>\n<td>\n<table width=\"100%\">\n<tbody>\n<tr>\n<td width=\"600\">\n<table width=\"100%\">\n<tbody>\n<tr>\n<td>Las nuevas <a href=\"https:\/\/facebook.us15.list-manage.com\/track\/click?u=f90e909e0a3bb8771964a47e4&amp;id=4835211f85&amp;e=d7c002a284\"><strong>RR X-PRO<\/strong><\/a> y <a href=\"https:\/\/facebook.us15.list-manage.com\/track\/click?u=f90e909e0a3bb8771964a47e4&amp;id=8967d5d44a&amp;e=d7c002a284\"><strong>RR RACE MY 2025<\/strong><\/a> ya est\u00e1n a la venta en la amplia red de tiendas y concesionarios oficiales de <strong>Beta Trueba<\/strong>, fabricante y distribuidor de la firma italiana de motos <a href=\"https:\/\/facebook.us15.list-manage.com\/track\/click?u=f90e909e0a3bb8771964a47e4&amp;id=f6301c1421&amp;e=d7c002a284\"><strong>Betamotor<\/strong><\/a>\u00a0en Espa\u00f1a y Andorra. La compa\u00f1\u00eda de\u00a0<strong>Esparraguera<\/strong> (Barcelona) y <a href=\"https:\/\/facebook.us15.list-manage.com\/track\/click?u=f90e909e0a3bb8771964a47e4&amp;id=a4ebbf50bd&amp;e=d7c002a284\"><strong>Technical Touch<\/strong><\/a>, distribuidor oficial a nivel mundial de los productos de suspensi\u00f3n para motocicletas <strong>KYB<\/strong> desde 1992, ofrecen en exclusiva la opci\u00f3n de adquirirlas (tanto 2T como 4T) con un <strong>kit completo y personalizado de suspensiones Kayaba Full Factory<\/strong>.El mismo equipamiento de primer nivel gracias a la horquilla y el amortiguador trasero desarrollado por el especialista en suspensiones japon\u00e9s <a href=\"https:\/\/facebook.us15.list-manage.com\/track\/click?u=f90e909e0a3bb8771964a47e4&amp;id=eaa1e681e3&amp;e=d7c002a284\"><strong>KYB<\/strong><\/a> que en\u00a0<strong>2024<\/strong> han utilizado en el <a href=\"https:\/\/facebook.us15.list-manage.com\/track\/click?u=f90e909e0a3bb8771964a47e4&amp;id=4bd89a95fc&amp;e=d7c002a284\"><strong>Campeonato del Mundo de EnduroGP<\/strong><\/a> los brit\u00e1nicos <a href=\"https:\/\/facebook.us15.list-manage.com\/track\/click?u=f90e909e0a3bb8771964a47e4&amp;id=f74ae296ae&amp;e=d7c002a284\"><strong>Brad Freeman<\/strong><\/a> y <a href=\"https:\/\/facebook.us15.list-manage.com\/track\/click?u=f90e909e0a3bb8771964a47e4&amp;id=d4536b9fa2&amp;e=d7c002a284\"><strong>Nathan Watson<\/strong><\/a>, los dos pilotos oficiales de <strong>Beta<\/strong> en la m\u00e1xima competici\u00f3n <strong>FIM<\/strong> de la especialidad.<\/td>\n<\/tr>\n<\/tbody>\n<\/table>\n<\/td>\n<\/tr>\n<\/tbody>\n<\/table>\n<\/td>\n<\/tr>\n<\/tbody>\n<\/table>\n<p>&nbsp;<\/p>\n<table width=\"100%\">\n<tbody>\n<tr>\n<td>\n<table width=\"273\">\n<tbody>\n<tr>\n<td><\/td>\n<\/tr>\n<\/tbody>\n<\/table>\n<table width=\"273\">\n<tbody>\n<tr>\n<td><\/td>\n<\/tr>\n<\/tbody>\n<\/table>\n<\/td>\n<\/tr>\n<\/tbody>\n<\/table>\n<p>&nbsp;<\/p>\n<table width=\"100%\">\n<tbody>\n<tr>\n<td>\n<table width=\"100%\">\n<tbody>\n<tr>\n<td width=\"600\">\n<table width=\"100%\">\n<tbody>\n<tr>\n<td><strong>Hecho por y para ti<\/strong>Cada <strong>kit de suspensiones Kayaba Full Factory<\/strong> es \u00fanico e intrasferible, ya que viene hecho a medida seg\u00fan el peso, las capacidades (nivel de habilidad) y las caracter\u00edsticas (puesta a punto) deseadas por el piloto.<\/p>\n<p>Asimismo, cada uno cuenta con su correspondiente n\u00famero de serie que no solo permite su identificaci\u00f3n, control y seguimiento individualizado, sino que en la pr\u00e1ctica eso se traduce en la posibilidad de conocer toda la informaci\u00f3n importante del mismo (especificaciones de origen e historial completo), a la hora de que esta sea requerida por un especialista o comprador; adem\u00e1s de ser \u00fatil para gestionar la garant\u00eda o el servicio post-venta del producto.<\/p>\n<p>En definitiva, un paquete \u00fanico (horquilla+amortiguador) desarrollado expreso para las dos nuevas motos de enduro del fabricante italiano de motocicletas especializado en off-road.<\/td>\n<\/tr>\n<\/tbody>\n<\/table>\n<\/td>\n<\/tr>\n<\/tbody>\n<\/table>\n<\/td>\n<\/tr>\n<\/tbody>\n<\/table>\n<p>&nbsp;<\/p>\n<table width=\"100%\">\n<tbody>\n<tr>\n<td>\n<table width=\"273\">\n<tbody>\n<tr>\n<td><\/td>\n<\/tr>\n<\/tbody>\n<\/table>\n<table width=\"273\">\n<tbody>\n<tr>\n<td><\/td>\n<\/tr>\n<\/tbody>\n<\/table>\n<\/td>\n<\/tr>\n<\/tbody>\n<\/table>\n<p>&nbsp;<\/p>\n<table width=\"100%\">\n<tbody>\n<tr>\n<td>\n<table width=\"100%\">\n<tbody>\n<tr>\n<td width=\"600\">\n<table width=\"100%\">\n<tbody>\n<tr>\n<td><strong>Kit KYB Full Factory: Lo mejor de los mejores<\/strong><strong>El paquete completo y personalizado de suspensiones Kayaba Full Factory<\/strong> (2T-4T) de <strong>Beta Trueba<\/strong> y <strong>Technical Touch<\/strong> nace de la combinacinaci\u00f3n del <strong>kit de horquilla KYB Factory<\/strong> con el <strong>kit de amortiguador KYB Factory<\/strong>.<\/p>\n<p>El primero de ellos, el <strong>kit de horquilla KYB Factory<\/strong>, con un dise\u00f1o de cartucho cerrado separado de aire y aceite, es bien conocido. No en vano, su precisa configuraci\u00f3n de amortiguaci\u00f3n, personalizada por nuestros experimentados ingenieros de carrera y t\u00e9cnicos internos, se perfecciona en una de las pistas m\u00e1s duras del <a href=\"https:\/\/facebook.us15.list-manage.com\/track\/click?u=f90e909e0a3bb8771964a47e4&amp;id=29997816e0&amp;e=d7c002a284\"><strong>Campeonato del Mundo de MXGP<\/strong><\/a>. Con todas las piezas internas anodizadas y c\u00e1maras de aire recubiertas de DLC, la fricci\u00f3n interna se reduce al m\u00ednimo.<\/p>\n<p>Otro detalle importante es que al agregar una v\u00e1lvula de velocidad media, la horquilla de resorte <strong>KYB Factory Kit<\/strong> se puede ajustar en un rango mucho m\u00e1s amplio. De igual modo, su collar de resorte personalizado proporciona m\u00e1s control de las ruedas delanteras y una mayor comodidad en los aterrizajes con salto.<\/td>\n<\/tr>\n<\/tbody>\n<\/table>\n<\/td>\n<\/tr>\n<\/tbody>\n<\/table>\n<\/td>\n<\/tr>\n<\/tbody>\n<\/table>\n<p>&nbsp;<\/p>\n<table width=\"100%\">\n<tbody>\n<tr>\n<td>\n<table width=\"273\">\n<tbody>\n<tr>\n<td><\/td>\n<\/tr>\n<\/tbody>\n<\/table>\n<table width=\"273\">\n<tbody>\n<tr>\n<td><\/td>\n<\/tr>\n<\/tbody>\n<\/table>\n<\/td>\n<\/tr>\n<\/tbody>\n<\/table>\n<p>&nbsp;<\/p>\n<table width=\"100%\">\n<tbody>\n<tr>\n<td>\n<table width=\"100%\">\n<tbody>\n<tr>\n<td width=\"600\">\n<table width=\"100%\">\n<tbody>\n<tr>\n<td><strong>Descubre el amortiguador m\u00e1s vers\u00e1til del mercado<\/strong>En cuanto al segundo, el <strong>kit de amortiguador KYB Factory<\/strong>, cuenta con un cuerpo de amortiguador recubierto de Kashima y un v\u00e1stago de pist\u00f3n recubierto de DLC para una fricci\u00f3n m\u00ednima y una mayor dureza de la superficie para sobrevivir a esas condiciones extremas de enduro.<\/p>\n<p>Su precisa configuraci\u00f3n de amortiguaci\u00f3n, personalizada por nuestros experimentados ingenieros de carrera y t\u00e9cnicos internos, se perfecciona en todas y cada una de las pistas m\u00e1s duras del <strong>Mundial de MXGP<\/strong>. De igual modo, se ha agregado un ajustador de precarga X-Trig para facilitar los ajustes entre etapas.<\/p>\n<p>El nuevo <strong>kit completo y personalizado Kayaba Full Factory<\/strong> (horquilla+amortiguador) de <strong>Beta Trueba<\/strong> y <strong>Technical Touch<\/strong> tambi\u00e9n puede adquirirse \u00edntegramente o por separado si ya se es poseedor de una <strong>RR X-PRO<\/strong> o <strong>RR RACE MY2025<\/strong>.<\/td>\n<\/tr>\n<\/tbody>\n<\/table>\n<\/td>\n<\/tr>\n<\/tbody>\n<\/table>\n<\/td>\n<\/tr>\n<\/tbody>\n<\/table>\n<p>&nbsp;<\/p>\n<table width=\"100%\">\n<tbody>\n<tr>\n<td>\n<table width=\"100%\">\n<tbody>\n<tr>\n<td><\/td>\n<\/tr>\n<\/tbody>\n<\/table>\n<\/td>\n<\/tr>\n<\/tbody>\n<\/table>\n<p>&nbsp;<\/p>\n<table width=\"100%\">\n<tbody>\n<tr>\n<td>\n<table width=\"100%\">\n<tbody>\n<tr>\n<td><\/td>\n<\/tr>\n<\/tbody>\n<\/table>\n<\/td>\n<\/tr>\n<\/tbody>\n<\/table>\n<p>&nbsp;<\/p>\n<table width=\"100%\">\n<tbody>\n<tr>\n<td>\n<table width=\"100%\">\n<tbody>\n<tr>\n<td>\n<table width=\"100%\">\n<tbody>\n<tr>\n<td>\n<table>\n<tbody>\n<tr>\n<td>\n<table>\n<tbody>\n<tr>\n<td>\n<table>\n<tbody>\n<tr>\n<td>\n<table width=\"100%\">\n<tbody>\n<tr>\n<td>\n<table width=\"0\">\n<tbody>\n<tr>\n<td width=\"24\"><\/td>\n<\/tr>\n<\/tbody>\n<\/table>\n<\/td>\n<\/tr>\n<\/tbody>\n<\/table>\n<\/td>\n<\/tr>\n<\/tbody>\n<\/table>\n<\/td>\n<td>\n<table>\n<tbody>\n<tr>\n<td>\n<table width=\"100%\">\n<tbody>\n<tr>\n<td>\n<table width=\"0\">\n<tbody>\n<tr>\n<td width=\"24\"><\/td>\n<\/tr>\n<\/tbody>\n<\/table>\n<\/td>\n<\/tr>\n<\/tbody>\n<\/table>\n<\/td>\n<\/tr>\n<\/tbody>\n<\/table>\n<\/td>\n<td>\n<table>\n<tbody>\n<tr>\n<td>\n<table width=\"100%\">\n<tbody>\n<tr>\n<td>\n<table width=\"0\">\n<tbody>\n<tr>\n<td width=\"24\"><\/td>\n<\/tr>\n<\/tbody>\n<\/table>\n<\/td>\n<\/tr>\n<\/tbody>\n<\/table>\n<\/td>\n<\/tr>\n<\/tbody>\n<\/table>\n<\/td>\n<\/tr>\n<\/tbody>\n<\/table>\n<\/td>\n<\/tr>\n<\/tbody>\n<\/table>\n<\/td>\n<\/tr>\n<\/tbody>\n<\/table>\n<\/td>\n<\/tr>\n<\/tbody>\n<\/table>\n<\/td>\n<\/tr>\n<\/tbody>\n<\/table>\n<p>&nbsp;<\/p>\n<table width=\"100%\">\n<tbody>\n<tr>\n<td>\n<table width=\"100%\">\n<tbody>\n<tr>\n<td width=\"600\">\n<table width=\"100%\">\n<tbody>\n<tr>\n<td>&nbsp;<\/p>\n<p>&nbsp;<\/td>\n<\/tr>\n<\/tbody>\n<\/table>\n<\/td>\n<\/tr>\n<\/tbody>\n<\/table>\n<\/td>\n<\/tr>\n<\/tbody>\n<\/table>\n<p>&nbsp;<\/p>\n<table width=\"100%\">\n<tbody>\n<tr>\n<td>\n<table width=\"100%\">\n<tbody>\n<tr>\n<td width=\"600\">\n<table width=\"100%\">\n<tbody>\n<tr>\n<td><\/td>\n<\/tr>\n<\/tbody>\n<\/table>\n<\/td>\n<\/tr>\n<\/tbody>\n<\/table>\n<\/td>\n<\/tr>\n<\/tbody>\n<\/table>\n<\/td>\n<\/tr>\n<\/tbody>\n<\/table>\n<\/td>\n<\/tr>\n<\/tbody>\n<\/table>\n","protected":false},"excerpt":{"rendered":"<p>&nbsp; Nuevo Kit de suspensiones Kayaba Full Factory para la X-PRO y RACE MY 2025 &nbsp; Beta Trueba y Technical Touch ofrecen en exclusiva un kit completo y personalizado Kayaba Full Factory (horquilla+amortiguador) con la compra de las nuevas RR X-PRO y RR RACE MY2025 (2T y 4T) del fabricante italiano especializado en motocicletas off-road [&hellip;]<\/p>\n","protected":false},"featured_media":20814,"template":"","meta":{"_et_pb_use_builder":"","_et_pb_old_content":"","_et_gb_content_width":""},"product_cat":[219,252,129],"product_tag":[929,930],"_links":{"self":[{"href":"https:\/\/difrenos.com\/index.php\/wp-json\/wp\/v2\/product\/20813"}],"collection":[{"href":"https:\/\/difrenos.com\/index.php\/wp-json\/wp\/v2\/product"}],"about":[{"href":"https:\/\/difrenos.com\/index.php\/wp-json\/wp\/v2\/types\/product"}],"wp:featuredmedia":[{"embeddable":true,"href":"https:\/\/difrenos.com\/index.php\/wp-json\/wp\/v2\/media\/20814"}],"wp:attachment":[{"href":"https:\/\/difrenos.com\/index.php\/wp-json\/wp\/v2\/media?parent=20813"}],"wp:term":[{"taxonomy":"product_cat","embeddable":true,"href":"https:\/\/difrenos.com\/index.php\/wp-json\/wp\/v2\/product_cat?post=20813"},{"taxonomy":"product_tag","embeddable":true,"href":"https:\/\/difrenos.com\/index.php\/wp-json\/wp\/v2\/product_tag?post=20813"}],"curies":[{"name":"wp","href":"https:\/\/api.w.org\/{rel}","templated":true}]}}