{"id":20606,"date":"2025-06-25T13:14:55","date_gmt":"2025-06-25T13:14:55","guid":{"rendered":"https:\/\/difrenos.com\/?post_type=product&#038;p=20606"},"modified":"2025-10-01T10:33:22","modified_gmt":"2025-10-01T10:33:22","slug":"braga-cuello-gas-gas","status":"publish","type":"product","link":"https:\/\/difrenos.com\/index.php\/producto\/braga-cuello-gas-gas\/","title":{"rendered":"Cubre cuello Gas Gas"},"content":{"rendered":"<p>&nbsp;<\/p>\n<ul>\n<li>Transpirable.<\/li>\n<li>Gesti\u00f3n de los olores.<\/li>\n<li>Sensaci\u00f3n t\u00e1ctil natural.<\/li>\n<li>Sin costuras.<\/li>\n<\/ul>\n","protected":false},"excerpt":{"rendered":"<p>&nbsp; Transpirable. Gesti\u00f3n de los olores. Sensaci\u00f3n t\u00e1ctil natural. Sin costuras.<\/p>\n","protected":false},"featured_media":20607,"template":"","meta":{"_et_pb_use_builder":"","_et_pb_old_content":"","_et_gb_content_width":""},"product_cat":[292,220,33,707,751,290],"product_tag":[445,82],"_links":{"self":[{"href":"https:\/\/difrenos.com\/index.php\/wp-json\/wp\/v2\/product\/20606"}],"collection":[{"href":"https:\/\/difrenos.com\/index.php\/wp-json\/wp\/v2\/product"}],"about":[{"href":"https:\/\/difrenos.com\/index.php\/wp-json\/wp\/v2\/types\/product"}],"wp:featuredmedia":[{"embeddable":true,"href":"https:\/\/difrenos.com\/index.php\/wp-json\/wp\/v2\/media\/20607"}],"wp:attachment":[{"href":"https:\/\/difrenos.com\/index.php\/wp-json\/wp\/v2\/media?parent=20606"}],"wp:term":[{"taxonomy":"product_cat","embeddable":true,"href":"https:\/\/difrenos.com\/index.php\/wp-json\/wp\/v2\/product_cat?post=20606"},{"taxonomy":"product_tag","embeddable":true,"href":"https:\/\/difrenos.com\/index.php\/wp-json\/wp\/v2\/product_tag?post=20606"}],"curies":[{"name":"wp","href":"https:\/\/api.w.org\/{rel}","templated":true}]}}