{"id":20355,"date":"2025-06-16T10:45:43","date_gmt":"2025-06-16T10:45:43","guid":{"rendered":"https:\/\/difrenos.com\/?post_type=product&#038;p=20355"},"modified":"2026-04-23T11:37:09","modified_gmt":"2026-04-23T11:37:09","slug":"peugeot-kisbee-se-electrico-km-980-matriculada-3-2025","status":"publish","type":"product","link":"https:\/\/difrenos.com\/index.php\/producto\/peugeot-kisbee-se-electrico-km-980-matriculada-3-2025\/","title":{"rendered":"Peugeot Kisbee SE El\u00e9ctrico 900 KMS  matriculada 3\/2025 con Top Case Peugeot"},"content":{"rendered":"<div id=\"intro\" class=\"product-intro\">\n<div class=\"product-intro__slider\">\n<div id=\"slider_8ebad7b4\" class=\"ui-slider ui-preload ui-slider--animation-horizontal ui-slider--direction-forward ui-slider--index-1\">\n<div class=\"ui-slider__scroller\">\n<div class=\"ui-slider__slides\"><\/div>\n<\/div>\n<div class=\"ui-slider__preload\"><\/div>\n<\/div>\n<\/div>\n<div class=\"product-intro__content\">\n<div class=\"valign flex-middle\">\n<h1 class=\"product-intro__title\">PEUGEOT KISBEE SE<\/h1>\n<div class=\"product-intro__subtitle\">MOTO ELECTRICA 49CC<\/div>\n<div class=\"valign__middle\">\n<p class=\"product-intro__text\">Kisbee SE encarna una nueva generaci\u00f3n de movilidad urbana, limpia y responsable, a la vez que conserva los valores que hicieron de su equivalente t\u00e9rmico todo un \u00e9xito: simplicidad, eficiencia, placer de conducci\u00f3n y ahorro al uso. Kisbee SE ofrece una soluci\u00f3n moderna para los aficionados a los scooters que buscan autonom\u00eda y rendimiento.<\/p>\n<\/div>\n<div class=\"product-intro__links\"><\/div>\n<\/div>\n<\/div>\n<\/div>\n<section class=\"ui-toggles ui-toggles--product\">\n<article id=\"financement\" class=\"focus ui-toggle focus--right color-dark bgcolor-clear\">\n<div class=\"focus__main\">\n<div class=\"container\">\n<div class=\"valign\">\n<div class=\"valign__middle \">\n<div class=\"focus__excerpt\">\n<p>*Financiaci\u00f3n de\u00a0KISBEE L1 1 BATTERY.<strong>\u00a0<u>PVP al contado 3.299,00 \u20ac. <\/u>Entrada 123,16 \u20ac. Plazo 48 meses, 1 cuota de 80,18 \u20ac y 47 cuotas de 79,00 \u20ac. Tipo Deudor 6,99%\u00a0<\/strong><strong><u>T.A.E. 9,38%<\/u><\/strong><strong>\u00a0(La T.A.E., as\u00ed como la primera cuota podr\u00e1 variar ligeramente en funci\u00f3n del d\u00eda de la firma del contrato y de la fecha de pago de las cuotas). Comisi\u00f3n de Apertura 3,90 % 123,86 \u20ac Financiado.\u00a0<\/strong>Intereses 493,48 \u20ac,<strong>\u00a0Importe Total del Cr\u00e9dito 3.299,70 \u20ac, Coste Total del Cr\u00e9dito 617,34 \u20ac, Importe Total Adeudado 3.793,18 \u20ac,\u00a0<u>Precio Total a Plazos 3.916,34 \u20ac<\/u>. Siendo el d\u00eda de contrataci\u00f3n 01\/02\/2025 y primer pago el 02\/03\/2025. Oferta v\u00e1lida hasta el 30\/09\/25.<\/strong> Sistema de amortizaci\u00f3n Franc\u00e9s. Financiaci\u00f3n ofrecida, sujeta a estudio y aprobaci\u00f3n por parte de Santander Consumer Finance, S.A.<\/p>\n<\/div>\n<\/div>\n<\/div>\n<\/div>\n<\/div>\n<\/article>\n<article id=\"ConfigurateurKisbee\" class=\"focus ui-toggle focus--right color-dark bgcolor-clear ui-scroll--target\">\n<div class=\"focus__main\">\n<div class=\"container\">\n<div class=\"valign\">\n<div class=\"valign__middle \">\n<div class=\"focus__title ui-toggle__handler \"><\/div>\n<div class=\"focus__excerpt\">\n<p>RENDIMIENTO<\/p>\n<\/div>\n<\/div>\n<\/div>\n<\/div>\n<\/div>\n<\/article>\n<article id=\"performances\" class=\"focus ui-toggle focus--right color-dark bgcolor-clear ui-scroll--target\">\n<div class=\"focus__main\">\n<div class=\"container\">\n<div class=\"valign\">\n<div class=\"valign__middle \">\n<div class=\"focus__excerpt\">\n<p>Kisbee SE est\u00e1 dise\u00f1ado para ofrecer un rendimiento fiable para el d\u00eda a d\u00eda, asegurando al mismo tiempo una gran durabilidad, tanto en lo que respecta a su motor como a su concepci\u00f3n general, para garantizar una movilidad sin concesiones.<\/p>\n<\/div>\n<\/div>\n<\/div>\n<\/div>\n<\/div>\n<\/article>\n<article id=\"Design\" class=\"focus ui-toggle focus--left color-dark bgcolor-clear ui-scroll--target\">\n<div class=\"focus__main\">\n<div class=\"container\">\n<div class=\"valign\">\n<div class=\"valign__middle \">\n<div class=\"focus__title ui-toggle__handler \">DISE\u00d1O<\/div>\n<div class=\"focus__excerpt\">\n<p>Descubre un dise\u00f1o que combina modernidad y dinamismo. Con sus l\u00edneas elegantes y su estilo audaz, Kisbee SE se impone como un modelo decididamente contempor\u00e1neo. Pensado hasta en los m\u00e1s m\u00ednimos detalles, refleja una est\u00e9tica actual y atractiva.<\/p>\n<\/div>\n<\/div>\n<\/div>\n<\/div>\n<\/div>\n<\/article>\n<article id=\"Confort et praticit\u00e9\" class=\"focus ui-toggle focus--right color-dark bgcolor-clear\">\n<div class=\"focus__main\">\n<div class=\"container\">\n<div class=\"valign\">\n<div class=\"valign__middle \">\n<div class=\"focus__title ui-toggle__handler \">CONFORT &amp; PRACTICIDAD<\/div>\n<div class=\"focus__excerpt\">\n<p>Kisbee SE pone el acento en la simplicidad de uso y la practicidad para todos urbanitas. Ya sea para trayectos cortos o m\u00e1s largos, satisface las necesidades modernas gracias a unas funcionalidades dise\u00f1adas para facilitar la vida cotidiana.<\/p>\n<\/div>\n<\/div>\n<\/div>\n<\/div>\n<\/div>\n<\/article>\n<article id=\"technicals\" class=\"technicals\">\n<div class=\"focus__main\">\n<div class=\"valign\">\n<div class=\"valign__middle\">\n<div class=\"focus__title\">Caracter\u00edsticas t\u00e9cnicas<\/div>\n<\/div>\n<\/div>\n<div class=\"accessory-menu\">\n<div class=\"ui-tab ui-tab--active\">\n<ul class=\"columns\">\n<li><span class=\"label\">Norma :\u00a0<\/span><span class=\"value\">NC<\/span><\/li>\n<li><span class=\"label\">Homologaci\u00f3n :\u00a0<\/span><span class=\"value\">L1e-B<\/span><\/li>\n<li><span class=\"label\">Motorizaci\u00f3n :\u00a0<\/span><span class=\"value\">DAO<\/span><\/li>\n<li><span class=\"label\">Tipo :\u00a0<\/span><span class=\"value\">Electric Power train<\/span><\/li>\n<li><span class=\"label\">Alimentaci\u00f3n :\u00a0<\/span><span class=\"value\">48V<\/span><\/li>\n<li><span class=\"label\">Carrera (mm x mm) :\u00a0<\/span><span class=\"value\">NC<\/span><\/li>\n<li><span class=\"label\">Refrigeraci\u00f3n :\u00a0<\/span><span class=\"value\">NC<\/span><\/li>\n<li><span class=\"label\">Potencia max (kW) :\u00a0<\/span><span class=\"value\">2 (2,7 peak)<\/span><\/li>\n<li><span class=\"label\">Par max (Nm) :\u00a0<\/span><span class=\"value\">137<\/span><\/li>\n<li><span class=\"label\">Vmax :\u00a0<\/span><span class=\"value\">45<\/span><\/li>\n<li><span class=\"label\">Distribuci\u00f3n :\u00a0<\/span><span class=\"value\">NC<\/span><\/li>\n<li><span class=\"label\">Lubricaci\u00f3n :\u00a0<\/span><span class=\"value\">NC<\/span><\/li>\n<li><span class=\"label\">Embrague :\u00a0<\/span><span class=\"value\">NC<\/span><\/li>\n<li><span class=\"label\">Arranque :\u00a0<\/span><span class=\"value\">NC<\/span><\/li>\n<li><span class=\"label\">Transmisi\u00f3n :\u00a0<\/span><span class=\"value\">Direct (Hub Motor)<\/span><\/li>\n<li><span class=\"label\">Autonom\u00eda (km) :\u00a0<\/span><span class=\"value\">Promedio con 1 bater\u00eda : 53Km<\/span><\/li>\n<li><span class=\"label\">Dep\u00f3sito de gasolina (L) :\u00a0<\/span><span class=\"value\">NC<\/span><\/li>\n<\/ul>\n<\/div>\n<\/div>\n<\/div>\n<\/article>\n<\/section>\n","protected":false},"excerpt":{"rendered":"<p>SE PUEDE PROBAR, MOTO USADA POR EMPLEADO TIENDA, PENDIENTE CONFIRMAR KILOMETROS ACTULES<\/p>\n","protected":false},"featured_media":20357,"template":"","meta":{"_et_pb_use_builder":"","_et_pb_old_content":"","_et_gb_content_width":""},"product_cat":[251,129,151],"product_tag":[420,454],"_links":{"self":[{"href":"https:\/\/difrenos.com\/index.php\/wp-json\/wp\/v2\/product\/20355"}],"collection":[{"href":"https:\/\/difrenos.com\/index.php\/wp-json\/wp\/v2\/product"}],"about":[{"href":"https:\/\/difrenos.com\/index.php\/wp-json\/wp\/v2\/types\/product"}],"wp:featuredmedia":[{"embeddable":true,"href":"https:\/\/difrenos.com\/index.php\/wp-json\/wp\/v2\/media\/20357"}],"wp:attachment":[{"href":"https:\/\/difrenos.com\/index.php\/wp-json\/wp\/v2\/media?parent=20355"}],"wp:term":[{"taxonomy":"product_cat","embeddable":true,"href":"https:\/\/difrenos.com\/index.php\/wp-json\/wp\/v2\/product_cat?post=20355"},{"taxonomy":"product_tag","embeddable":true,"href":"https:\/\/difrenos.com\/index.php\/wp-json\/wp\/v2\/product_tag?post=20355"}],"curies":[{"name":"wp","href":"https:\/\/api.w.org\/{rel}","templated":true}]}}