{"id":20264,"date":"2025-06-12T07:52:55","date_gmt":"2025-06-12T07:52:55","guid":{"rendered":"https:\/\/difrenos.com\/?post_type=product&#038;p=20264"},"modified":"2025-06-12T07:54:31","modified_gmt":"2025-06-12T07:54:31","slug":"cambio-trasero-shimano-deore-rd-m5100-sgs-11-velocidades","status":"publish","type":"product","link":"https:\/\/difrenos.com\/index.php\/producto\/cambio-trasero-shimano-deore-rd-m5100-sgs-11-velocidades\/","title":{"rendered":"CAMBIO TRASERO SHIMANO DEORE RD-M5100 SGS 11 VELOCIDADES"},"content":{"rendered":"<p>-Color Shimano Serie color<br \/>\n-C\u00f3digo de modelo de ventas Deore M5100<br \/>\n&#8211; C\u00f3digo de repuesto pieza Shimano cambio trasero<br \/>\n&#8211; Disciplina de uso en bicicleta MTB<br \/>\n&#8211; Pi\u00f1\u00f3n superior m\u00e1ximo 11T<br \/>\n&#8211; Dientes 13T<br \/>\n&#8211; Capacidad total 40T<br \/>\n&#8211; Velocidades traseras 11<br \/>\n&#8211; SGS caja larga<br \/>\n&#8211; Pi\u00f1\u00f3n bajo m\u00ednimo. 51T<br \/>\n&#8211; Cadena compatible HG-X1<\/p>\n","protected":false},"excerpt":{"rendered":"<p>-Color Shimano Serie color -C\u00f3digo de modelo de ventas Deore M5100 &#8211; C\u00f3digo de repuesto pieza Shimano cambio trasero &#8211; Disciplina de uso en bicicleta MTB &#8211; Pi\u00f1\u00f3n superior m\u00e1ximo 11T &#8211; Dientes 13T &#8211; Capacidad total 40T &#8211; Velocidades traseras 11 &#8211; SGS caja larga &#8211; Pi\u00f1\u00f3n bajo m\u00ednimo. 51T &#8211; Cadena compatible HG-X1<\/p>\n","protected":false},"featured_media":20265,"template":"","meta":{"_et_pb_use_builder":"","_et_pb_old_content":"","_et_gb_content_width":""},"product_cat":[170,798],"product_tag":[],"_links":{"self":[{"href":"https:\/\/difrenos.com\/index.php\/wp-json\/wp\/v2\/product\/20264"}],"collection":[{"href":"https:\/\/difrenos.com\/index.php\/wp-json\/wp\/v2\/product"}],"about":[{"href":"https:\/\/difrenos.com\/index.php\/wp-json\/wp\/v2\/types\/product"}],"wp:featuredmedia":[{"embeddable":true,"href":"https:\/\/difrenos.com\/index.php\/wp-json\/wp\/v2\/media\/20265"}],"wp:attachment":[{"href":"https:\/\/difrenos.com\/index.php\/wp-json\/wp\/v2\/media?parent=20264"}],"wp:term":[{"taxonomy":"product_cat","embeddable":true,"href":"https:\/\/difrenos.com\/index.php\/wp-json\/wp\/v2\/product_cat?post=20264"},{"taxonomy":"product_tag","embeddable":true,"href":"https:\/\/difrenos.com\/index.php\/wp-json\/wp\/v2\/product_tag?post=20264"}],"curies":[{"name":"wp","href":"https:\/\/api.w.org\/{rel}","templated":true}]}}