{"id":20254,"date":"2025-06-11T12:15:00","date_gmt":"2025-06-11T12:15:00","guid":{"rendered":"https:\/\/difrenos.com\/?post_type=product&#038;p=20254"},"modified":"2026-03-17T10:27:10","modified_gmt":"2026-03-17T10:27:10","slug":"biberon-husqvarna-baby-team-bottle","status":"publish","type":"product","link":"https:\/\/difrenos.com\/index.php\/producto\/biberon-husqvarna-baby-team-bottle\/","title":{"rendered":"Botella Husqvarna Baby Team"},"content":{"rendered":"<p>Referencia: 3HS220032400<\/p>\n<div>\u00a0<strong>Biber\u00f3n Husqvarna BABY TEAM BOTTLE<\/strong>\u00a0es ideal para beb\u00e9s y ni\u00f1os.<\/div>\n<ul>\n<li><strong>Capacidad<\/strong>: 240 ml.<\/li>\n<li><strong>Material seguro<\/strong>: 100%\u00a0<strong>Polipropileno<\/strong>, sin bisfenol A.<\/li>\n<li><strong>F\u00e1cil sujeci\u00f3n<\/strong>: Tapa de protecci\u00f3n para evitar derrames.<\/li>\n<li><strong>Dise\u00f1o<\/strong>: Perfecto para los peque\u00f1os fans de Husqvarna.<\/li>\n<\/ul>\n<div>Ideal para mantener a tu hijo bien hidratado mientras disfruta del mundo Husqvarna desde peque\u00f1o. \u00a1Un accesorio esencial para los futuros riders!<\/div>\n","protected":false},"excerpt":{"rendered":"<p>Referencia: 3HS220032400 \u00a0Biber\u00f3n Husqvarna BABY TEAM BOTTLE\u00a0es ideal para beb\u00e9s y ni\u00f1os. Capacidad: 240 ml. Material seguro: 100%\u00a0Polipropileno, sin bisfenol A. F\u00e1cil sujeci\u00f3n: Tapa de protecci\u00f3n para evitar derrames. Dise\u00f1o: Perfecto para los peque\u00f1os fans de Husqvarna. Ideal para mantener a tu hijo bien hidratado mientras disfruta del mundo Husqvarna desde peque\u00f1o. \u00a1Un accesorio esencial [&hellip;]<\/p>\n","protected":false},"featured_media":20255,"template":"","meta":{"_et_pb_use_builder":"","_et_pb_old_content":"","_et_gb_content_width":""},"product_cat":[706,33,701],"product_tag":[108,117],"_links":{"self":[{"href":"https:\/\/difrenos.com\/index.php\/wp-json\/wp\/v2\/product\/20254"}],"collection":[{"href":"https:\/\/difrenos.com\/index.php\/wp-json\/wp\/v2\/product"}],"about":[{"href":"https:\/\/difrenos.com\/index.php\/wp-json\/wp\/v2\/types\/product"}],"wp:featuredmedia":[{"embeddable":true,"href":"https:\/\/difrenos.com\/index.php\/wp-json\/wp\/v2\/media\/20255"}],"wp:attachment":[{"href":"https:\/\/difrenos.com\/index.php\/wp-json\/wp\/v2\/media?parent=20254"}],"wp:term":[{"taxonomy":"product_cat","embeddable":true,"href":"https:\/\/difrenos.com\/index.php\/wp-json\/wp\/v2\/product_cat?post=20254"},{"taxonomy":"product_tag","embeddable":true,"href":"https:\/\/difrenos.com\/index.php\/wp-json\/wp\/v2\/product_tag?post=20254"}],"curies":[{"name":"wp","href":"https:\/\/api.w.org\/{rel}","templated":true}]}}