{"id":19512,"date":"2025-04-24T16:15:08","date_gmt":"2025-04-24T16:15:08","guid":{"rendered":"https:\/\/difrenos.com\/?post_type=product&#038;p=19512"},"modified":"2025-04-24T16:19:44","modified_gmt":"2025-04-24T16:19:44","slug":"manguera-de-combustible-bike-it-de-liberacion-rapida-de-o6-mm","status":"publish","type":"product","link":"https:\/\/difrenos.com\/index.php\/producto\/manguera-de-combustible-bike-it-de-liberacion-rapida-de-o6-mm\/","title":{"rendered":"MANGUERA DE COMBUSTIBLE BIKE-IT DE LIBERACION RAPIDA DE \u00f86 MM"},"content":{"rendered":"<p>Manguera de combustible Bike-It de liberaci\u00f3n r\u00e1pida de \u00f86 mm. Permite desmontar r\u00e1pidamente el dep\u00f3sito sin derramar combustible. Equipada con un mecanismo de v\u00e1lvula en ambos lados que detiene el combustible.<\/p>\n<p>No apto para sistemas de inyeccion.<\/p>\n","protected":false},"excerpt":{"rendered":"<p>Manguera de combustible Bike-It de liberaci\u00f3n r\u00e1pida de \u00f86 mm. Permite desmontar r\u00e1pidamente el dep\u00f3sito sin derramar combustible. Equipada con un mecanismo de v\u00e1lvula en ambos lados que detiene el combustible. No apto para sistemas de inyeccion.<\/p>\n","protected":false},"featured_media":19513,"template":"","meta":{"_et_pb_use_builder":"","_et_pb_old_content":"","_et_gb_content_width":""},"product_cat":[799,170],"product_tag":[],"_links":{"self":[{"href":"https:\/\/difrenos.com\/index.php\/wp-json\/wp\/v2\/product\/19512"}],"collection":[{"href":"https:\/\/difrenos.com\/index.php\/wp-json\/wp\/v2\/product"}],"about":[{"href":"https:\/\/difrenos.com\/index.php\/wp-json\/wp\/v2\/types\/product"}],"wp:featuredmedia":[{"embeddable":true,"href":"https:\/\/difrenos.com\/index.php\/wp-json\/wp\/v2\/media\/19513"}],"wp:attachment":[{"href":"https:\/\/difrenos.com\/index.php\/wp-json\/wp\/v2\/media?parent=19512"}],"wp:term":[{"taxonomy":"product_cat","embeddable":true,"href":"https:\/\/difrenos.com\/index.php\/wp-json\/wp\/v2\/product_cat?post=19512"},{"taxonomy":"product_tag","embeddable":true,"href":"https:\/\/difrenos.com\/index.php\/wp-json\/wp\/v2\/product_tag?post=19512"}],"curies":[{"name":"wp","href":"https:\/\/api.w.org\/{rel}","templated":true}]}}