{"id":19431,"date":"2025-04-22T12:48:51","date_gmt":"2025-04-22T12:48:51","guid":{"rendered":"https:\/\/difrenos.com\/?post_type=product&#038;p=19431"},"modified":"2025-04-22T12:55:17","modified_gmt":"2025-04-22T12:55:17","slug":"beta-rr-motard-2t-50-sport-ls-2025","status":"publish","type":"product","link":"https:\/\/difrenos.com\/index.php\/producto\/beta-rr-motard-2t-50-sport-ls-2025\/","title":{"rendered":"BETA RR MOTARD 2T 50 SPORT LS 2025"},"content":{"rendered":"<table width=\"600\">\n<tbody>\n<tr>\n<td>\n<table width=\"600\">\n<tbody>\n<tr>\n<td>\n<table width=\"100%\">\n<tbody>\n<tr>\n<td>\n<table width=\"100%\">\n<tbody>\n<tr>\n<td width=\"600\">\n<table width=\"100%\">\n<tbody>\n<tr>\n<td>\n<h1><strong>Si eres bajito, la RR MOTARD 2T 50 SPORT LS es tu moto<\/strong><\/h1>\n<p><strong>Nos complace anunciaros la llegada a Beta Trueba de la RR MOTARD 2T 50 SPORT LS (Low Seat), el modelo de acceso de Betamotor con la altura de asiento m\u00e1s baja.<\/strong><\/p>\n<p>&nbsp;<\/td>\n<\/tr>\n<\/tbody>\n<\/table>\n<\/td>\n<\/tr>\n<\/tbody>\n<\/table>\n<\/td>\n<\/tr>\n<\/tbody>\n<\/table>\n<p>&nbsp;<\/p>\n<table width=\"100%\">\n<tbody>\n<tr>\n<td>\n<table width=\"100%\">\n<tbody>\n<tr>\n<td width=\"600\">\n<table style=\"height: 527px; width: 100%;\" width=\"100%\">\n<tbody>\n<tr style=\"height: 527px;\">\n<td style=\"height: 527px;\">Si mides menos de 1.60 metros, encontrar una moto que se adapte a tus necesidades de seguridad y confort es esencial.\u00a0Y m\u00e1s si es la primera que vas a pilotar. Pues bien, <a href=\"https:\/\/facebook.us15.list-manage.com\/track\/click?u=f90e909e0a3bb8771964a47e4&amp;id=e37d605769&amp;e=d7c002a284\"><strong>Betamotor<\/strong><\/a> tiene el modelo que, por tama\u00f1o, peso y, sobretodo, altura, es perfecto para todos aquellos j\u00f3venes (y no tan j\u00f3venes) que buscan maniobrabilidad, control y un buen contacto con el suelo.Nos referimos, como no, a la <a href=\"https:\/\/facebook.us15.list-manage.com\/track\/click?u=f90e909e0a3bb8771964a47e4&amp;id=8f8c1f9a27&amp;e=d7c002a284\"><strong>RR MOTARD 2T 50 SPORT LS (Low Seat)<\/strong><\/a>. Con el dise\u00f1o moderno, geom\u00e9trico y audaz caracteriza los modelos <strong>2025<\/strong> de 50 cc del fabricante italiano, la nueva <strong>RR MOTARD 2T 50 SPORT LS<\/strong> destaca, sin lugar a dudas, por estar rebajada ni m\u00e1s ni menos que \u00a1\u00a1<strong>45 mm<\/strong>!!, con ajustes en el compartimento de la suspensi\u00f3n.<\/p>\n<p>Para ser exactos, la <strong>MOTARD SPORT LS<\/strong> est\u00e1 equipada con una nueva horquilla y un nuevo monoamortiguador de recorrido reducido creados por los t\u00e9cnicos de <strong>Betamotor<\/strong>, que hacen que la moto siga siendo \u00e1gil, r\u00e1pida e incre\u00edblemente divertida a la par que accesible\u00a0a un p\u00fablico mucho m\u00e1s amplio, y sin ning\u00fan impacto negativo en el comportamiento din\u00e1mico de la misma.<\/td>\n<\/tr>\n<\/tbody>\n<\/table>\n<\/td>\n<\/tr>\n<\/tbody>\n<\/table>\n<\/td>\n<\/tr>\n<\/tbody>\n<\/table>\n<p>&nbsp;<\/td>\n<\/tr>\n<\/tbody>\n<\/table>\n<\/td>\n<\/tr>\n<\/tbody>\n<\/table>\n","protected":false},"excerpt":{"rendered":"<p>PODEMOS COGER MOTO A CAMBIO<\/p>\n<p>No disponible en tienda, hay que pedirla<\/p>\n","protected":false},"featured_media":19432,"template":"","meta":{"_et_pb_use_builder":"","_et_pb_old_content":"","_et_gb_content_width":""},"product_cat":[219,129],"product_tag":[],"_links":{"self":[{"href":"https:\/\/difrenos.com\/index.php\/wp-json\/wp\/v2\/product\/19431"}],"collection":[{"href":"https:\/\/difrenos.com\/index.php\/wp-json\/wp\/v2\/product"}],"about":[{"href":"https:\/\/difrenos.com\/index.php\/wp-json\/wp\/v2\/types\/product"}],"wp:featuredmedia":[{"embeddable":true,"href":"https:\/\/difrenos.com\/index.php\/wp-json\/wp\/v2\/media\/19432"}],"wp:attachment":[{"href":"https:\/\/difrenos.com\/index.php\/wp-json\/wp\/v2\/media?parent=19431"}],"wp:term":[{"taxonomy":"product_cat","embeddable":true,"href":"https:\/\/difrenos.com\/index.php\/wp-json\/wp\/v2\/product_cat?post=19431"},{"taxonomy":"product_tag","embeddable":true,"href":"https:\/\/difrenos.com\/index.php\/wp-json\/wp\/v2\/product_tag?post=19431"}],"curies":[{"name":"wp","href":"https:\/\/api.w.org\/{rel}","templated":true}]}}