{"id":19251,"date":"2025-04-16T09:18:17","date_gmt":"2025-04-16T09:18:17","guid":{"rendered":"https:\/\/difrenos.com\/?post_type=product&#038;p=19251"},"modified":"2026-02-25T12:33:05","modified_gmt":"2026-02-25T12:33:05","slug":"gas-gas-txt-pro-250cc-2004-matriculada","status":"publish","type":"product","link":"https:\/\/difrenos.com\/index.php\/producto\/gas-gas-txt-pro-250cc-2004-matriculada\/","title":{"rendered":"GAS GAS TXT PRO 250cc 2004 MATRICULADA"},"content":{"rendered":"<p>La moto est\u00e1 muy cuidada, poco uso, va muy bien de mec\u00e1nica, la entregamos revisada.<\/p>\n<p>Tiene kit de homologaci\u00f3n.<\/p>\n<p>Disponemos de servicio de transporte.<\/p>\n<p>Descuento extra del 10% en equipaci\u00f3n por la compra de tu moto.<\/p>\n<p>Cualquier informaci\u00f3n que puedas necesitar ll\u00e1manos al -659968466-<\/p>\n<p>&nbsp;<\/p>\n","protected":false},"excerpt":{"rendered":"<p>La moto est\u00e1 muy cuidada, poco uso, va muy bien de mec\u00e1nica, la entregamos revisada. Tiene kit de homologaci\u00f3n. Disponemos de servicio de transporte. Descuento extra del 10% en equipaci\u00f3n por la compra de tu moto. Cualquier informaci\u00f3n que puedas necesitar ll\u00e1manos al -659968466- &nbsp;<\/p>\n","protected":false},"featured_media":19282,"template":"","meta":{"_et_pb_use_builder":"","_et_pb_old_content":"","_et_gb_content_width":""},"product_cat":[133,205],"product_tag":[],"_links":{"self":[{"href":"https:\/\/difrenos.com\/index.php\/wp-json\/wp\/v2\/product\/19251"}],"collection":[{"href":"https:\/\/difrenos.com\/index.php\/wp-json\/wp\/v2\/product"}],"about":[{"href":"https:\/\/difrenos.com\/index.php\/wp-json\/wp\/v2\/types\/product"}],"wp:featuredmedia":[{"embeddable":true,"href":"https:\/\/difrenos.com\/index.php\/wp-json\/wp\/v2\/media\/19282"}],"wp:attachment":[{"href":"https:\/\/difrenos.com\/index.php\/wp-json\/wp\/v2\/media?parent=19251"}],"wp:term":[{"taxonomy":"product_cat","embeddable":true,"href":"https:\/\/difrenos.com\/index.php\/wp-json\/wp\/v2\/product_cat?post=19251"},{"taxonomy":"product_tag","embeddable":true,"href":"https:\/\/difrenos.com\/index.php\/wp-json\/wp\/v2\/product_tag?post=19251"}],"curies":[{"name":"wp","href":"https:\/\/api.w.org\/{rel}","templated":true}]}}