{"id":19232,"date":"2025-04-15T14:24:41","date_gmt":"2025-04-15T14:24:41","guid":{"rendered":"https:\/\/difrenos.com\/?post_type=product&#038;p=19232"},"modified":"2026-01-17T22:53:29","modified_gmt":"2026-01-17T22:53:29","slug":"husqvarna-ebike-infantil-young-cross-yc5-24","status":"publish","type":"product","link":"https:\/\/difrenos.com\/index.php\/producto\/husqvarna-ebike-infantil-young-cross-yc5-24\/","title":{"rendered":"Husqvarna Ebike Infantil Young Cross YC5 24&#8243;"},"content":{"rendered":"<h1 class=\"product-main__title d-none d-lg-block\">Husqvarna \u00a0Ebike Infantil Young Cross YC5 24\u00bb 80mm 8v 237wh Mahle X30 Amarillo Talla \u00fanica<\/h1>\n<div class=\"elementor-element elementor-element-29a3b599 elementor-widget elementor-widget-theme-post-featured-image elementor-widget-image\" data-id=\"29a3b599\" data-element_type=\"widget\" data-widget_type=\"theme-post-featured-image.default\">\n<div class=\"elementor-widget-container\"><img loading=\"lazy\" class=\"attachment-full size-full wp-image-38228\" src=\"https:\/\/mahle-smartbike.com\/wp-content\/uploads\/2024\/06\/2024.04.30_MahleX30_byZubikoPhoto_3344-Editar_HighRes-1-1-1-scaled.jpg.webp\" sizes=\"(max-width: 2560px) 100vw, 2560px\" srcset=\"https:\/\/mahle-smartbike.com\/wp-content\/uploads\/2024\/06\/2024.04.30_MahleX30_byZubikoPhoto_3344-Editar_HighRes-1-1-1-scaled.jpg.webp 2560w, https:\/\/mahle-smartbike.com\/wp-content\/uploads\/2024\/06\/2024.04.30_MahleX30_byZubikoPhoto_3344-Editar_HighRes-1-1-1-300x200.jpg.webp 300w, https:\/\/mahle-smartbike.com\/wp-content\/uploads\/2024\/06\/2024.04.30_MahleX30_byZubikoPhoto_3344-Editar_HighRes-1-1-1-1024x683.jpg.webp 1024w, https:\/\/mahle-smartbike.com\/wp-content\/uploads\/2024\/06\/2024.04.30_MahleX30_byZubikoPhoto_3344-Editar_HighRes-1-1-1-768x512.jpg.webp 768w, https:\/\/mahle-smartbike.com\/wp-content\/uploads\/2024\/06\/2024.04.30_MahleX30_byZubikoPhoto_3344-Editar_HighRes-1-1-1-1536x1024.jpg.webp 1536w, https:\/\/mahle-smartbike.com\/wp-content\/uploads\/2024\/06\/2024.04.30_MahleX30_byZubikoPhoto_3344-Editar_HighRes-1-1-1-2048x1365.jpg.webp 2048w\" alt=\"\" width=\"2560\" height=\"1707\" \/><\/div>\n<\/div>\n<div class=\"elementor-element elementor-element-193c2ac1 elementor-widget elementor-widget-theme-post-excerpt\" data-id=\"193c2ac1\" data-element_type=\"widget\" data-widget_type=\"theme-post-excerpt.default\">\n<div class=\"elementor-widget-container\">Husqvarna acaba de presentar su \u00faltima innovaci\u00f3n en el mundo de las eBikes: la Young Cross eBike, dise\u00f1ada espec\u00edficamente para los j\u00f3venes ciclistas. Este es un hito significativo ya que es la primera eBike de Husqvarna dise\u00f1ada para ni\u00f1os, combinando seguridad, estilo y rendimiento en un paquete elegante.<\/div>\n<\/div>\n<div class=\"elementor-element elementor-element-3159f2ba elementor-widget elementor-widget-theme-post-content\" data-id=\"3159f2ba\" data-element_type=\"widget\" data-widget_type=\"theme-post-content.default\">\n<div class=\"elementor-widget-container\">\n<div class=\"elementor elementor-38285 elementor-38222\" data-elementor-type=\"wp-post\" data-elementor-id=\"38285\" data-elementor-post-type=\"news-event\">\n<section class=\"elementor-section elementor-top-section elementor-element elementor-element-165e2493 elementor-section-full_width sticky-inner-header elementor-section-height-min-height elementor-section-height-default elementor-section-items-middle elementor-sticky innerheader-sticked elementor-sticky--active elementor-section--handles-inside elementor-sticky--effects\" data-id=\"165e2493\" data-element_type=\"section\" data-settings=\"{&quot;background_background&quot;:&quot;classic&quot;,&quot;sticky&quot;:&quot;top&quot;,&quot;sticky_offset&quot;:72,&quot;sticky_on&quot;:[&quot;widescreen&quot;,&quot;desktop&quot;,&quot;tablet&quot;,&quot;mobile_extra&quot;,&quot;mobile&quot;],&quot;sticky_effects_offset&quot;:0,&quot;sticky_anchor_link_offset&quot;:0}\">\n<div class=\"elementor-container elementor-column-gap-default\">\n<div class=\"elementor-column elementor-col-100 elementor-top-column elementor-element elementor-element-30262c6\" data-id=\"30262c6\" data-element_type=\"column\">\n<div class=\"elementor-widget-wrap elementor-element-populated\">\n<section class=\"elementor-section elementor-inner-section elementor-element elementor-element-18424cef elementor-section-content-middle elementor-section-boxed elementor-section-height-default elementor-section-height-default\" data-id=\"18424cef\" data-element_type=\"section\">\n<div class=\"elementor-container elementor-column-gap-default\">\n<div class=\"elementor-column elementor-col-100 elementor-inner-column elementor-element elementor-element-2cb48e52\" data-id=\"2cb48e52\" data-element_type=\"column\">\n<div class=\"elementor-widget-wrap elementor-element-populated\">\n<div class=\"elementor-element elementor-element-1a9333c elementor-widget elementor-widget-heading\" data-id=\"1a9333c\" data-element_type=\"widget\" data-widget_type=\"heading.default\">\n<div class=\"elementor-widget-container\">\n<h2 class=\"elementor-heading-title elementor-size-default\">Nueva Husqvarna Young Cross eBike: El Paseo Definitivo para Ni\u00f1os!<\/h2>\n<\/div>\n<\/div>\n<\/div>\n<\/div>\n<\/div>\n<\/section>\n<\/div>\n<\/div>\n<\/div>\n<\/section>\n<section class=\"elementor-section elementor-top-section elementor-element elementor-element-b8b67bf elementor-section-boxed elementor-section-height-default elementor-section-height-default\" data-id=\"b8b67bf\" data-element_type=\"section\">\n<div class=\"elementor-container elementor-column-gap-default\">\n<div class=\"elementor-column elementor-col-100 elementor-top-column elementor-element elementor-element-4761fef animated fadeInUp\" data-id=\"4761fef\" data-element_type=\"column\" data-settings=\"{&quot;animation&quot;:&quot;fadeInUp&quot;}\">\n<div class=\"elementor-widget-wrap elementor-element-populated\">\n<div class=\"elementor-element elementor-element-667d6992 elementor-widget elementor-widget-text-editor\" data-id=\"667d6992\" data-element_type=\"widget\" data-widget_type=\"text-editor.default\">\n<div class=\"elementor-widget-container\">\n<p>Husqvarna acaba de presentar su \u00faltima innovaci\u00f3n en el mundo de las eBikes: la Young Cross eBike, dise\u00f1ada espec\u00edficamente para los j\u00f3venes ciclistas. Este es un hito significativo ya que es la primera eBike de Husqvarna dise\u00f1ada para ni\u00f1os, combinando seguridad, estilo y rendimiento en un paquete elegante.<\/p>\n<\/div>\n<\/div>\n<\/div>\n<\/div>\n<\/div>\n<\/section>\n<section class=\"elementor-section elementor-top-section elementor-element elementor-element-261e53f elementor-section-boxed elementor-section-height-default elementor-section-height-default\" data-id=\"261e53f\" data-element_type=\"section\">\n<div class=\"elementor-container elementor-column-gap-default\">\n<div class=\"elementor-column elementor-col-100 elementor-top-column elementor-element elementor-element-c5be889\" data-id=\"c5be889\" data-element_type=\"column\">\n<div class=\"elementor-widget-wrap elementor-element-populated\">\n<section class=\"elementor-section elementor-inner-section elementor-element elementor-element-6d0e989 elementor-reverse-mobile elementor-section-full_width elementor-section-content-middle elementor-section-height-default elementor-section-height-default\" data-id=\"6d0e989\" data-element_type=\"section\">\n<div class=\"elementor-container elementor-column-gap-extended\">\n<div class=\"elementor-column elementor-col-50 elementor-inner-column elementor-element elementor-element-9f0aea1\" data-id=\"9f0aea1\" data-element_type=\"column\">\n<div class=\"elementor-widget-wrap elementor-element-populated\">\n<div class=\"elementor-element elementor-element-ba51329 elementor-widget elementor-widget-heading\" data-id=\"ba51329\" data-element_type=\"widget\" data-widget_type=\"heading.default\">\n<div class=\"elementor-widget-container\">\n<h4 class=\"elementor-heading-title elementor-size-default\">Dise\u00f1o Ergon\u00f3mico,<br \/>\nRendimiento Potente<\/h4>\n<\/div>\n<\/div>\n<div class=\"elementor-element elementor-element-c5d9b9c elementor-widget elementor-widget-text-editor\" data-id=\"c5d9b9c\" data-element_type=\"widget\" data-widget_type=\"text-editor.default\">\n<div class=\"elementor-widget-container\">\n<p>La Young Cross eBike se destaca por su dise\u00f1o ligero y ergon\u00f3mico, lo que la convierte en una opci\u00f3n ideal para los j\u00f3venes aventureros. Equipada con una horquilla de aire RST suave, garantiza un paseo c\u00f3modo en diversos terrenos, desde los desplazamientos hasta las excursiones de fin de semana.<\/p>\n<p>El poderoso sistema X30 de la eBike proporciona el impulso necesario, alimentado por el paquete de bater\u00edas MAHLE iX2 y la unidad de accionamiento X30, ofreciendo un impresionante par de 45 Nm. Este rendimiento es comparable al de una transmisi\u00f3n central, ofreciendo a los j\u00f3venes ciclistas una experiencia emocionante pero controlada.<\/p>\n<\/div>\n<\/div>\n<\/div>\n<\/div>\n<div class=\"elementor-column elementor-col-50 elementor-inner-column elementor-element elementor-element-5b6d204\" data-id=\"5b6d204\" data-element_type=\"column\">\n<div class=\"elementor-widget-wrap elementor-element-populated\">\n<div class=\"elementor-element elementor-element-89ba1c0 elementor-widget elementor-widget-image\" data-id=\"89ba1c0\" data-element_type=\"widget\" data-widget_type=\"image.default\">\n<div class=\"elementor-widget-container\"><img loading=\"lazy\" class=\"attachment-medium_large size-medium_large wp-image-38252\" src=\"https:\/\/mahle-smartbike.com\/wp-content\/uploads\/2024\/06\/2024.04.30_MahleX30_byZubikoPhoto_3008_HighRes-1-1-768x512.jpg.webp\" sizes=\"(max-width: 768px) 100vw, 768px\" srcset=\"https:\/\/mahle-smartbike.com\/wp-content\/uploads\/2024\/06\/2024.04.30_MahleX30_byZubikoPhoto_3008_HighRes-1-1-768x512.jpg.webp 768w, https:\/\/mahle-smartbike.com\/wp-content\/uploads\/2024\/06\/2024.04.30_MahleX30_byZubikoPhoto_3008_HighRes-1-1-300x200.jpg.webp 300w, https:\/\/mahle-smartbike.com\/wp-content\/uploads\/2024\/06\/2024.04.30_MahleX30_byZubikoPhoto_3008_HighRes-1-1-1024x683.jpg.webp 1024w, https:\/\/mahle-smartbike.com\/wp-content\/uploads\/2024\/06\/2024.04.30_MahleX30_byZubikoPhoto_3008_HighRes-1-1.jpg.webp 1500w\" alt=\"\" width=\"768\" height=\"512\" \/><\/div>\n<\/div>\n<\/div>\n<\/div>\n<\/div>\n<\/section>\n<\/div>\n<\/div>\n<\/div>\n<\/section>\n<section class=\"elementor-section elementor-top-section elementor-element elementor-element-ed5aa7f elementor-section-boxed elementor-section-height-default elementor-section-height-default\" data-id=\"ed5aa7f\" data-element_type=\"section\">\n<div class=\"elementor-container elementor-column-gap-default\">\n<div class=\"elementor-column elementor-col-100 elementor-top-column elementor-element elementor-element-6c8a105\" data-id=\"6c8a105\" data-element_type=\"column\">\n<div class=\"elementor-widget-wrap elementor-element-populated\">\n<section class=\"elementor-section elementor-inner-section elementor-element elementor-element-3c25f97 elementor-section-content-middle elementor-section-full_width elementor-section-height-default elementor-section-height-default\" data-id=\"3c25f97\" data-element_type=\"section\">\n<div class=\"elementor-container elementor-column-gap-extended\">\n<div class=\"elementor-column elementor-col-50 elementor-inner-column elementor-element elementor-element-c0fc6b2\" data-id=\"c0fc6b2\" data-element_type=\"column\">\n<div class=\"elementor-widget-wrap elementor-element-populated\">\n<div class=\"elementor-element elementor-element-c8951a6 elementor-widget elementor-widget-image\" data-id=\"c8951a6\" data-element_type=\"widget\" data-widget_type=\"image.default\">\n<div class=\"elementor-widget-container\"><img loading=\"lazy\" class=\"attachment-medium_large size-medium_large wp-image-38241\" src=\"https:\/\/mahle-smartbike.com\/wp-content\/uploads\/2024\/06\/2024.04.30_MahleX30_byZubikoPhoto_2931_HighRes-2-1-768x512.jpg.webp\" sizes=\"(max-width: 768px) 100vw, 768px\" srcset=\"https:\/\/mahle-smartbike.com\/wp-content\/uploads\/2024\/06\/2024.04.30_MahleX30_byZubikoPhoto_2931_HighRes-2-1-768x512.jpg.webp 768w, https:\/\/mahle-smartbike.com\/wp-content\/uploads\/2024\/06\/2024.04.30_MahleX30_byZubikoPhoto_2931_HighRes-2-1-300x200.jpg.webp 300w, https:\/\/mahle-smartbike.com\/wp-content\/uploads\/2024\/06\/2024.04.30_MahleX30_byZubikoPhoto_2931_HighRes-2-1-1024x683.jpg.webp 1024w, https:\/\/mahle-smartbike.com\/wp-content\/uploads\/2024\/06\/2024.04.30_MahleX30_byZubikoPhoto_2931_HighRes-2-1-1536x1024.jpg.webp 1536w, https:\/\/mahle-smartbike.com\/wp-content\/uploads\/2024\/06\/2024.04.30_MahleX30_byZubikoPhoto_2931_HighRes-2-1-2048x1365.jpg.webp 2048w\" alt=\"\" width=\"768\" height=\"512\" \/><\/div>\n<\/div>\n<\/div>\n<\/div>\n<div class=\"elementor-column elementor-col-50 elementor-inner-column elementor-element elementor-element-52299ef\" data-id=\"52299ef\" data-element_type=\"column\">\n<div class=\"elementor-widget-wrap elementor-element-populated\">\n<div class=\"elementor-element elementor-element-82fc44f elementor-widget elementor-widget-heading\" data-id=\"82fc44f\" data-element_type=\"widget\" data-widget_type=\"heading.default\">\n<div class=\"elementor-widget-container\">\n<h4 class=\"elementor-heading-title elementor-size-default\">Diversi\u00f3n para Toda la Familia<\/h4>\n<\/div>\n<\/div>\n<div class=\"elementor-element elementor-element-afca7bd elementor-widget elementor-widget-text-editor\" data-id=\"afca7bd\" data-element_type=\"widget\" data-widget_type=\"text-editor.default\">\n<div class=\"elementor-widget-container\">\n<p>La nueva eBike de Husqvarna es m\u00e1s que un simple medio de transporte; es una puerta de entrada a la diversi\u00f3n y la aventura para toda la familia. Dise\u00f1ada para traer sonrisas y emoci\u00f3n, la Young Cross eBike es el compa\u00f1ero perfecto para las salidas familiares y las exploraciones al aire libre.<\/p>\n<p>Con su construcci\u00f3n robusta y caracter\u00edsticas emocionantes, alienta a los j\u00f3venes a abrazar el viaje, haciendo de cada paseo una aventura.<\/p>\n<\/div>\n<\/div>\n<\/div>\n<\/div>\n<\/div>\n<\/section>\n<\/div>\n<\/div>\n<\/div>\n<\/section>\n<section class=\"elementor-section elementor-top-section elementor-element elementor-element-3230832 elementor-section-boxed elementor-section-height-default elementor-section-height-default\" data-id=\"3230832\" data-element_type=\"section\">\n<div class=\"elementor-container elementor-column-gap-default\">\n<div class=\"elementor-column elementor-col-100 elementor-top-column elementor-element elementor-element-bbacd6f\" data-id=\"bbacd6f\" data-element_type=\"column\">\n<div class=\"elementor-widget-wrap elementor-element-populated\">\n<section class=\"elementor-section elementor-inner-section elementor-element elementor-element-0aebc10 elementor-reverse-mobile_extra elementor-reverse-mobile elementor-section-content-middle elementor-section-full_width elementor-section-height-default elementor-section-height-default\" data-id=\"0aebc10\" data-element_type=\"section\">\n<div class=\"elementor-container elementor-column-gap-extended\">\n<div class=\"elementor-column elementor-col-50 elementor-inner-column elementor-element elementor-element-eb7dd6b\" data-id=\"eb7dd6b\" data-element_type=\"column\">\n<div class=\"elementor-widget-wrap elementor-element-populated\">\n<div class=\"elementor-element elementor-element-a896449 elementor-widget elementor-widget-heading\" data-id=\"a896449\" data-element_type=\"widget\" data-widget_type=\"heading.default\">\n<div class=\"elementor-widget-container\">\n<h4 class=\"elementor-heading-title elementor-size-default\">Excelencia en Seguridad y Dise\u00f1o<\/h4>\n<\/div>\n<\/div>\n<div class=\"elementor-element elementor-element-dbfdff3 elementor-widget elementor-widget-text-editor\" data-id=\"dbfdff3\" data-element_type=\"widget\" data-widget_type=\"text-editor.default\">\n<div class=\"elementor-widget-container\">\n<p>La seguridad y la conducci\u00f3n intuitiva son el coraz\u00f3n de la Young Cross eBike de Husqvarna. Cuenta con un dise\u00f1o fresco y llamativo que a los ni\u00f1os les encanta, junto con caracter\u00edsticas hechas a medida que aseguran tanto la seguridad como la comodidad. El dise\u00f1o distintivo de la bicicleta y el motor robusto la hacen una opci\u00f3n confiable para cualquier terreno, mientras que el l\u00edmite de peso de 100 kg asegura durabilidad y longevidad. Con el potente sistema X30, los j\u00f3venes ciclistas pueden sentirse confiados y empoderados mientras exploran su mundo.<\/p>\n<p>La Husqvarna Young Cross eBike establece un nuevo est\u00e1ndar para las eBikes juveniles, combinando est\u00e9tica, rendimiento y seguridad. \u00a1Prep\u00e1rate y deja que comience la diversi\u00f3n con la \u00faltima innovaci\u00f3n de Husqvarna!<\/p>\n<\/div>\n<\/div>\n<\/div>\n<\/div>\n<\/div>\n<\/section>\n<\/div>\n<\/div>\n<\/div>\n<\/section>\n<\/div>\n<\/div>\n<\/div>\n<div class=\"product-features\">\n<div class=\"product-features__line\">\n<div class=\"product-features__label\">Tama\u00f1o:<\/div>\n<div class=\"product-features__value\">un tama\u00f1o<\/div>\n<\/div>\n<div class=\"product-features__line\">\n<div class=\"product-features__label\">Color:<\/div>\n<div class=\"product-features__value\">Amarillo<\/div>\n<\/div>\n<div class=\"product-features__line\">\n<div class=\"product-features__label\">Rueda de di\u00e1metro:<\/div>\n<div class=\"product-features__value\">24<\/div>\n<\/div>\n<div class=\"product-features__line\">\n<div class=\"product-features__label\">Velocidad de marcha:<\/div>\n<div class=\"product-features__value\">8<\/div>\n<\/div>\n<div class=\"product-features__line\">\n<div class=\"product-features__label\">G\u00e9nero:<\/div>\n<div class=\"product-features__value\">Ni\u00f1o<\/div>\n<\/div>\n<div class=\"product-features__line\">\n<div class=\"product-features__label\">Motor:<\/div>\n<div class=\"product-features__value\">Mahle-Ebikemotion<\/div>\n<\/div>\n<div class=\"product-features__line\">\n<div class=\"product-features__label\">Bater\u00eda (Wh):<\/div>\n<div class=\"product-features__value\">240<\/div>\n<\/div>\n<div class=\"product-features__line\">\n<div class=\"product-features__label\">Escursi\u00f3n (mm):<\/div>\n<div class=\"product-features__value\">80<\/div>\n<\/div>\n<div class=\"product-features__line\">\n<div class=\"product-features__label\">Tama\u00f1o:<\/div>\n<div class=\"product-features__value\">31<\/div>\n<\/div>\n<\/div>\n<div class=\"product-specs\">\n<p>La Young Cross 5 es la bicicleta el\u00e9ctrica perfecta para ciclistas j\u00f3venes. Mahle 6061, bater\u00eda integrada<br \/>\n&#8211; Motor: MAHLE Cargador: MAHLE Charger, 4 A<br \/>\n&#8211; Horquilla: RST First 24, Air, 80mm<br \/>\n&#8211; Amortiguador: \/<br \/>\n&#8211; Maneta de cambio: SRAM X4 8v<br \/>\n&#8211; Cambio: \/<br \/>\n&#8211; Mando de cambio: SRAM Freno delantero: Tektro HD-J285, Freno de disco hidr\u00e1ulico, 2 pistones<br \/>\n&#8211; Freno trasero: Tektro HD-J285, Freno de disco hidr\u00e1ulico, 2 pistones<br \/>\n&#8211; Discos : Tektro TR160-52, 160 mm, 6 agujeros<br \/>\n&#8211; Neum\u00e1tico delantero: Schwalbe Billy Bonkers, Performance 24&#215;2.00&#8243;<br \/>\n&#8211; Neum\u00e1tico trasero: Schwalbe Billy Bonkers, Performance 24&#215;2.00&#8243;<br \/>\n&#8211; Llantas: Brillantes DB-21<br \/>\n&#8211; Buje delantero: DA201FS08 , 6 agujeros, 9&#215;100 mm<br \/>\n&#8211; Buje trasero: MAHLE &#8211; Potencia: Husqvarna 31.8, 7\u00b0, Ahead<br \/>\n&#8211; Sill\u00edn: Husqvarna<br \/>\n&#8211; Tija de sill\u00edn: Husqvarna , 27,2mm, 300mm<br \/>\n&#8211; Peso m\u00e1ximo permitido: 100 kg<br \/>\n&#8211; Peso: 14, 6kg<\/p>\n<\/div>\n","protected":false},"excerpt":{"rendered":"<p>Husqvarna \u00a0Ebike Infantil Young Cross YC5 24\u00bb 80mm 8v 237wh Mahle X30 Amarillo Talla \u00fanica Husqvarna acaba de presentar su \u00faltima innovaci\u00f3n en el mundo de las eBikes: la Young Cross eBike, dise\u00f1ada espec\u00edficamente para los j\u00f3venes ciclistas. Este es un hito significativo ya que es la primera eBike de Husqvarna dise\u00f1ada para ni\u00f1os, combinando [&hellip;]<\/p>\n","protected":false},"featured_media":19233,"template":"","meta":{"_et_pb_use_builder":"","_et_pb_old_content":"","_et_gb_content_width":""},"product_cat":[30,107],"product_tag":[66,108],"_links":{"self":[{"href":"https:\/\/difrenos.com\/index.php\/wp-json\/wp\/v2\/product\/19232"}],"collection":[{"href":"https:\/\/difrenos.com\/index.php\/wp-json\/wp\/v2\/product"}],"about":[{"href":"https:\/\/difrenos.com\/index.php\/wp-json\/wp\/v2\/types\/product"}],"wp:featuredmedia":[{"embeddable":true,"href":"https:\/\/difrenos.com\/index.php\/wp-json\/wp\/v2\/media\/19233"}],"wp:attachment":[{"href":"https:\/\/difrenos.com\/index.php\/wp-json\/wp\/v2\/media?parent=19232"}],"wp:term":[{"taxonomy":"product_cat","embeddable":true,"href":"https:\/\/difrenos.com\/index.php\/wp-json\/wp\/v2\/product_cat?post=19232"},{"taxonomy":"product_tag","embeddable":true,"href":"https:\/\/difrenos.com\/index.php\/wp-json\/wp\/v2\/product_tag?post=19232"}],"curies":[{"name":"wp","href":"https:\/\/api.w.org\/{rel}","templated":true}]}}