{"id":19230,"date":"2025-04-15T14:16:34","date_gmt":"2025-04-15T14:16:34","guid":{"rendered":"https:\/\/difrenos.com\/?post_type=product&#038;p=19230"},"modified":"2026-03-18T11:56:23","modified_gmt":"2026-03-18T11:56:23","slug":"husqvarna-ebike-hc-3-talla-s","status":"publish","type":"product","link":"https:\/\/difrenos.com\/index.php\/producto\/husqvarna-ebike-hc-3-talla-s\/","title":{"rendered":"HUSQVARNA HC3 TALLA S 80 KILOMETROS"},"content":{"rendered":"<h1 class=\"product-main__title d-none d-lg-block\">Husqvarna \u00a0Hard Cross HC3 29\/27.5\u00bb 180mm 12v 630Wh Shimano EP600 Blanco\/Azul 2024 Talla S<\/h1>\n<div class=\"product-details\">\n<div class=\"rd-container\">\n<div class=\"row justify-content-center\">\n<div class=\"col-12 col-sm-10 col-xl-8\">\n<div class=\"product-details__text\">\n<p>Ideal para parques de bicicletas, senderos de enduro y subidas m\u00e1s t\u00e9cnicas, es un escalador c\u00f3modo y eficiente para cuando decides conectar varios senderos. Equipada con el nuevo Shimano EP6, as\u00ed como con una horquilla RockShox ZEB Select de 180 mm y un amortiguador trasero Super Deluxe Select+, la HC3 no se detiene ante nada.<\/p>\n<\/div>\n<\/div>\n<\/div>\n<\/div>\n<\/div>\n<div class=\"\" data-tabs=\"\">\n<div class=\"sliders m-0\" data-slider=\"tabs\">\n<div class=\"swiper swiper-initialized swiper-horizontal swiper-pointer-events swiper-backface-hidden\">\n<div class=\"swiper-wrapper\">\n<div class=\"swiper-slide swiper-slide-active\">\n<div class=\"tab tab--active\" data-tab=\"descrizione\">Descripci\u00f3n<\/div>\n<\/div>\n<div class=\"swiper-slide swiper-slide-next\">\n<div class=\"tab\" data-tab=\"recensioni\">Rese\u00f1as (0)<\/div>\n<\/div>\n<div class=\"swiper-slide\">\n<div class=\"tab\" data-tab=\"contattaci\">Cont\u00e1ctenos<\/div>\n<\/div>\n<div class=\"swiper-slide\">\n<div class=\"tab\" data-tab=\"sicurezza\">Seguridad<\/div>\n<\/div>\n<\/div>\n<\/div>\n<\/div>\n<div class=\"rd-container\">\n<div class=\"row\">\n<div class=\"col-12\">\n<div class=\"tab-content tab-content--active\" data-tab-content=\"descrizione\">\n<div class=\"product-features\">\n<div class=\"product-features__line\">\n<div class=\"product-features__label\">Tama\u00f1o:<\/div>\n<div class=\"product-features__value\">S<\/div>\n<\/div>\n<div class=\"product-features__line\">\n<div class=\"product-features__label\">Color:<\/div>\n<div class=\"product-features__value\">Blanco azul<\/div>\n<\/div>\n<div class=\"product-features__line\">\n<div class=\"product-features__label\">Rueda de di\u00e1metro:<\/div>\n<div class=\"product-features__value\">29\/27.5<\/div>\n<\/div>\n<div class=\"product-features__line\">\n<div class=\"product-features__label\">Velocidad de marcha:<\/div>\n<div class=\"product-features__value\">12<\/div>\n<\/div>\n<div class=\"product-features__line\">\n<div class=\"product-features__label\">G\u00e9nero:<\/div>\n<div class=\"product-features__value\">Unisexo<\/div>\n<\/div>\n<div class=\"product-features__line\">\n<div class=\"product-features__label\">Motor:<\/div>\n<div class=\"product-features__value\">Shimano<\/div>\n<\/div>\n<div class=\"product-features__line\">\n<div class=\"product-features__label\">Bater\u00eda (Wh):<\/div>\n<div class=\"product-features__value\">630<\/div>\n<\/div>\n<div class=\"product-features__line\">\n<div class=\"product-features__label\">Escursi\u00f3n (mm):<\/div>\n<div class=\"product-features__value\">180<\/div>\n<\/div>\n<div class=\"product-features__line\">\n<div class=\"product-features__label\">Tama\u00f1o:<\/div>\n<div class=\"product-features__value\">41<\/div>\n<\/div>\n<\/div>\n<div class=\"product-specs\">\n<p>&#8211; Cuadro: 29\/27,5&#8243;, Aleaci\u00f3n 6061, bater\u00eda integrada, Boost, 170 mm<br \/>\n&#8211; Motor: Shimano EP6, DU-EP600, 250 W, 85 Nm<br \/>\n&#8211; Pantalla: Shimano SC-EN600, Pantalla LCD, Bluetooth + Shimano SW-EN600-L<br \/>\n&#8211; Bater\u00eda: Core S1+, 630 Wh, 36 V, 17,5 Ah<br \/>\n&#8211; Cargador: Charger S, 4 A<br \/>\n&#8211; Horquilla: RockShox ZEB Select, DebonAir, Aria, 180 mm, c\u00f3nico<br \/>\n&#8211; Amortiguador: RockShox Super Deluxe Select+, Aria, 230&#215;65 mm<br \/>\n&#8211; Maneta de cambio: SRAM GX Eagle, 12v<br \/>\n&#8211; Desviador: \/<br \/>\n&#8211; Maneta de cambio: SRAM GX Eagle, Single Click<br \/>\n&#8211; Juego de pi\u00f1ones: SRAM PG-1230, 11-50T, 12v<br \/>\n&#8211; Cadena: SRAM GX Eagle<br \/>\n&#8211; Plato: Husqvarna, Narrow Wide, 34T<br \/>\n&#8211; Bielas: Shimano FC -EM600, Aluminio forjado, Shimano EP24<br \/>\n&#8211; Freno delantero: SRAM G2 R, Freno de disco hidr\u00e1ulico, 4 pistones<br \/>\n&#8211; Freno trasero: SRAM G2 R, Freno de disco hidr\u00e1ulico, 4 pistones<br \/>\n&#8211; Discos: SRAM Centerline , 200 mm, 6 agujeros \/ SRAM Centerline, 200 mm, 6 agujeros<br \/>\n&#8211; Neum\u00e1tico delantero: Schwalbe Magic Mary, Evolution, 62-622, 29&#215;2.4, Tubeless Ready<br \/>\n&#8211; Neum\u00e1tico trasero: Schwalbe Hans Dampf, Evolution , 65-584, 27.5&#215;2.6, Tubeless Ready<br \/>\n&#8211; Llantas: NEWMEN Evolution E.G, Tubeless Ready<br \/>\n&#8211; Buje delantero: NEWMEN Evolution E.G, 6 agujeros, 15&#215;110 mm, eje pasante<br \/>\n&#8211; Buje trasero: NEWMEN Evolution E.G, 6 agujeros, 12&#215;148 mm, Eje pasante, Microspline<br \/>\n&#8211; Manillar: Husqvarna Riser 35 mm, 780 mm, Barrido: 9\u00b0, Rise: 20 mm<br \/>\n&#8211; Potencia: Husqvarna 35, 0\u00b0<br \/>\n&#8211; Sill\u00edn: Husqvarna MTB<br \/>\n&#8211; Tija de sill\u00edn: Husqvarna 31.6, Telesc\u00f3pica<br \/>\n&#8211; Peso m\u00e1ximo permitido: 130 kg<br \/>\n&#8211; Peso: 24,6 kg<\/p>\n<\/div>\n<\/div>\n<\/div>\n<\/div>\n<\/div>\n<\/div>\n","protected":false},"excerpt":{"rendered":"<p>Husqvarna \u00a0Hard Cross HC3 29\/27.5\u00bb 180mm 12v 630Wh Shimano EP600 Blanco\/Azul 2024 Talla S Ideal para parques de bicicletas, senderos de enduro y subidas m\u00e1s t\u00e9cnicas, es un escalador c\u00f3modo y eficiente para cuando decides conectar varios senderos. Equipada con el nuevo Shimano EP6, as\u00ed como con una horquilla RockShox ZEB Select de 180 mm [&hellip;]<\/p>\n","protected":false},"featured_media":19231,"template":"","meta":{"_et_pb_use_builder":"","_et_pb_old_content":"","_et_gb_content_width":""},"product_cat":[30,107],"product_tag":[],"_links":{"self":[{"href":"https:\/\/difrenos.com\/index.php\/wp-json\/wp\/v2\/product\/19230"}],"collection":[{"href":"https:\/\/difrenos.com\/index.php\/wp-json\/wp\/v2\/product"}],"about":[{"href":"https:\/\/difrenos.com\/index.php\/wp-json\/wp\/v2\/types\/product"}],"wp:featuredmedia":[{"embeddable":true,"href":"https:\/\/difrenos.com\/index.php\/wp-json\/wp\/v2\/media\/19231"}],"wp:attachment":[{"href":"https:\/\/difrenos.com\/index.php\/wp-json\/wp\/v2\/media?parent=19230"}],"wp:term":[{"taxonomy":"product_cat","embeddable":true,"href":"https:\/\/difrenos.com\/index.php\/wp-json\/wp\/v2\/product_cat?post=19230"},{"taxonomy":"product_tag","embeddable":true,"href":"https:\/\/difrenos.com\/index.php\/wp-json\/wp\/v2\/product_tag?post=19230"}],"curies":[{"name":"wp","href":"https:\/\/api.w.org\/{rel}","templated":true}]}}