{"id":19218,"date":"2025-04-15T13:15:25","date_gmt":"2025-04-15T13:15:25","guid":{"rendered":"https:\/\/difrenos.com\/?post_type=product&#038;p=19218"},"modified":"2026-02-18T14:09:23","modified_gmt":"2026-02-18T14:09:23","slug":"guantes-seventy-winter-touring","status":"publish","type":"product","link":"https:\/\/difrenos.com\/index.php\/producto\/guantes-seventy-winter-touring\/","title":{"rendered":"Guantes Seventy Winter Touring"},"content":{"rendered":"<p>Referencias:<br \/>\nSD13001166 Talla L<br \/>\nSD13001167 Talla XL<\/p>\n<ul>\n<li>Guantes de invierno para ciudad y carretera<\/li>\n<li>Cubren por encima de la chaqueta<\/li>\n<li>Fabricados en piel sint\u00e9tica<\/li>\n<li>Ajustable con cierre de velcro en la zona de la mu\u00f1eca<\/li>\n<li>Protecci\u00f3n flexible en los nudillos<\/li>\n<li>Refuerzo protector en la palma<\/li>\n<\/ul>\n","protected":false},"excerpt":{"rendered":"<p>Referencias: SD13001166 Talla L SD13001167 Talla XL Guantes de invierno para ciudad y carretera Cubren por encima de la chaqueta Fabricados en piel sint\u00e9tica Ajustable con cierre de velcro en la zona de la mu\u00f1eca Protecci\u00f3n flexible en los nudillos Refuerzo protector en la palma<\/p>\n","protected":false},"featured_media":23191,"template":"","meta":{"_et_pb_use_builder":"","_et_pb_old_content":"","_et_gb_content_width":""},"product_cat":[33,230,100],"product_tag":[41,670],"_links":{"self":[{"href":"https:\/\/difrenos.com\/index.php\/wp-json\/wp\/v2\/product\/19218"}],"collection":[{"href":"https:\/\/difrenos.com\/index.php\/wp-json\/wp\/v2\/product"}],"about":[{"href":"https:\/\/difrenos.com\/index.php\/wp-json\/wp\/v2\/types\/product"}],"wp:featuredmedia":[{"embeddable":true,"href":"https:\/\/difrenos.com\/index.php\/wp-json\/wp\/v2\/media\/23191"}],"wp:attachment":[{"href":"https:\/\/difrenos.com\/index.php\/wp-json\/wp\/v2\/media?parent=19218"}],"wp:term":[{"taxonomy":"product_cat","embeddable":true,"href":"https:\/\/difrenos.com\/index.php\/wp-json\/wp\/v2\/product_cat?post=19218"},{"taxonomy":"product_tag","embeddable":true,"href":"https:\/\/difrenos.com\/index.php\/wp-json\/wp\/v2\/product_tag?post=19218"}],"curies":[{"name":"wp","href":"https:\/\/api.w.org\/{rel}","templated":true}]}}