{"id":19115,"date":"2025-04-09T09:19:03","date_gmt":"2025-04-09T09:19:03","guid":{"rendered":"https:\/\/difrenos.com\/?post_type=product&#038;p=19115"},"modified":"2026-04-23T10:08:05","modified_gmt":"2026-04-23T10:08:05","slug":"django-classic-hot-color-125cc-2025","status":"publish","type":"product","link":"https:\/\/difrenos.com\/index.php\/producto\/django-classic-hot-color-125cc-2025\/","title":{"rendered":"Peugeot Django 125cc Classic Hot Color 2025"},"content":{"rendered":"<h1 class=\"product-intro__title\">DJANGO CLASSIC HOT COLOR 125<\/h1>\n<div class=\"product-intro__subtitle\"><b>\u00a1BIENVENID@ AL EXCITANTE MUNDO DEL DJANGO HOT COLOR!<\/b><\/div>\n<div class=\"valign__middle\">\n<p class=\"product-intro__text\">\u00bfTienes ganas de diferenciarte, reafirmarte y divertirte? El Django Classic Hot Color 125cc es tu compa\u00f1ero ideal. \u00a1Gracias a su estilo que no pasa de moda y a su paleta de colores vivos y exclusivos, tu Django se convertir\u00e1 en un importante accesorio de tu estilo!<\/p>\n<p><strong>Motor<\/strong><\/p>\n<ul>\n<li>Norma: Euro 5+<\/li>\n<li>Motorizaci\u00f3n: EasyMotion 125<\/li>\n<li>Tipo : Monocil\u00edndrico 4 Tiempos<\/li>\n<li>Cilindrada (cc) : 124.6<\/li>\n<li>Alimentaci\u00f3n: inyecci\u00f3n electr\u00f3nica<\/li>\n<li>Di\u00e1metro x Carrera (mm x mm): \u00a0 52,4 x 57,8<\/li>\n<li>Refrigeraci\u00f3n: L\u00edquida<\/li>\n<li>Potencia max (kW) : 7.5<\/li>\n<li>Potencia max (cv): 10,2<\/li>\n<li>Potencia max (rpm) : 8500<\/li>\n<li>Par max (Nm): 8,9<\/li>\n<li>Par max (rpm) : 7000<\/li>\n<li>Vmax (km\/h): 90<\/li>\n<li>Consumo (L): 2.9<\/li>\n<li>Distribuci\u00f3n : 2 v\u00e1lvulas<\/li>\n<li>Transmisi\u00f3n: por correa<\/li>\n<li>\u00a0Autonom\u00eda (km): 300<\/li>\n<\/ul>\n<p>&nbsp;<\/p>\n<p><strong>Dimensiones<\/strong><\/p>\n<ul>\n<li>Largo (mm): 1925<\/li>\n<li>Ancho (mm) : 710<\/li>\n<li>Alto (mm): 1190<\/li>\n<li>Distancia entre ejes (mm): 1350<\/li>\n<li>Altura de sill\u00edn (mm) : 770<\/li>\n<li>Dep\u00f3sito de gasolina (L): 8,5<\/li>\n<li>Peso en seco (kg): 129<\/li>\n<li>Peso en seco (Orden de marcha) (kg): 137<\/li>\n<\/ul>\n<p><strong>Ciclo \u00a0 \u00a0 \u00a0\u00a0<\/strong><\/p>\n<ul>\n<li>Suspensi\u00f3n delantera: horquilla telesc\u00f3pica \u00f8 40 mm<\/li>\n<li>Suspensi\u00f3n trasera: Amortiguador hidr\u00e1ulico \u00d8 53 mm, regulable 5 posiciones<\/li>\n<li>Tipo de frenada: \u00a0SBC<\/li>\n<li>Tipo de freno delantero: Disco<\/li>\n<li>Di\u00e1metro freno delantero (mm): 190<\/li>\n<li>Neum\u00e1tico delantero (mm\/%-pulg): 120\/70-12<\/li>\n<li>Neum\u00e1tico trasero (mm\/%-pulg): \u00a0120\/70-12<\/li>\n<\/ul>\n<p data-empty=\"true\"><strong>Equipamiento<\/strong><\/p>\n<ul>\n<li>Equipamiento: Centrale : s\u00ed \/ lateral: con contactor<\/li>\n<li>Maletero bajo asiento: 1 casco jet con pantalla<\/li>\n<li>Maletero port\u00f3n: NO<\/li>\n<li>Guantera: 2 Guantera con cierre<\/li>\n<li>Gancho cuelgabolso: Retra\u00edble sobre escudo interno<\/li>\n<li>Guantera sin cierre: NO<\/li>\n<li>Toma de alimentaci\u00f3n: 12V en la guantera<\/li>\n<li>Cuadro de instrumentos: Semi-Digital<\/li>\n<\/ul>\n<\/div>\n","protected":false},"excerpt":{"rendered":"<p>FINANCIACION DESDE 79\u20ac AL MES (sujeto a aprobaci\u00f3n de Santander Consumer)<\/p>\n<p>&nbsp;<\/p>\n","protected":false},"featured_media":19116,"template":"","meta":{"_et_pb_use_builder":"","_et_pb_old_content":"","_et_gb_content_width":""},"product_cat":[213,129,151],"product_tag":[415,454],"_links":{"self":[{"href":"https:\/\/difrenos.com\/index.php\/wp-json\/wp\/v2\/product\/19115"}],"collection":[{"href":"https:\/\/difrenos.com\/index.php\/wp-json\/wp\/v2\/product"}],"about":[{"href":"https:\/\/difrenos.com\/index.php\/wp-json\/wp\/v2\/types\/product"}],"wp:featuredmedia":[{"embeddable":true,"href":"https:\/\/difrenos.com\/index.php\/wp-json\/wp\/v2\/media\/19116"}],"wp:attachment":[{"href":"https:\/\/difrenos.com\/index.php\/wp-json\/wp\/v2\/media?parent=19115"}],"wp:term":[{"taxonomy":"product_cat","embeddable":true,"href":"https:\/\/difrenos.com\/index.php\/wp-json\/wp\/v2\/product_cat?post=19115"},{"taxonomy":"product_tag","embeddable":true,"href":"https:\/\/difrenos.com\/index.php\/wp-json\/wp\/v2\/product_tag?post=19115"}],"curies":[{"name":"wp","href":"https:\/\/api.w.org\/{rel}","templated":true}]}}