{"id":19102,"date":"2025-04-08T20:40:27","date_gmt":"2025-04-08T20:40:27","guid":{"rendered":"https:\/\/difrenos.com\/?post_type=product&#038;p=19102"},"modified":"2026-03-03T15:24:19","modified_gmt":"2026-03-03T15:24:19","slug":"19102","status":"publish","type":"product","link":"https:\/\/difrenos.com\/index.php\/producto\/19102\/","title":{"rendered":"Stand caballete Husqvarna EDrive"},"content":{"rendered":"<div id=\"twister_feature_div\" class=\"celwidget\" data-feature-name=\"twister\" data-csa-c-type=\"widget\" data-csa-c-content-id=\"twister\" data-csa-c-slot-id=\"twister_feature_div\" data-csa-c-asin=\"B0C4LY1PTS\" data-csa-c-is-in-initial-active-row=\"false\" data-csa-c-id=\"2pv2ub-btdxjx-qygayk-1qaicm\" data-cel-widget=\"twister_feature_div\">\n<div id=\"twister-plus-desktop-twister-container\" class=\"a-cardui-deck inline-twister-container-margins\" data-csa-c-content-id=\"twister-plus-inline-twister-container\" data-csa-c-slot-id=\"twister-plus-inline-twister-container\" data-csa-c-type=\"slot\" data-csa-c-id=\"6etpwv-as6z1o-bjq769-ohtxsj\">\n<div id=\"twister-plus-inline-twister-card\" class=\"a-cardui inline-twister-card-padding\" data-a-card-type=\"basic\">\n<div class=\"a-cardui-body\">\n<div id=\"twister-plus-inline-twister\" class=\"a-section\">\n<div id=\"inline-twister-singleton-header-size_name\" class=\"a-section a-spacing-none inline-twister-singleton-header\"><span id=\"inline-twister-expanded-dimension-text-size_name\" class=\"a-size-base inline-twister-dim-title-value-truncate a-text-bold\">Referencia: 3HS220065600<\/span><\/div>\n<\/div>\n<\/div>\n<\/div>\n<\/div>\n<\/div>\n<div id=\"bundles_feature_div\" class=\"celwidget\" data-feature-name=\"bundles\" data-csa-c-type=\"widget\" data-csa-c-content-id=\"bundles\" data-csa-c-slot-id=\"bundles_feature_div\" data-csa-c-asin=\"B0C4LY1PTS\" data-csa-c-is-in-initial-active-row=\"false\" data-csa-c-id=\"p7g1vf-1ope16-hvuwc9-7b90oq\" data-cel-widget=\"bundles_feature_div\"><\/div>\n<div id=\"featurebullets_feature_div\" class=\"celwidget\" data-feature-name=\"featurebullets\" data-csa-c-type=\"widget\" data-csa-c-content-id=\"featurebullets\" data-csa-c-slot-id=\"featurebullets_feature_div\" data-csa-c-asin=\"B0C4LY1PTS\" data-csa-c-is-in-initial-active-row=\"false\" data-csa-c-id=\"mbdwrg-l2fiuw-8z4juf-nolsan\" data-cel-widget=\"featurebullets_feature_div\">\n<div id=\"feature-bullets\" class=\"a-section a-spacing-medium a-spacing-top-small\">\n<ul class=\"a-unordered-list a-vertical a-spacing-mini\">\n<li class=\"a-spacing-mini\"><span class=\"a-list-item\">accesorio t\u00e9cnico original de Husqvarna Motorcycles Factory SpareParts dise\u00f1ado y dise\u00f1ado<\/span><\/li>\n<li class=\"a-spacing-mini\"><span class=\"a-list-item\">Capacidad m\u00e1xima de peso aprox. 18 kg,<\/span><\/li>\n<li class=\"a-spacing-mini\"><span class=\"a-list-item\">Soporte inspirado en Moto<\/span><\/li>\n<li class=\"a-spacing-mini\"><span class=\"a-list-item\">Requiere montaje<\/span><\/li>\n<li class=\"a-spacing-mini\"><span class=\"a-list-item\">100% polipropileno<\/span><\/li>\n<\/ul>\n<\/div>\n<\/div>\n","protected":false},"excerpt":{"rendered":"<p>Referencia: 3HS220065600 accesorio t\u00e9cnico original de Husqvarna Motorcycles Factory SpareParts dise\u00f1ado y dise\u00f1ado Capacidad m\u00e1xima de peso aprox. 18 kg, Soporte inspirado en Moto Requiere montaje 100% polipropileno<\/p>\n","protected":false},"featured_media":19103,"template":"","meta":{"_et_pb_use_builder":"","_et_pb_old_content":"","_et_gb_content_width":""},"product_cat":[706,216,33,797,426,701,116,170],"product_tag":[108],"_links":{"self":[{"href":"https:\/\/difrenos.com\/index.php\/wp-json\/wp\/v2\/product\/19102"}],"collection":[{"href":"https:\/\/difrenos.com\/index.php\/wp-json\/wp\/v2\/product"}],"about":[{"href":"https:\/\/difrenos.com\/index.php\/wp-json\/wp\/v2\/types\/product"}],"wp:featuredmedia":[{"embeddable":true,"href":"https:\/\/difrenos.com\/index.php\/wp-json\/wp\/v2\/media\/19103"}],"wp:attachment":[{"href":"https:\/\/difrenos.com\/index.php\/wp-json\/wp\/v2\/media?parent=19102"}],"wp:term":[{"taxonomy":"product_cat","embeddable":true,"href":"https:\/\/difrenos.com\/index.php\/wp-json\/wp\/v2\/product_cat?post=19102"},{"taxonomy":"product_tag","embeddable":true,"href":"https:\/\/difrenos.com\/index.php\/wp-json\/wp\/v2\/product_tag?post=19102"}],"curies":[{"name":"wp","href":"https:\/\/api.w.org\/{rel}","templated":true}]}}