{"id":19078,"date":"2025-04-08T06:43:26","date_gmt":"2025-04-08T06:43:26","guid":{"rendered":"https:\/\/difrenos.com\/?post_type=product&#038;p=19078"},"modified":"2025-04-08T06:43:55","modified_gmt":"2025-04-08T06:43:55","slug":"joes-liquido-sellante-5-litros","status":"publish","type":"product","link":"https:\/\/difrenos.com\/index.php\/producto\/joes-liquido-sellante-5-litros\/","title":{"rendered":"JOE\u00b4S LIQUIDO SELLANTE 5 LITROS"},"content":{"rendered":"<p>El\u00a0<strong>Joe&#8217;s L\u00edquido Sellante Tubeless MTB<\/strong>\u00a0es adecuado para\u00a0<strong>neum\u00e1ticos tubeless, tubulares y c\u00e1maras<\/strong>, brind\u00e1ndote la flexibilidad que necesitas para tus diferentes configuraciones de bicicleta. Adem\u00e1s, es\u00a0<strong>compatible con el uso de CO2<\/strong>, lo que permite un inflado r\u00e1pido y eficiente en situaciones de emergencia. Dise\u00f1ado con precisi\u00f3n, act\u00faa de manera eficaz para reparar perforaciones de hasta 6 mm, manteniendo tus neum\u00e1ticos seguros y listos para rodar en pocos segundos.<\/p>\n","protected":false},"excerpt":{"rendered":"<p>El\u00a0Joe&#8217;s L\u00edquido Sellante Tubeless MTB\u00a0es adecuado para\u00a0neum\u00e1ticos tubeless, tubulares y c\u00e1maras, brind\u00e1ndote la flexibilidad que necesitas para tus diferentes configuraciones de bicicleta. Adem\u00e1s, es\u00a0compatible con el uso de CO2, lo que permite un inflado r\u00e1pido y eficiente en situaciones de emergencia. Dise\u00f1ado con precisi\u00f3n, act\u00faa de manera eficaz para reparar perforaciones de hasta 6 mm, [&hellip;]<\/p>\n","protected":false},"featured_media":19079,"template":"","meta":{"_et_pb_use_builder":"","_et_pb_old_content":"","_et_gb_content_width":""},"product_cat":[616,170],"product_tag":[],"_links":{"self":[{"href":"https:\/\/difrenos.com\/index.php\/wp-json\/wp\/v2\/product\/19078"}],"collection":[{"href":"https:\/\/difrenos.com\/index.php\/wp-json\/wp\/v2\/product"}],"about":[{"href":"https:\/\/difrenos.com\/index.php\/wp-json\/wp\/v2\/types\/product"}],"wp:featuredmedia":[{"embeddable":true,"href":"https:\/\/difrenos.com\/index.php\/wp-json\/wp\/v2\/media\/19079"}],"wp:attachment":[{"href":"https:\/\/difrenos.com\/index.php\/wp-json\/wp\/v2\/media?parent=19078"}],"wp:term":[{"taxonomy":"product_cat","embeddable":true,"href":"https:\/\/difrenos.com\/index.php\/wp-json\/wp\/v2\/product_cat?post=19078"},{"taxonomy":"product_tag","embeddable":true,"href":"https:\/\/difrenos.com\/index.php\/wp-json\/wp\/v2\/product_tag?post=19078"}],"curies":[{"name":"wp","href":"https:\/\/api.w.org\/{rel}","templated":true}]}}