{"id":19053,"date":"2025-04-04T10:08:32","date_gmt":"2025-04-04T10:08:32","guid":{"rendered":"https:\/\/difrenos.com\/?post_type=product&#038;p=19053"},"modified":"2025-12-04T12:26:35","modified_gmt":"2025-12-04T12:26:35","slug":"antirrobo-artago-manillar-practic-cap-para-peugeot-citystar","status":"publish","type":"product","link":"https:\/\/difrenos.com\/index.php\/producto\/antirrobo-artago-manillar-practic-cap-para-peugeot-citystar\/","title":{"rendered":"Antirrobo manillar Artago Practic Cap Peugeot Citystar"},"content":{"rendered":"<p>REF. 1556CAP<\/p>\n<p>Car\u00e1cter\u00edsticas:<\/p>\n<ul>\n<li>El sistema de seguridad m\u00e1s r\u00e1pido y practico , no necesitas agacharte para cerrarlo , ni te ensuciar\u00e1s las manos , ya que no estas en contacto ni con el suelo , ni con el disco de la moto.<\/li>\n<li>Ganaras espacio en el baul de la moto , ya que podr\u00e1s usar el antirrobo para dejar el casco.<\/li>\n<li>Para todas las vespas menos chasis bocolo<\/li>\n<li>Totalmente integrado<\/li>\n<li>Cerradura con click system<\/li>\n<li>Cuenta con 2 llaves reversibles<\/li>\n<\/ul>\n","protected":false},"excerpt":{"rendered":"<p>Para Peugeot Citystar<\/p>\n","protected":false},"featured_media":0,"template":"","meta":{"_et_pb_use_builder":"","_et_pb_old_content":"","_et_gb_content_width":""},"product_cat":[215,713,33],"product_tag":[624,454],"_links":{"self":[{"href":"https:\/\/difrenos.com\/index.php\/wp-json\/wp\/v2\/product\/19053"}],"collection":[{"href":"https:\/\/difrenos.com\/index.php\/wp-json\/wp\/v2\/product"}],"about":[{"href":"https:\/\/difrenos.com\/index.php\/wp-json\/wp\/v2\/types\/product"}],"wp:attachment":[{"href":"https:\/\/difrenos.com\/index.php\/wp-json\/wp\/v2\/media?parent=19053"}],"wp:term":[{"taxonomy":"product_cat","embeddable":true,"href":"https:\/\/difrenos.com\/index.php\/wp-json\/wp\/v2\/product_cat?post=19053"},{"taxonomy":"product_tag","embeddable":true,"href":"https:\/\/difrenos.com\/index.php\/wp-json\/wp\/v2\/product_tag?post=19053"}],"curies":[{"name":"wp","href":"https:\/\/api.w.org\/{rel}","templated":true}]}}