{"id":19011,"date":"2025-04-03T11:32:26","date_gmt":"2025-04-03T11:32:26","guid":{"rendered":"https:\/\/difrenos.com\/?post_type=product&#038;p=19011"},"modified":"2025-09-22T09:19:05","modified_gmt":"2025-09-22T09:19:05","slug":"antirrobo-manillar-clm-para-sym-symphony","status":"publish","type":"product","link":"https:\/\/difrenos.com\/index.php\/producto\/antirrobo-manillar-clm-para-sym-symphony\/","title":{"rendered":"Antirrobo Manillar CLM para SYM 125cc SYMPHONY"},"content":{"rendered":"<p>Referencia: 5728816<\/p>\n<ul>\n<li style=\"list-style-type: none;\">\n<ul>\n<li><strong>Cabezal giratorio<\/strong><\/li>\n<li>Fabricado en acero.<\/li>\n<\/ul>\n<\/li>\n<\/ul>\n<ul>\n<li style=\"list-style-type: none;\">\n<ul>\n<li>Buena flexibilidad de giro para mayor comodidad durante el uso del antirrobo.<\/li>\n<\/ul>\n<\/li>\n<\/ul>\n<ul>\n<li style=\"list-style-type: none;\">\n<ul>\n<li><strong>Cable interior de acero<\/strong><\/li>\n<li>Di\u00e1metro de 5 mm.<\/li>\n<\/ul>\n<\/li>\n<\/ul>\n<ul>\n<li style=\"list-style-type: none;\">\n<ul>\n<li>Resistente a m\u00e1s de una tonelada de tracci\u00f3n.<\/li>\n<\/ul>\n<\/li>\n<\/ul>\n<ul>\n<li style=\"list-style-type: none;\">\n<ul>\n<li>Protegido con r\u00f3tulas de acero de 22 mm de di\u00e1metro y 1.5 mm de grosor.<\/li>\n<\/ul>\n<\/li>\n<\/ul>\n<ul>\n<li style=\"list-style-type: none;\">\n<ul>\n<li><strong>Sistema de pivote de manillar<\/strong><\/li>\n<li>Con contrapesos de acero.<\/li>\n<\/ul>\n<\/li>\n<\/ul>\n<ul>\n<li style=\"list-style-type: none;\">\n<ul>\n<li>Dise\u00f1ado para resistir maza (no es giratorio).<\/li>\n<\/ul>\n<\/li>\n<\/ul>\n<ul>\n<li style=\"list-style-type: none;\">\n<ul>\n<li><strong>Cerradura de alta seguridad<\/strong><\/li>\n<li>STS con llave plana de puntos o llave serreta.<\/li>\n<\/ul>\n<\/li>\n<\/ul>\n<ul>\n<li style=\"list-style-type: none;\">\n<ul>\n<li>Soporta 30,000 ciclos.<\/li>\n<\/ul>\n<\/li>\n<\/ul>\n<ul>\n<li style=\"list-style-type: none;\">\n<ul>\n<li><strong>Soporte de fijaci\u00f3n<\/strong><\/li>\n<li>Fabricado en chapa de 3 mm.<\/li>\n<\/ul>\n<\/li>\n<\/ul>\n<p>&nbsp;<\/p>\n","protected":false},"excerpt":{"rendered":"<p>Referencia: 5728816 Cabezal giratorio Fabricado en acero. Buena flexibilidad de giro para mayor comodidad durante el uso del antirrobo. Cable interior de acero Di\u00e1metro de 5 mm. Resistente a m\u00e1s de una tonelada de tracci\u00f3n. Protegido con r\u00f3tulas de acero de 22 mm de di\u00e1metro y 1.5 mm de grosor. Sistema de pivote de manillar [&hellip;]<\/p>\n","protected":false},"featured_media":19013,"template":"","meta":{"_et_pb_use_builder":"","_et_pb_old_content":"","_et_gb_content_width":""},"product_cat":[215,713,33],"product_tag":[624,877],"_links":{"self":[{"href":"https:\/\/difrenos.com\/index.php\/wp-json\/wp\/v2\/product\/19011"}],"collection":[{"href":"https:\/\/difrenos.com\/index.php\/wp-json\/wp\/v2\/product"}],"about":[{"href":"https:\/\/difrenos.com\/index.php\/wp-json\/wp\/v2\/types\/product"}],"wp:featuredmedia":[{"embeddable":true,"href":"https:\/\/difrenos.com\/index.php\/wp-json\/wp\/v2\/media\/19013"}],"wp:attachment":[{"href":"https:\/\/difrenos.com\/index.php\/wp-json\/wp\/v2\/media?parent=19011"}],"wp:term":[{"taxonomy":"product_cat","embeddable":true,"href":"https:\/\/difrenos.com\/index.php\/wp-json\/wp\/v2\/product_cat?post=19011"},{"taxonomy":"product_tag","embeddable":true,"href":"https:\/\/difrenos.com\/index.php\/wp-json\/wp\/v2\/product_tag?post=19011"}],"curies":[{"name":"wp","href":"https:\/\/api.w.org\/{rel}","templated":true}]}}