{"id":18994,"date":"2025-04-02T11:50:05","date_gmt":"2025-04-02T11:50:05","guid":{"rendered":"https:\/\/difrenos.com\/?post_type=product&#038;p=18994"},"modified":"2026-02-16T13:29:33","modified_gmt":"2026-02-16T13:29:33","slug":"18994","status":"publish","type":"product","link":"https:\/\/difrenos.com\/index.php\/producto\/18994\/","title":{"rendered":"Antirrobo Luma 7700 170cm S\u00f3lido Flex"},"content":{"rendered":"<p>Blindaje total del cuerpo de cierre, grosor del blindaje 5 mm. Doble mecanismo de cierre con bolas de acero. Cerradura de 10 discos con llave reversible. Resistencia m\u00e1xima a la tracci\u00f3n, roscado cuerpo-cable. Cable de acero protegido por r\u00f3tulas de acero cementado, grosor de la r\u00f3tula 2.5 mm. Anti-taladro \/ Anti-ganz\u00faa. Protecci\u00f3n anti-humedad. Tracci\u00f3n 4.5 Tn. Longitud 170 cms.<\/p>\n","protected":false},"excerpt":{"rendered":"<p>Blindaje total del cuerpo de cierre, grosor del blindaje 5 mm. Doble mecanismo de cierre con bolas de acero. Cerradura de 10 discos con llave reversible. Resistencia m\u00e1xima a la tracci\u00f3n, roscado cuerpo-cable. Cable de acero protegido por r\u00f3tulas de acero cementado, grosor de la r\u00f3tula 2.5 mm. Anti-taladro \/ Anti-ganz\u00faa. Protecci\u00f3n anti-humedad. Tracci\u00f3n 4.5 [&hellip;]<\/p>\n","protected":false},"featured_media":18993,"template":"","meta":{"_et_pb_use_builder":"","_et_pb_old_content":"","_et_gb_content_width":""},"product_cat":[713,33,714],"product_tag":[],"_links":{"self":[{"href":"https:\/\/difrenos.com\/index.php\/wp-json\/wp\/v2\/product\/18994"}],"collection":[{"href":"https:\/\/difrenos.com\/index.php\/wp-json\/wp\/v2\/product"}],"about":[{"href":"https:\/\/difrenos.com\/index.php\/wp-json\/wp\/v2\/types\/product"}],"wp:featuredmedia":[{"embeddable":true,"href":"https:\/\/difrenos.com\/index.php\/wp-json\/wp\/v2\/media\/18993"}],"wp:attachment":[{"href":"https:\/\/difrenos.com\/index.php\/wp-json\/wp\/v2\/media?parent=18994"}],"wp:term":[{"taxonomy":"product_cat","embeddable":true,"href":"https:\/\/difrenos.com\/index.php\/wp-json\/wp\/v2\/product_cat?post=18994"},{"taxonomy":"product_tag","embeddable":true,"href":"https:\/\/difrenos.com\/index.php\/wp-json\/wp\/v2\/product_tag?post=18994"}],"curies":[{"name":"wp","href":"https:\/\/api.w.org\/{rel}","templated":true}]}}