{"id":18989,"date":"2025-04-02T11:13:53","date_gmt":"2025-04-02T11:13:53","guid":{"rendered":"https:\/\/difrenos.com\/?post_type=product&#038;p=18989"},"modified":"2025-04-03T15:26:40","modified_gmt":"2025-04-03T15:26:40","slug":"clm-antirrobo-de-manillar-chic-llave-plana-peugeot-metropolis-400","status":"publish","type":"product","link":"https:\/\/difrenos.com\/index.php\/producto\/clm-antirrobo-de-manillar-chic-llave-plana-peugeot-metropolis-400\/","title":{"rendered":"CLM Antirrobo de Manillar CHIC llave plana Peugeot Metropolis 400"},"content":{"rendered":"<ul>\n<li><strong>Cabezal giratorio<\/strong>\n<ul>\n<li>Fabricado en acero.<\/li>\n<li>Buena flexibilidad de giro para mayor comodidad durante el uso del antirrobo.<\/li>\n<\/ul>\n<\/li>\n<li><strong>Cable interior de acero<\/strong>\n<ul>\n<li>Di\u00e1metro de 5 mm.<\/li>\n<li>Resistente a m\u00e1s de una tonelada de tracci\u00f3n.<\/li>\n<li>Protegido con r\u00f3tulas de acero de 22 mm de di\u00e1metro y 1.5 mm de grosor.<\/li>\n<\/ul>\n<\/li>\n<li><strong>Sistema de pivote de manillar<\/strong>\n<ul>\n<li>Con contrapesos de acero.<\/li>\n<li>Dise\u00f1ado para resistir maza (no es giratorio).<\/li>\n<\/ul>\n<\/li>\n<li><strong>Cerradura de alta seguridad<\/strong>\n<ul>\n<li>STS con llave plana de puntos o llave serreta.<\/li>\n<li>Soporta 30,000 ciclos.<\/li>\n<\/ul>\n<\/li>\n<li><strong>Soporte de fijaci\u00f3n<\/strong>\n<ul>\n<li>Fabricado en chapa de 3 mm.<\/li>\n<\/ul>\n<\/li>\n<\/ul>\n<p>Code: 5728766<\/p>\n","protected":false},"excerpt":{"rendered":"<p>Cabezal giratorio Fabricado en acero. Buena flexibilidad de giro para mayor comodidad durante el uso del antirrobo. Cable interior de acero Di\u00e1metro de 5 mm. Resistente a m\u00e1s de una tonelada de tracci\u00f3n. Protegido con r\u00f3tulas de acero de 22 mm de di\u00e1metro y 1.5 mm de grosor. Sistema de pivote de manillar Con contrapesos [&hellip;]<\/p>\n","protected":false},"featured_media":18990,"template":"","meta":{"_et_pb_use_builder":"","_et_pb_old_content":"","_et_gb_content_width":""},"product_cat":[713,33],"product_tag":[],"_links":{"self":[{"href":"https:\/\/difrenos.com\/index.php\/wp-json\/wp\/v2\/product\/18989"}],"collection":[{"href":"https:\/\/difrenos.com\/index.php\/wp-json\/wp\/v2\/product"}],"about":[{"href":"https:\/\/difrenos.com\/index.php\/wp-json\/wp\/v2\/types\/product"}],"wp:featuredmedia":[{"embeddable":true,"href":"https:\/\/difrenos.com\/index.php\/wp-json\/wp\/v2\/media\/18990"}],"wp:attachment":[{"href":"https:\/\/difrenos.com\/index.php\/wp-json\/wp\/v2\/media?parent=18989"}],"wp:term":[{"taxonomy":"product_cat","embeddable":true,"href":"https:\/\/difrenos.com\/index.php\/wp-json\/wp\/v2\/product_cat?post=18989"},{"taxonomy":"product_tag","embeddable":true,"href":"https:\/\/difrenos.com\/index.php\/wp-json\/wp\/v2\/product_tag?post=18989"}],"curies":[{"name":"wp","href":"https:\/\/api.w.org\/{rel}","templated":true}]}}