{"id":18759,"date":"2025-03-27T11:20:27","date_gmt":"2025-03-27T11:20:27","guid":{"rendered":"https:\/\/difrenos.com\/?post_type=product&#038;p=18759"},"modified":"2026-02-18T13:16:12","modified_gmt":"2026-02-18T13:16:12","slug":"casco-nzi-trendy-canadian","status":"publish","type":"product","link":"https:\/\/difrenos.com\/index.php\/producto\/casco-nzi-trendy-canadian\/","title":{"rendered":"Casco Nzi Trendy Canadian"},"content":{"rendered":"<p>Referencia: 8435611217851 Talla M<\/p>\n<p>Casco integral con un dise\u00f1o de carcasa rabiosamente deportivo y la garant\u00eda de NZI en lo que se refiere a seguridad y confort.<br \/>\nSe trata de un b\u00e1sico al que no le falta nada tanto para salir a las calles como para rutas cortas.<br \/>\nGr\u00e1ficas atrevidas y diferentes, que marcar\u00e1n tendencia entre los motociclistas m\u00e1s din\u00e1micos.<\/p>\n<p><strong>Seguridad<\/strong><\/p>\n<p>Carcasa o calotta de termopl\u00e1stico resistente a los impactos.<\/p>\n<p>Sistema para asegurar el cierre herm\u00e9tico del visor.<\/p>\n<p>Cierre microm\u00e9trico para un mejor ajuste de la sujeci\u00f3n.<\/p>\n<p>Elementos reflectantes en la parte trasera del casco para que seamos visibles a otros veh\u00edculos incluso en condiciones de baja luminosidad.<\/p>\n<p><strong>Confort<\/strong><\/p>\n<p>La pantalla tiene una primera posici\u00f3n para permitir que el aire fresco circule continuamente, es una gran ventaja para \u00e9pocas c\u00e1lidas y para evitar la formaci\u00f3n de vaho. Un canal especifico para los que usan gafas de vista aumenta su bienestar. El deflector inferior cierra perfectamente la entrada al viento evitando el ruido. Tiene un interior completamente desmontable y lavable.<\/p>\n<p>El sistema de ventilaci\u00f3n mantiene su cabeza atemperada y favorece su concentraci\u00f3n en la conducci\u00f3n. Peso liviano, gran confort.<\/p>\n<p><strong>Visi\u00f3n<\/strong><\/p>\n<p>La pantalla homologada es de policarbonato moldeado por inyecci\u00f3n.<\/p>\n<p>Su calidad \u00f3ptica y su resistencia a la rotura son excepcionales.<\/p>\n<p>Esta preparada para a\u00f1adir un film anti-vaho Pinlock.<\/p>\n","protected":false},"excerpt":{"rendered":"<p>Talla M<\/p>\n","protected":false},"featured_media":18760,"template":"","meta":{"_et_pb_use_builder":"","_et_pb_old_content":"","_et_gb_content_width":""},"product_cat":[33,227,43,269],"product_tag":[486,132,191],"_links":{"self":[{"href":"https:\/\/difrenos.com\/index.php\/wp-json\/wp\/v2\/product\/18759"}],"collection":[{"href":"https:\/\/difrenos.com\/index.php\/wp-json\/wp\/v2\/product"}],"about":[{"href":"https:\/\/difrenos.com\/index.php\/wp-json\/wp\/v2\/types\/product"}],"wp:featuredmedia":[{"embeddable":true,"href":"https:\/\/difrenos.com\/index.php\/wp-json\/wp\/v2\/media\/18760"}],"wp:attachment":[{"href":"https:\/\/difrenos.com\/index.php\/wp-json\/wp\/v2\/media?parent=18759"}],"wp:term":[{"taxonomy":"product_cat","embeddable":true,"href":"https:\/\/difrenos.com\/index.php\/wp-json\/wp\/v2\/product_cat?post=18759"},{"taxonomy":"product_tag","embeddable":true,"href":"https:\/\/difrenos.com\/index.php\/wp-json\/wp\/v2\/product_tag?post=18759"}],"curies":[{"name":"wp","href":"https:\/\/api.w.org\/{rel}","templated":true}]}}