{"id":18736,"date":"2025-03-26T15:44:34","date_gmt":"2025-03-26T15:44:34","guid":{"rendered":"https:\/\/difrenos.com\/?post_type=product&#038;p=18736"},"modified":"2026-03-03T15:34:51","modified_gmt":"2026-03-03T15:34:51","slug":"peugeot-kisbee-125-2025","status":"publish","type":"product","link":"https:\/\/difrenos.com\/index.php\/producto\/peugeot-kisbee-125-2025\/","title":{"rendered":"Peugeot Kisbee M 125 negro"},"content":{"rendered":"<p>Ligero, elegante y dise\u00f1ado para la ciudad, el Kisbee M es tu aliado ideal para una movilidad pr\u00e1ctica y con estilo. Equipado con ruedas altas de 16 pulgadas, un dise\u00f1o elegante y numerosos accesorios funcionales, encarna la promesa de la marca Kisbee by Peugeot Motocycles de ofrecer un veh\u00edculo fiable, maniobrable y accesible, adaptado a las exigencias del d\u00eda a d\u00eda. El KISBEE M es m\u00e1s que un medio de transporte, \u00a1es el compa\u00f1ero de confianza para tu d\u00eda a d\u00eda!<\/p>\n<div class=\"valign\">\n<div class=\"valign__middle\">\n<div class=\"focus__title\">Caracter\u00edsticas t\u00e9cnicas<\/div>\n<\/div>\n<\/div>\n<div class=\"accessory-menu\">\n<div class=\"tabs ui-tabs\">\n<div class=\"container\"><\/div>\n<\/div>\n<div class=\"ui-tab ui-tab--active\">\n<ul class=\"columns\">\n<li><span class=\"label\">Norma :\u00a0<\/span><span class=\"value\">\u20ac5+<\/span><\/li>\n<li><span class=\"label\">Homologaci\u00f3n :\u00a0<\/span><span class=\"value\">L3e-A1<\/span><\/li>\n<li><span class=\"label\">Motorizaci\u00f3n :\u00a0<\/span><span class=\"value\">EasyMotion 125<\/span><\/li>\n<li><span class=\"label\">Tipo :\u00a0<\/span><span class=\"value\">Monocil\u00edndrico 4 Tiempos<\/span><\/li>\n<li><span class=\"label\">Cilindrada (cc) :\u00a0<\/span><span class=\"value\">125<\/span><\/li>\n<li><span class=\"label\">Alimentaci\u00f3n :\u00a0<\/span><span class=\"value\">Inyecci\u00f3n electr\u00f3nica<\/span><\/li>\n<li><span class=\"label\">Carrera (mm x mm) :\u00a0<\/span><span class=\"value\">52,4 x 57,8<\/span><\/li>\n<li><span class=\"label\">Refrigeraci\u00f3n :\u00a0<\/span><span class=\"value\">Aire<\/span><\/li>\n<li><span class=\"label\">Distribuci\u00f3n :\u00a0<\/span><span class=\"value\">2 v\u00e1lvulas<\/span><\/li>\n<li><span class=\"label\">Lubricaci\u00f3n :\u00a0<\/span><span class=\"value\">Carter h\u00famedo<\/span><\/li>\n<li><span class=\"label\">Embrague :\u00a0<\/span><span class=\"value\">Centr\u00edfuga autom\u00e1tica<\/span><\/li>\n<li><span class=\"label\">Arranque :\u00a0<\/span><span class=\"value\">Motor el\u00e9ctrico<\/span><\/li>\n<li><span class=\"label\">Transmisi\u00f3n :\u00a0<\/span><span class=\"value\">Por correa<\/span><\/li>\n<li><span class=\"label\">Dep\u00f3sito de gasolina (L) :\u00a0<\/span><span class=\"value\">5.5<\/span><\/li>\n<li><\/li>\n<li>Financiaci\u00f3n de\u00a0KISBEE M 125.\u00a0<strong><u>Precio al\u00a0contado\u00a02.249,00\u00a0\u20ac<\/u>. Entrada 279,18 \u20ac. Plazo 48 meses, 1 cuota de 49,72 \u20ac y 47 cuotas de 49,00 \u20ac. Tipo Deudor 6,99%<u>\u00a0<\/u><\/strong><strong><u>T.A.E. 9,38%<\/u><\/strong><strong>\u00a0(La T.A.E., as\u00ed como la primera cuota podr\u00e1 variar ligeramente en funci\u00f3n del d\u00eda de la firma del contrato y de la fecha de pago de las cuotas). Comisi\u00f3n de Apertura 3,90 % 76,82 \u20ac Financiado.<\/strong>\u00a0Intereses 306,08 \u20ac,<strong>\u00a0Importe Total del Cr\u00e9dito 2.046,64 \u20ac, Coste Total del Cr\u00e9dito 382,90 \u20ac, Importe Total Adeudado 2.352,72 \u20ac,<u>\u00a0Precio Total a Plazos 2.631,90 \u20ac<\/u>. Siendo el d\u00eda de contrataci\u00f3n 01\/02\/2025 y primer pago el 02\/03\/2025.\u00a0Oferta v\u00e1lida hasta el 31\/10\/25.<\/strong>\u00a0Sistema de amortizaci\u00f3n Franc\u00e9s. Financiaci\u00f3n ofrecida, sujeta a estudio y aprobaci\u00f3n por parte de Santander Consumer Finance, S.A<\/li>\n<\/ul>\n<\/div>\n<\/div>\n","protected":false},"excerpt":{"rendered":"<p>PODEMOS COGER MOTO A CAMBIO<\/p>\n","protected":false},"featured_media":18740,"template":"","meta":{"_et_pb_use_builder":"","_et_pb_old_content":"","_et_gb_content_width":""},"product_cat":[129,151],"product_tag":[415,454],"_links":{"self":[{"href":"https:\/\/difrenos.com\/index.php\/wp-json\/wp\/v2\/product\/18736"}],"collection":[{"href":"https:\/\/difrenos.com\/index.php\/wp-json\/wp\/v2\/product"}],"about":[{"href":"https:\/\/difrenos.com\/index.php\/wp-json\/wp\/v2\/types\/product"}],"wp:featuredmedia":[{"embeddable":true,"href":"https:\/\/difrenos.com\/index.php\/wp-json\/wp\/v2\/media\/18740"}],"wp:attachment":[{"href":"https:\/\/difrenos.com\/index.php\/wp-json\/wp\/v2\/media?parent=18736"}],"wp:term":[{"taxonomy":"product_cat","embeddable":true,"href":"https:\/\/difrenos.com\/index.php\/wp-json\/wp\/v2\/product_cat?post=18736"},{"taxonomy":"product_tag","embeddable":true,"href":"https:\/\/difrenos.com\/index.php\/wp-json\/wp\/v2\/product_tag?post=18736"}],"curies":[{"name":"wp","href":"https:\/\/api.w.org\/{rel}","templated":true}]}}