{"id":18697,"date":"2025-03-26T12:36:04","date_gmt":"2025-03-26T12:36:04","guid":{"rendered":"https:\/\/difrenos.com\/?post_type=product&#038;p=18697"},"modified":"2026-02-16T13:06:23","modified_gmt":"2026-02-16T13:06:23","slug":"guantes-moore-road","status":"publish","type":"product","link":"https:\/\/difrenos.com\/index.php\/producto\/guantes-moore-road\/","title":{"rendered":"Guantes Lem Road"},"content":{"rendered":"<p>Referencias:<br \/>\nMR308NGS Talla S<br \/>\nMR308NGL Talla L<\/p>\n<ul>\n<li>Guantes de ciudad y carretera para entretiempo<\/li>\n<li>Protecciones flexibles en los nudillos<\/li>\n<li>Protecci\u00f3n r\u00edgida en la zona exterior de la palma<\/li>\n<li>Cierre de velcro en la mu\u00f1eca ajustable<\/li>\n<\/ul>\n","protected":false},"excerpt":{"rendered":"<p>Referencias: MR308NGS Talla S MR308NGL Talla L Guantes de ciudad y carretera para entretiempo Protecciones flexibles en los nudillos Protecci\u00f3n r\u00edgida en la zona exterior de la palma Cierre de velcro en la mu\u00f1eca ajustable<\/p>\n","protected":false},"featured_media":23162,"template":"","meta":{"_et_pb_use_builder":"","_et_pb_old_content":"","_et_gb_content_width":""},"product_cat":[33,230,100],"product_tag":[41,782],"_links":{"self":[{"href":"https:\/\/difrenos.com\/index.php\/wp-json\/wp\/v2\/product\/18697"}],"collection":[{"href":"https:\/\/difrenos.com\/index.php\/wp-json\/wp\/v2\/product"}],"about":[{"href":"https:\/\/difrenos.com\/index.php\/wp-json\/wp\/v2\/types\/product"}],"wp:featuredmedia":[{"embeddable":true,"href":"https:\/\/difrenos.com\/index.php\/wp-json\/wp\/v2\/media\/23162"}],"wp:attachment":[{"href":"https:\/\/difrenos.com\/index.php\/wp-json\/wp\/v2\/media?parent=18697"}],"wp:term":[{"taxonomy":"product_cat","embeddable":true,"href":"https:\/\/difrenos.com\/index.php\/wp-json\/wp\/v2\/product_cat?post=18697"},{"taxonomy":"product_tag","embeddable":true,"href":"https:\/\/difrenos.com\/index.php\/wp-json\/wp\/v2\/product_tag?post=18697"}],"curies":[{"name":"wp","href":"https:\/\/api.w.org\/{rel}","templated":true}]}}